{"id":153073,"date":"2021-01-15T12:34:38","date_gmt":"2021-01-15T12:34:38","guid":{"rendered":"https:\/\/codengine3.ch\/?product=import-placeholder-for-202253"},"modified":"2021-01-15T12:34:43","modified_gmt":"2021-01-15T12:34:43","slug":"oetzi-der-gletschermann-und-seine-welt","status":"publish","type":"product","link":"https:\/\/pizbube.ch\/en\/shop\/oetzi-der-gletschermann-und-seine-welt\/","title":{"rendered":"\u00d6tzi- der Gletschermann und seine Welt"},"content":{"rendered":"<p>Kriesch berichtet \u00fcber die bisherigen Erkenntnisse zum Mann im Eis und \u00fcber<br \/>\ndie skandal\u00f6sen Umst\u00e4nde der Bergung.<\/p>\n<p>An hand von Einzelheiten des Fundes zeichnet sie ein lebendiges Bild der Welt<br \/>\nvor 5000 Jahren.<\/p>","protected":false},"excerpt":{"rendered":"<p>Kriesch berichtet \u00fcber die bisherigen Erkenntnisse zum Mann im Eis und \u00fcber die skandal\u00f6sen Umst\u00e4nde der Bergung. An hand von Einzelheiten des Fundes zeichnet sie ein lebendiges Bild der Welt vor 5000 Jahren.<\/p>","protected":false},"featured_media":29631,"template":"","meta":[],"product_brand":[],"product_cat":[21542],"product_tag":[],"class_list":{"0":"post-153073","1":"product","2":"type-product","3":"status-publish","4":"has-post-thumbnail","6":"product_cat-sachbuecher-dokumentationen","7":"pa_autor-kriesch","8":"pa_erscheinungsjahr-21750","9":"pa_region-oesterreich","10":"pa_sprache-de","12":"first","13":"outofstock","14":"taxable","15":"shipping-taxable","16":"purchasable","17":"product-type-simple"},"_links":{"self":[{"href":"https:\/\/pizbube.ch\/en\/wp-json\/wp\/v2\/product\/153073","targetHints":{"allow":["GET"]}}],"collection":[{"href":"https:\/\/pizbube.ch\/en\/wp-json\/wp\/v2\/product"}],"about":[{"href":"https:\/\/pizbube.ch\/en\/wp-json\/wp\/v2\/types\/product"}],"wp:featuredmedia":[{"embeddable":true,"href":"https:\/\/pizbube.ch\/en\/wp-json\/wp\/v2\/media\/29631"}],"wp:attachment":[{"href":"https:\/\/pizbube.ch\/en\/wp-json\/wp\/v2\/media?parent=153073"}],"wp:term":[{"taxonomy":"product_brand","embeddable":true,"href":"https:\/\/pizbube.ch\/en\/wp-json\/wp\/v2\/product_brand?post=153073"},{"taxonomy":"product_cat","embeddable":true,"href":"https:\/\/pizbube.ch\/en\/wp-json\/wp\/v2\/product_cat?post=153073"},{"taxonomy":"product_tag","embeddable":true,"href":"https:\/\/pizbube.ch\/en\/wp-json\/wp\/v2\/product_tag?post=153073"}],"curies":[{"name":"wp","href":"https:\/\/api.w.org\/{rel}","templated":true}]}}