{"id":153074,"date":"2021-01-15T12:34:38","date_gmt":"2021-01-15T12:34:38","guid":{"rendered":"https:\/\/codengine3.ch\/?product=import-placeholder-for-203334"},"modified":"2021-01-15T14:22:16","modified_gmt":"2021-01-15T14:22:16","slug":"oetztaler-alpen","status":"publish","type":"product","link":"https:\/\/pizbube.ch\/en\/shop\/oetztaler-alpen\/","title":{"rendered":"\u00d6tztaler Alpen"},"content":{"rendered":"<p>Die \u00d6tztaler Alpen sind f\u00fcr viele Bergfreunde der Inbegriff hochalpiner<br \/>\nSzenerie und seit dem \u00d6tzi-Fund auch f\u00fcr hochalpine Arch\u00e4ologie. Ausgewiesene<br \/>\nKenner der \u00d6tztaler Alpen schreiben \u00fcber das Werden der Landschaft, die<br \/>\nSchwankungen der Gletscher, die Siedlungsgeschichte sowie die M\u00f6glichkeiten<br \/>\nzum Wandern, Bergsteigen, Eisklettern, Skitourengehen und zum Genie\u00dfen in<br \/>\ndieser vielf\u00e4ltigen Gebirgsgruppe. Ritschel zeigt die \u00d6tztaler Alpen mit<br \/>\nbestechend sch\u00f6nen Fotos aus allen Jahreszeiten und das aus oft ungew\u00f6hnlichen<br \/>\nBlickwinkeln. Dabei setzt er sowohl die gro\u00dfartigen Bergkulissen und den<br \/>\nAlpinismus als auch die kleinen Sensationen am Wegesrand auf faszinierende Art<br \/>\nin Szene. Farben, Formen und das immer wieder wechselnde Licht bieten dem Auge<br \/>\nreichlich Anregung und Abwechslung. Bilder und Texte machen Lust darauf,<br \/>\nselbst los zu ziehen. Auch wer ohne hochalpine Ambitionen auf Entdeckungstour<br \/>\ngehen will, findet in diesem Buch reichlich Anregung dazu.<\/p>","protected":false},"excerpt":{"rendered":"<p>Die \u00d6tztaler Alpen sind f\u00fcr viele Bergfreunde der Inbegriff hochalpiner Szenerie und seit dem \u00d6tzi-Fund auch f\u00fcr hochalpine Arch\u00e4ologie. Ausgewiesene Kenner der \u00d6tztaler Alpen schreiben \u00fcber das Werden der Landschaft, die Schwankungen der Gletscher, die Siedlungsgeschichte sowie die M\u00f6glichkeiten zum Wandern, Bergsteigen, Eisklettern, Skitourengehen und zum Genie\u00dfen in dieser vielf\u00e4ltigen Gebirgsgruppe. Ritschel zeigt die \u00d6tztaler [&#8230;]\n","protected":false},"featured_media":30921,"template":"","meta":[],"product_brand":[],"product_cat":[21542],"product_tag":[],"class_list":{"0":"post-153074","1":"product","2":"type-product","3":"status-publish","4":"has-post-thumbnail","6":"product_cat-sachbuecher-dokumentationen","7":"pa_autor-ritschel","8":"pa_erscheinungsjahr-21920","9":"pa_region-oesterreich","10":"pa_sprache-de","12":"first","13":"instock","14":"taxable","15":"shipping-taxable","16":"purchasable","17":"product-type-simple"},"_links":{"self":[{"href":"https:\/\/pizbube.ch\/en\/wp-json\/wp\/v2\/product\/153074","targetHints":{"allow":["GET"]}}],"collection":[{"href":"https:\/\/pizbube.ch\/en\/wp-json\/wp\/v2\/product"}],"about":[{"href":"https:\/\/pizbube.ch\/en\/wp-json\/wp\/v2\/types\/product"}],"wp:featuredmedia":[{"embeddable":true,"href":"https:\/\/pizbube.ch\/en\/wp-json\/wp\/v2\/media\/30921"}],"wp:attachment":[{"href":"https:\/\/pizbube.ch\/en\/wp-json\/wp\/v2\/media?parent=153074"}],"wp:term":[{"taxonomy":"product_brand","embeddable":true,"href":"https:\/\/pizbube.ch\/en\/wp-json\/wp\/v2\/product_brand?post=153074"},{"taxonomy":"product_cat","embeddable":true,"href":"https:\/\/pizbube.ch\/en\/wp-json\/wp\/v2\/product_cat?post=153074"},{"taxonomy":"product_tag","embeddable":true,"href":"https:\/\/pizbube.ch\/en\/wp-json\/wp\/v2\/product_tag?post=153074"}],"curies":[{"name":"wp","href":"https:\/\/api.w.org\/{rel}","templated":true}]}}