{"id":153075,"date":"2021-01-15T12:34:43","date_gmt":"2021-01-15T12:34:43","guid":{"rendered":"https:\/\/codengine3.ch\/?product=import-placeholder-for-202254"},"modified":"2026-03-05T09:29:00","modified_gmt":"2026-03-05T08:29:00","slug":"engelberg","status":"publish","type":"product","link":"https:\/\/pizbube.ch\/en\/shop\/engelberg\/","title":{"rendered":"engelberg"},"content":{"rendered":"<p>Aufw\u00e4ndig gestalteter, grossformatiger Fotoband \u00fcber das abgeschlossene Bergtal mit dem Titlis als Hausberg.<\/p>\n<p>Matter does matter. Der Schneefirn am Titlis, Trudi braungebrannt, Licht, Luft, Sonne verbunden mit Geschwindigkeit und Sauberkeit der Form &#8211; das Engelberg aus der Hochzeit der Schweizer Graphik geh\u00f6rte Herbert Matter (1907-1984): Photo und Graphik, konsequente Kleinschreibweise, Plakat mit Panorama oder Portr\u00e4t, Collage, V-Effekte via Negativ-Positiv-Spiele sowie Ausfl\u00fcge ins Gesamtkunstwerk, als Matter 1930 das Tearoom der Eltern \u00e0 la El Lissitzky ausgestaltet: Lounging avant la lettre.<\/p>\n<p>Lange hat niemand das Erbe des Gestalters angenommen. Engelberg blieb hinter dem Postkartenblick unbesehen. Jetzt aber \u00e4ndert sich das. Eine Gruppe hiesiger und fremder Photographen, Graphiker, Autoren f\u00fchlen dem aktuellen Engelberger Geist und den Engelbergern aus f\u00fcnf Kontinenten erneut den Puls der Zeit.<\/p>\n<p>Das Photokonzept von Derek Li Wan Po (Mauritius und Kanada) und Daniel Infanger (Engelberg und Basel) pendelt zwischen aussen und innen, zwischen Hochsaison und Bergstation, zwischen gl\u00fccklich eingefahrenen Portr\u00e4ts und recherchierten Indoor- und Pleinairszenerien. Der Vektor reicht vom Savoir vivre bis zur Kur, schliesst das Leben der Einheimischen, Gastarbeiter und G\u00e4ste in die Einheit von Zeit und Ort mit ein: Wohnungen, K\u00fcchen, Bahnen, das Kloster, die Disco und als unverkennbares Buchzeichen die Berge zwischen 1999 und 2000. \u2013 Juri Steiner<\/p>\n<p>252 Seiten, 23&#215;29 cm, Gewicht: 2000 g.<\/p>","protected":false},"excerpt":{"rendered":"<p>Aufw\u00e4ndig gestalteter, grossformatiger Fotoband \u00fcber das abgeschlossene Bergtal mit dem Titlis als Hausberg. Matter does matter. Der Schneefirn am Titlis, Trudi braungebrannt, Licht, Luft, Sonne verbunden mit Geschwindigkeit und Sauberkeit der Form &#8211; das Engelberg aus der Hochzeit der Schweizer Graphik geh\u00f6rte Herbert Matter (1907-1984): Photo und Graphik, konsequente Kleinschreibweise, Plakat mit Panorama oder Portr\u00e4t, [&#8230;]\n","protected":false},"featured_media":173814,"template":"","meta":[],"product_brand":[],"product_cat":[21542],"product_tag":[],"class_list":{"0":"post-153075","1":"product","2":"type-product","3":"status-publish","4":"has-post-thumbnail","6":"product_cat-sachbuecher-dokumentationen","7":"pa_autor-infanger-li-wan-po-dardas","8":"pa_erscheinungsjahr-21750","9":"pa_region-schweiz","10":"pa_sprache-d","11":"pa_sprache-e","13":"first","14":"outofstock","15":"taxable","16":"shipping-taxable","17":"purchasable","18":"product-type-simple"},"_links":{"self":[{"href":"https:\/\/pizbube.ch\/en\/wp-json\/wp\/v2\/product\/153075","targetHints":{"allow":["GET"]}}],"collection":[{"href":"https:\/\/pizbube.ch\/en\/wp-json\/wp\/v2\/product"}],"about":[{"href":"https:\/\/pizbube.ch\/en\/wp-json\/wp\/v2\/types\/product"}],"wp:featuredmedia":[{"embeddable":true,"href":"https:\/\/pizbube.ch\/en\/wp-json\/wp\/v2\/media\/173814"}],"wp:attachment":[{"href":"https:\/\/pizbube.ch\/en\/wp-json\/wp\/v2\/media?parent=153075"}],"wp:term":[{"taxonomy":"product_brand","embeddable":true,"href":"https:\/\/pizbube.ch\/en\/wp-json\/wp\/v2\/product_brand?post=153075"},{"taxonomy":"product_cat","embeddable":true,"href":"https:\/\/pizbube.ch\/en\/wp-json\/wp\/v2\/product_cat?post=153075"},{"taxonomy":"product_tag","embeddable":true,"href":"https:\/\/pizbube.ch\/en\/wp-json\/wp\/v2\/product_tag?post=153075"}],"curies":[{"name":"wp","href":"https:\/\/api.w.org\/{rel}","templated":true}]}}