{"id":153078,"date":"2021-01-15T12:34:44","date_gmt":"2021-01-15T12:34:44","guid":{"rendered":"https:\/\/codengine3.ch\/?product=import-placeholder-for-205108"},"modified":"2023-06-29T12:44:45","modified_gmt":"2023-06-29T10:44:45","slug":"escalade-autour-de-lyon","status":"publish","type":"product","link":"https:\/\/pizbube.ch\/en\/shop\/escalade-autour-de-lyon\/","title":{"rendered":"Escalade autour de Lyon"},"content":{"rendered":"<p>3e \u00e9dition du Topo &#171;Escalade autour de Lyon&#187; avec 196 pages de lignes \u00e0 gravir.<\/p>\n<p>Cette 3\u00e8me \u00e9dition recense de mani\u00e8re exhaustive les 16 sites d\u2019escalade les plus proches de la capitale des Gaules. Pour chaque site, un plan d\u2019acc\u00e8s est d\u00e9taill\u00e9. Les voies sont trac\u00e9es sur les photos des falaises ou des blocs. 11 sites d\u2019escalade situ\u00e9s sur des d\u00e9partements limitrophes du Rh\u00f4ne sont pr\u00e9sent\u00e9s dans cette \u00e9dition augment\u00e9e.<\/p>\n<p>Au programme : Riverie, Saint Symphorien sur Coise, Yzeron (bloc), Roche Mazura, Saint Genis les Olli\u00e8res (bloc), La croix du Ban, Couzon, Curis au mont d&#8217;or, Limas, Pin Bouchain, Neuville sur Ain, Vertrieu, Hi\u00e8res sur Amby, Jardin Villevocance, Le Saut du Gier (grandes voies) + 11 sites pr\u00e9sent\u00e9s : Remigny (71), Vergisson (71), Solutr\u00e9 (71), La grotte de l&#8217;\u00e9cureuil (01), Parves (01), La balme de Yenne (73), Les roches qui dansent (bloc) (26), Vernosc (07), Doizieux (42), Corbi\u00e8re Via ferrata (42) et Saint Symphorien de Lay (42).<\/p>\n<p>&#171;L&#8217;Escalade Autour de Lyon&#187; est un must-have pour tous les grimpeurs qui souhaitent d\u00e9couvrir les falaises \u00e0 proximit\u00e9 de la capitale des Gaules. Le topo recense 16 sites d&#8217;escalade, tous styles confondus : couennes, blocs ainsi que les sites de grandes voies un peu plus \u00e9loign\u00e9s pour une \u00e9chapp\u00e9e apr\u00e8s le travail ou lors d&#8217;un week-end dans le Rh\u00f4ne. Le guide comporte les cotations des voies, l&#8217;acc\u00e8s et l&#8217;\u00e9quipement \u00e0 pr\u00e9voir. Les photos illustr\u00e9es vous permettront de choisir votre itin\u00e9raire. En d&#8217;autres termes, un ouvrage indispensable pour faire ses armes en blocs et en falaise \u00e0 l&#8217;arriv\u00e9e des beaux jours.<\/p>\n<p>196 pages<\/p>","protected":false},"excerpt":{"rendered":"<p>3e \u00e9dition du Topo &#171;Escalade autour de Lyon&#187; avec 196 pages de lignes \u00e0 gravir. Cette 3\u00e8me \u00e9dition recense de mani\u00e8re exhaustive les 16 sites d\u2019escalade les plus proches de la capitale des Gaules. Pour chaque site, un plan d\u2019acc\u00e8s est d\u00e9taill\u00e9. Les voies sont trac\u00e9es sur les photos des falaises ou des blocs. 11 [&#8230;]\n","protected":false},"featured_media":168312,"template":"","meta":[],"product_brand":[],"product_cat":[21539],"product_tag":[],"class_list":{"0":"post-153078","1":"product","2":"type-product","3":"status-publish","4":"has-post-thumbnail","6":"product_cat-fuehrerliteratur-sportklettern-bouldern","7":"pa_autor-ffme","8":"pa_erscheinungsjahr-21546","9":"pa_region-frankreich","10":"pa_sprache-f","12":"first","13":"instock","14":"taxable","15":"shipping-taxable","16":"purchasable","17":"product-type-simple"},"_links":{"self":[{"href":"https:\/\/pizbube.ch\/en\/wp-json\/wp\/v2\/product\/153078","targetHints":{"allow":["GET"]}}],"collection":[{"href":"https:\/\/pizbube.ch\/en\/wp-json\/wp\/v2\/product"}],"about":[{"href":"https:\/\/pizbube.ch\/en\/wp-json\/wp\/v2\/types\/product"}],"wp:featuredmedia":[{"embeddable":true,"href":"https:\/\/pizbube.ch\/en\/wp-json\/wp\/v2\/media\/168312"}],"wp:attachment":[{"href":"https:\/\/pizbube.ch\/en\/wp-json\/wp\/v2\/media?parent=153078"}],"wp:term":[{"taxonomy":"product_brand","embeddable":true,"href":"https:\/\/pizbube.ch\/en\/wp-json\/wp\/v2\/product_brand?post=153078"},{"taxonomy":"product_cat","embeddable":true,"href":"https:\/\/pizbube.ch\/en\/wp-json\/wp\/v2\/product_cat?post=153078"},{"taxonomy":"product_tag","embeddable":true,"href":"https:\/\/pizbube.ch\/en\/wp-json\/wp\/v2\/product_tag?post=153078"}],"curies":[{"name":"wp","href":"https:\/\/api.w.org\/{rel}","templated":true}]}}