{"id":153087,"date":"2021-01-15T12:34:45","date_gmt":"2021-01-15T12:34:45","guid":{"rendered":"https:\/\/codengine3.ch\/?product=import-placeholder-for-205958"},"modified":"2021-01-15T14:45:14","modified_gmt":"2021-01-15T14:45:14","slug":"lawine-blattform-fuer-schnee-und-lawinen-des-tiroler-winterwarndienstes-08-09","status":"publish","type":"product","link":"https:\/\/pizbube.ch\/en\/shop\/lawine-blattform-fuer-schnee-und-lawinen-des-tiroler-winterwarndienstes-08-09\/","title":{"rendered":"lawine (blatt)form f\u00fcr Schnee und Lawinen des Tiroler Winterwarndienstes 08\/09"},"content":{"rendered":"<p>Grafisch ansprechend gestaltete Fachzeitschrift mit ausgew\u00e4hlten Artikeln. Die<br \/>\nArtikel spannen einen Bogen \u00fcber den gesamten Winter und sind derart<br \/>\naufbereitet, dass sie unabh\u00e4ngig voneinander in beliebiger Reihenfolge gelesen<br \/>\nwerden k\u00f6nnen. Eine lehrreiche, praxisnahe Dokumentation des abgelaufenen<br \/>\nWinters. In diesem Bericht sind die Unf\u00e4lle mit Unterst\u00fctzung von<br \/>\nKartenausschnitten, Bildern und tabellarischen Zusammenfassungen \u00fcber das<br \/>\nWettergeschehen und \u00fcber die Lawinen dargestellt.<br \/>\n188 Seiten  <\/p>","protected":false},"excerpt":{"rendered":"<p>Grafisch ansprechend gestaltete Fachzeitschrift mit ausgew\u00e4hlten Artikeln. Die Artikel spannen einen Bogen \u00fcber den gesamten Winter und sind derart aufbereitet, dass sie unabh\u00e4ngig voneinander in beliebiger Reihenfolge gelesen werden k\u00f6nnen. Eine lehrreiche, praxisnahe Dokumentation des abgelaufenen Winters. In diesem Bericht sind die Unf\u00e4lle mit Unterst\u00fctzung von Kartenausschnitten, Bildern und tabellarischen Zusammenfassungen \u00fcber das Wettergeschehen und [&#8230;]\n","protected":false},"featured_media":34822,"template":"","meta":[],"product_brand":[],"product_cat":[21542],"product_tag":[],"class_list":{"0":"post-153087","1":"product","2":"type-product","3":"status-publish","4":"has-post-thumbnail","6":"product_cat-sachbuecher-dokumentationen","7":"pa_autor-nairz","8":"pa_erscheinungsjahr-21693","9":"pa_region-oesterreich","10":"pa_sprache-de","12":"first","13":"instock","14":"taxable","15":"shipping-taxable","16":"purchasable","17":"product-type-simple"},"_links":{"self":[{"href":"https:\/\/pizbube.ch\/en\/wp-json\/wp\/v2\/product\/153087","targetHints":{"allow":["GET"]}}],"collection":[{"href":"https:\/\/pizbube.ch\/en\/wp-json\/wp\/v2\/product"}],"about":[{"href":"https:\/\/pizbube.ch\/en\/wp-json\/wp\/v2\/types\/product"}],"wp:featuredmedia":[{"embeddable":true,"href":"https:\/\/pizbube.ch\/en\/wp-json\/wp\/v2\/media\/34822"}],"wp:attachment":[{"href":"https:\/\/pizbube.ch\/en\/wp-json\/wp\/v2\/media?parent=153087"}],"wp:term":[{"taxonomy":"product_brand","embeddable":true,"href":"https:\/\/pizbube.ch\/en\/wp-json\/wp\/v2\/product_brand?post=153087"},{"taxonomy":"product_cat","embeddable":true,"href":"https:\/\/pizbube.ch\/en\/wp-json\/wp\/v2\/product_cat?post=153087"},{"taxonomy":"product_tag","embeddable":true,"href":"https:\/\/pizbube.ch\/en\/wp-json\/wp\/v2\/product_tag?post=153087"}],"curies":[{"name":"wp","href":"https:\/\/api.w.org\/{rel}","templated":true}]}}