{"id":153091,"date":"2021-01-15T12:34:46","date_gmt":"2021-01-15T12:34:46","guid":{"rendered":"https:\/\/codengine3.ch\/?product=import-placeholder-for-205991"},"modified":"2021-01-15T14:45:32","modified_gmt":"2021-01-15T14:45:32","slug":"den-lille-snoskredboka","status":"publish","type":"product","link":"https:\/\/pizbube.ch\/en\/shop\/den-lille-snoskredboka\/","title":{"rendered":"Den lille sn\u00f8skredboka"},"content":{"rendered":"<p>NY OG ENDA BEDRE UTGAVE!<br \/>\nDen lille sn\u00f8skredboka er for alle som b\u00f8r kunne noe om sn\u00f8skred!<br \/>\nP\u00e5 en enkel m\u00e5te l\u00e6rer boka deg alt det du trenger &#8211; enten du g\u00e5r p\u00e5 fjellski,<br \/>\nkj\u00f8rer sn\u00f8skuter, klatrer eller g\u00e5r p\u00e5 topptur. Boka er lettlest, liten og<br \/>\nbillig &#8211; og egner seg b\u00e5de for dem som kan lite og mye om sn\u00f8skred. Den lille<br \/>\nsn\u00f8skredboka er skrevet av skredekspert Kjetil Brattlien som har komprimert<br \/>\nviktige deler av sin kunnskap og erfaring, og formidlet det p\u00e5 en enkel og<br \/>\nforst\u00e5elig m\u00e5te.  <\/p>","protected":false},"excerpt":{"rendered":"<p>NY OG ENDA BEDRE UTGAVE! Den lille sn\u00f8skredboka er for alle som b\u00f8r kunne noe om sn\u00f8skred! P\u00e5 en enkel m\u00e5te l\u00e6rer boka deg alt det du trenger &#8211; enten du g\u00e5r p\u00e5 fjellski, kj\u00f8rer sn\u00f8skuter, klatrer eller g\u00e5r p\u00e5 topptur. Boka er lettlest, liten og billig &#8211; og egner seg b\u00e5de for dem som [&#8230;]\n","protected":false},"featured_media":34869,"template":"","meta":[],"product_brand":[],"product_cat":[21538],"product_tag":[],"class_list":{"0":"post-153091","1":"product","2":"type-product","3":"status-publish","4":"has-post-thumbnail","6":"product_cat-lehrbuecher","7":"pa_autor-brattlien","8":"pa_erscheinungsjahr-21693","9":"pa_region-alpin-winter","10":"pa_sprache-no","12":"first","13":"instock","14":"taxable","15":"shipping-taxable","16":"purchasable","17":"product-type-simple"},"_links":{"self":[{"href":"https:\/\/pizbube.ch\/en\/wp-json\/wp\/v2\/product\/153091","targetHints":{"allow":["GET"]}}],"collection":[{"href":"https:\/\/pizbube.ch\/en\/wp-json\/wp\/v2\/product"}],"about":[{"href":"https:\/\/pizbube.ch\/en\/wp-json\/wp\/v2\/types\/product"}],"wp:featuredmedia":[{"embeddable":true,"href":"https:\/\/pizbube.ch\/en\/wp-json\/wp\/v2\/media\/34869"}],"wp:attachment":[{"href":"https:\/\/pizbube.ch\/en\/wp-json\/wp\/v2\/media?parent=153091"}],"wp:term":[{"taxonomy":"product_brand","embeddable":true,"href":"https:\/\/pizbube.ch\/en\/wp-json\/wp\/v2\/product_brand?post=153091"},{"taxonomy":"product_cat","embeddable":true,"href":"https:\/\/pizbube.ch\/en\/wp-json\/wp\/v2\/product_cat?post=153091"},{"taxonomy":"product_tag","embeddable":true,"href":"https:\/\/pizbube.ch\/en\/wp-json\/wp\/v2\/product_tag?post=153091"}],"curies":[{"name":"wp","href":"https:\/\/api.w.org\/{rel}","templated":true}]}}