{"id":153094,"date":"2021-01-15T12:34:46","date_gmt":"2021-01-15T12:34:46","guid":{"rendered":"https:\/\/codengine3.ch\/?product=import-placeholder-for-207383"},"modified":"2024-06-14T11:27:32","modified_gmt":"2024-06-14T09:27:32","slug":"fiche-granite-10-aiguille-de-la-varappe-capucin-des-dorees","status":"publish","type":"product","link":"https:\/\/pizbube.ch\/en\/shop\/fiche-granite-10-aiguille-de-la-varappe-capucin-des-dorees\/","title":{"rendered":"Fiche Granite 10: Aiguille de la Varappe &#8211; Capucin des Dor\u00e9es"},"content":{"rendered":"<p>Toujours aux Aiguilles Dor\u00e9es, Michel Piola pr\u00e9sente le grand fr\u00e8re du secteur<br \/>\nEole.<\/p>\n<p>C&#8217;est donc au tour de &#171;notre&#187; Grand Capucin suisse, le Capucin des Dor\u00e9es &#8211;<br \/>\nbien visible sur la photo de couverture &#8211; de nous faire (tourner) de l\u2019\u0153il&#8230;<\/p>\n<p>A c\u00f4t\u00e9 des classiques du secteur (\u00e0 gauche toute = &#171;Strapontins du paradis&#187;<br \/>\n+ &#171;Chants du midi&#187;), vous aurez en primeur la description pr\u00e9cise de 2<br \/>\nautres fantastiques voies.<\/p>\n<p>A choix: la nouvelle &#171;La croisi\u00e8re s&#8217;amuse&#187; (16 longueurs \/ max 6b+) ou la<br \/>\nmythique car jamais encore d\u00e9voil\u00e9e &#171;Le sud, le soleil, la plage, les<br \/>\npalmiers&#187; (12 longueurs, max 6c+).<\/p>\n<p>A new form of topo:<br \/>\nleporello with the up-to-date climbing routes of Michel Piola!<br \/>\nPhoto topo with all the infos you need for climbing them&#8230;<\/p>","protected":false},"excerpt":{"rendered":"<p>Toujours aux Aiguilles Dor\u00e9es, Michel Piola pr\u00e9sente le grand fr\u00e8re du secteur Eole. C&#8217;est donc au tour de &#171;notre&#187; Grand Capucin suisse, le Capucin des Dor\u00e9es &#8211; bien visible sur la photo de couverture &#8211; de nous faire (tourner) de l\u2019\u0153il&#8230; A c\u00f4t\u00e9 des classiques du secteur (\u00e0 gauche toute = &#171;Strapontins du paradis&#187; + [&#8230;]\n","protected":false},"featured_media":173423,"template":"","meta":[],"product_brand":[],"product_cat":[21539],"product_tag":[],"class_list":{"0":"post-153094","1":"product","2":"type-product","3":"status-publish","4":"has-post-thumbnail","6":"product_cat-fuehrerliteratur-sportklettern-bouldern","7":"pa_autor-piola","8":"pa_erscheinungsjahr-21558","9":"pa_region-schweiz","10":"pa_sprache-fr-en","12":"first","13":"instock","14":"taxable","15":"shipping-taxable","16":"purchasable","17":"product-type-simple"},"_links":{"self":[{"href":"https:\/\/pizbube.ch\/en\/wp-json\/wp\/v2\/product\/153094","targetHints":{"allow":["GET"]}}],"collection":[{"href":"https:\/\/pizbube.ch\/en\/wp-json\/wp\/v2\/product"}],"about":[{"href":"https:\/\/pizbube.ch\/en\/wp-json\/wp\/v2\/types\/product"}],"wp:featuredmedia":[{"embeddable":true,"href":"https:\/\/pizbube.ch\/en\/wp-json\/wp\/v2\/media\/173423"}],"wp:attachment":[{"href":"https:\/\/pizbube.ch\/en\/wp-json\/wp\/v2\/media?parent=153094"}],"wp:term":[{"taxonomy":"product_brand","embeddable":true,"href":"https:\/\/pizbube.ch\/en\/wp-json\/wp\/v2\/product_brand?post=153094"},{"taxonomy":"product_cat","embeddable":true,"href":"https:\/\/pizbube.ch\/en\/wp-json\/wp\/v2\/product_cat?post=153094"},{"taxonomy":"product_tag","embeddable":true,"href":"https:\/\/pizbube.ch\/en\/wp-json\/wp\/v2\/product_tag?post=153094"}],"curies":[{"name":"wp","href":"https:\/\/api.w.org\/{rel}","templated":true}]}}