{"id":153095,"date":"2021-01-15T12:34:46","date_gmt":"2021-01-15T12:34:46","guid":{"rendered":"https:\/\/codengine3.ch\/?product=import-placeholder-for-207382"},"modified":"2024-06-14T11:13:42","modified_gmt":"2024-06-14T09:13:42","slug":"fiche-granite-9-aiguille-de-la-varappe-eole-danza-per-noi","status":"publish","type":"product","link":"https:\/\/pizbube.ch\/en\/shop\/fiche-granite-9-aiguille-de-la-varappe-eole-danza-per-noi\/","title":{"rendered":"Fiche Granite 9: Aiguille de la Varappe: \u00e9ole danza per noi"},"content":{"rendered":"<p>Pour notre (prochain) grand retour sur les hauteurs, rien de tel que de r\u00eaver<br \/>\nau plus beau granite du massif du Mt Blanc; aux Aiguilles Dor\u00e9es<\/p>\n<p>Les Aiguilles Dor\u00e9es en seront l&#8217;\u00e9crin, et l&#8217;Aiguille de la Varappe le joyau,<br \/>\navec sa grande face de plus de 400m de hauteur, plein soleil, plein bonheur.<\/p>\n<p>Apr\u00e8s 8 ans de r\u00e9\u00e9quipements (toutes les voies revisit\u00e9es, scell\u00e9es pour la<br \/>\nplupart, adapt\u00e9es au niveau des glaciers), mon secteur de c\u0153ur s\u2019appr\u00eate \u00e0<br \/>\nvivre une seconde jeunesse&#8230;<\/p>\n<p>A new form of topo:<br \/>\nLeporello of high quality paper (waterproof) with the up-to-date climbing<br \/>\nroutes of Michel Piola!<br \/>\nPhoto topo with all the infos you need for climbing them&#8230;<\/p>","protected":false},"excerpt":{"rendered":"<p>Pour notre (prochain) grand retour sur les hauteurs, rien de tel que de r\u00eaver au plus beau granite du massif du Mt Blanc; aux Aiguilles Dor\u00e9es Les Aiguilles Dor\u00e9es en seront l&#8217;\u00e9crin, et l&#8217;Aiguille de la Varappe le joyau, avec sa grande face de plus de 400m de hauteur, plein soleil, plein bonheur. Apr\u00e8s 8 [&#8230;]\n","protected":false},"featured_media":173415,"template":"","meta":[],"product_brand":[],"product_cat":[21539],"product_tag":[],"class_list":{"0":"post-153095","1":"product","2":"type-product","3":"status-publish","4":"has-post-thumbnail","6":"product_cat-fuehrerliteratur-sportklettern-bouldern","7":"pa_autor-piola","8":"pa_erscheinungsjahr-21558","9":"pa_region-schweiz","10":"pa_sprache-fr-en","12":"first","13":"instock","14":"taxable","15":"shipping-taxable","16":"purchasable","17":"product-type-simple"},"_links":{"self":[{"href":"https:\/\/pizbube.ch\/en\/wp-json\/wp\/v2\/product\/153095","targetHints":{"allow":["GET"]}}],"collection":[{"href":"https:\/\/pizbube.ch\/en\/wp-json\/wp\/v2\/product"}],"about":[{"href":"https:\/\/pizbube.ch\/en\/wp-json\/wp\/v2\/types\/product"}],"wp:featuredmedia":[{"embeddable":true,"href":"https:\/\/pizbube.ch\/en\/wp-json\/wp\/v2\/media\/173415"}],"wp:attachment":[{"href":"https:\/\/pizbube.ch\/en\/wp-json\/wp\/v2\/media?parent=153095"}],"wp:term":[{"taxonomy":"product_brand","embeddable":true,"href":"https:\/\/pizbube.ch\/en\/wp-json\/wp\/v2\/product_brand?post=153095"},{"taxonomy":"product_cat","embeddable":true,"href":"https:\/\/pizbube.ch\/en\/wp-json\/wp\/v2\/product_cat?post=153095"},{"taxonomy":"product_tag","embeddable":true,"href":"https:\/\/pizbube.ch\/en\/wp-json\/wp\/v2\/product_tag?post=153095"}],"curies":[{"name":"wp","href":"https:\/\/api.w.org\/{rel}","templated":true}]}}