{"id":153101,"date":"2021-01-15T12:34:51","date_gmt":"2021-01-15T12:34:51","guid":{"rendered":"https:\/\/codengine3.ch\/?product=import-placeholder-for-203796"},"modified":"2025-07-29T15:52:34","modified_gmt":"2025-07-29T13:52:34","slug":"escalade-au-sahara-massif-du-hoggar-algerie","status":"publish","type":"product","link":"https:\/\/pizbube.ch\/en\/shop\/escalade-au-sahara-massif-du-hoggar-algerie\/","title":{"rendered":"Escalade au Sahara Massif du Hoggar Alg\u00e9rie"},"content":{"rendered":"<p>Le massif du Hoggar, situ\u00e9 au sud du Sahara alg\u00e9rien, rec\u00e8le de pics, d\u00f4mes ou clochetons qui font de ce lieu un terrain d&#8217;escalade ludique et magique.<\/p>\n<p>Ce topo-guide recense avec pr\u00e9cision les voies parcourues sur les soixante-dix ann\u00e9es d&#8217;exploration verticale, avec \u00e0 l&#8217;appui des descriptifs techniques et les conditions d&#8217;acc\u00e8s. Par ailleurs, des informations pratiques d&#8217;ordre plus g\u00e9n\u00e9ral, relatives au pays, au d\u00e9sert ou \u00e0 la culture locale, permettent aux grimpeurs de s&#8217;adapter au lieu\u00a0; en outre, le r\u00e9cit des exp\u00e9riences v\u00e9cues par l&#8217;auteur sont souvent riches d&#8217;enseignement.<\/p>\n<p>\u00c9maill\u00e9 de nombreux croquis et photos, ce livre est le fruit d&#8217;un r\u00eave qui devrait en susciter beaucoup d&#8217;autres&#8230;<br \/>\nDes pictogrammes compr\u00e9hensibles dans toutes les langues indiquent aux grimpeurs les informations techniques n\u00e9cessaires pour l&#8217;escalade.<\/p>\n<p>216 pages;<br \/>\nHauteur: 21.0 cm \/ Largeur 24.0 cm<\/p>\n<p>A large format guide to rock climbing in the Hoggar mountains in Algeria,<br \/>\nillustrated throughout with pictograms, full colour topos and photographs.<br \/>\n(French text).<\/p>","protected":false},"excerpt":{"rendered":"<p>Le massif du Hoggar, situ\u00e9 au sud du Sahara alg\u00e9rien, rec\u00e8le de pics, d\u00f4mes ou clochetons qui font de ce lieu un terrain d&#8217;escalade ludique et magique. Ce topo-guide recense avec pr\u00e9cision les voies parcourues sur les soixante-dix ann\u00e9es d&#8217;exploration verticale, avec \u00e0 l&#8217;appui des descriptifs techniques et les conditions d&#8217;acc\u00e8s. Par ailleurs, des informations [&#8230;]\n","protected":false},"featured_media":164934,"template":"","meta":[],"product_brand":[],"product_cat":[21539],"product_tag":[27598],"class_list":{"0":"post-153101","1":"product","2":"type-product","3":"status-publish","4":"has-post-thumbnail","6":"product_cat-fuehrerliteratur-sportklettern-bouldern","7":"product_tag-algerien","8":"pa_autor-dulac","9":"pa_erscheinungsjahr-21776","10":"pa_region-afrika","11":"pa_sprache-fr","13":"first","14":"instock","15":"taxable","16":"shipping-taxable","17":"purchasable","18":"product-type-simple"},"_links":{"self":[{"href":"https:\/\/pizbube.ch\/en\/wp-json\/wp\/v2\/product\/153101","targetHints":{"allow":["GET"]}}],"collection":[{"href":"https:\/\/pizbube.ch\/en\/wp-json\/wp\/v2\/product"}],"about":[{"href":"https:\/\/pizbube.ch\/en\/wp-json\/wp\/v2\/types\/product"}],"wp:featuredmedia":[{"embeddable":true,"href":"https:\/\/pizbube.ch\/en\/wp-json\/wp\/v2\/media\/164934"}],"wp:attachment":[{"href":"https:\/\/pizbube.ch\/en\/wp-json\/wp\/v2\/media?parent=153101"}],"wp:term":[{"taxonomy":"product_brand","embeddable":true,"href":"https:\/\/pizbube.ch\/en\/wp-json\/wp\/v2\/product_brand?post=153101"},{"taxonomy":"product_cat","embeddable":true,"href":"https:\/\/pizbube.ch\/en\/wp-json\/wp\/v2\/product_cat?post=153101"},{"taxonomy":"product_tag","embeddable":true,"href":"https:\/\/pizbube.ch\/en\/wp-json\/wp\/v2\/product_tag?post=153101"}],"curies":[{"name":"wp","href":"https:\/\/api.w.org\/{rel}","templated":true}]}}