{"id":153102,"date":"2021-01-15T12:34:51","date_gmt":"2021-01-15T12:34:51","guid":{"rendered":"https:\/\/codengine3.ch\/?product=import-placeholder-for-204872"},"modified":"2021-01-15T14:36:56","modified_gmt":"2021-01-15T14:36:56","slug":"sahara-vertical-dvd","status":"publish","type":"product","link":"https:\/\/pizbube.ch\/en\/shop\/sahara-vertical-dvd\/","title":{"rendered":"Sahara Vertical DVD"},"content":{"rendered":"<p>Sur les traces de Frison Roche, 7 grimpeurs explorent les principaux massifs<br \/>\ndu Hoggar. Leur objectif principal est l&#8217;ascension de la Garet El Djenoun par<br \/>\nl&#8217;ar\u00eate nord, longue escalade symbolique d&#8217;une difficult\u00e9 certaine et d&#8217;un<br \/>\nengagement important, de par sa situation dans le d\u00e9sert.  <\/p>\n<p>Ils tentent \u00e9galement le diedre Agresti, voie audacieuse des ann\u00e9es 70,<br \/>\nouverte en une dizaine de jours en artificiel, et d\u00e9s\u00e9quip\u00e9e ; c&#8217;est une voie<br \/>\nqui n&#8217;a jamais \u00e9t\u00e9 r\u00e9p\u00e9t\u00e9e ; l&#8217;objectif est de la r\u00e9aliser en libre et<br \/>\nquasiment que sur coinceurs, avec des difficult\u00e9s juqu&#8217;au 7b\/c dans un rocher<br \/>\nparfois tr\u00e8s d\u00e9licat&#8230;  <\/p>\n<p>Des extraits du film tourn\u00e9 en 1970 par Henri Agresti dans cette m\u00eame voie,<br \/>\npermettent de comparer les moyens techniques et mat\u00e9riels de l&#8217;\u00e9poque \u00e0 ceux<br \/>\nde maintenant.<br \/>\nDur\u00e9e du film : 47 minutes et 12 minutes de bonus  <\/p>","protected":false},"excerpt":{"rendered":"<p>Sur les traces de Frison Roche, 7 grimpeurs explorent les principaux massifs du Hoggar. Leur objectif principal est l&#8217;ascension de la Garet El Djenoun par l&#8217;ar\u00eate nord, longue escalade symbolique d&#8217;une difficult\u00e9 certaine et d&#8217;un engagement important, de par sa situation dans le d\u00e9sert. Ils tentent \u00e9galement le diedre Agresti, voie audacieuse des ann\u00e9es 70, [&#8230;]\n","protected":false},"featured_media":33410,"template":"","meta":[],"product_brand":[],"product_cat":[21628],"product_tag":[],"class_list":{"0":"post-153102","1":"product","2":"type-product","3":"status-publish","4":"has-post-thumbnail","6":"product_cat-video-dvd-multimedia","7":"pa_autor-totem-pole","8":"pa_erscheinungsjahr-21763","9":"pa_region-afrika","10":"pa_sprache-fr","12":"first","13":"instock","14":"taxable","15":"shipping-taxable","16":"purchasable","17":"product-type-simple"},"_links":{"self":[{"href":"https:\/\/pizbube.ch\/en\/wp-json\/wp\/v2\/product\/153102","targetHints":{"allow":["GET"]}}],"collection":[{"href":"https:\/\/pizbube.ch\/en\/wp-json\/wp\/v2\/product"}],"about":[{"href":"https:\/\/pizbube.ch\/en\/wp-json\/wp\/v2\/types\/product"}],"wp:featuredmedia":[{"embeddable":true,"href":"https:\/\/pizbube.ch\/en\/wp-json\/wp\/v2\/media\/33410"}],"wp:attachment":[{"href":"https:\/\/pizbube.ch\/en\/wp-json\/wp\/v2\/media?parent=153102"}],"wp:term":[{"taxonomy":"product_brand","embeddable":true,"href":"https:\/\/pizbube.ch\/en\/wp-json\/wp\/v2\/product_brand?post=153102"},{"taxonomy":"product_cat","embeddable":true,"href":"https:\/\/pizbube.ch\/en\/wp-json\/wp\/v2\/product_cat?post=153102"},{"taxonomy":"product_tag","embeddable":true,"href":"https:\/\/pizbube.ch\/en\/wp-json\/wp\/v2\/product_tag?post=153102"}],"curies":[{"name":"wp","href":"https:\/\/api.w.org\/{rel}","templated":true}]}}