{"id":153105,"date":"2021-01-15T12:34:52","date_gmt":"2021-01-15T12:34:52","guid":{"rendered":"https:\/\/codengine3.ch\/?product=import-placeholder-for-202275"},"modified":"2021-01-15T12:34:56","modified_gmt":"2021-01-15T12:34:56","slug":"les-nouvelles-escalades-facile","status":"publish","type":"product","link":"https:\/\/pizbube.ch\/en\/shop\/les-nouvelles-escalades-facile\/","title":{"rendered":"Les nouvelles Escalades facile"},"content":{"rendered":"<p>une s\u00e9lection des voies de niveau PD \u00e0 D en Savoie, Dauphin\u00e9 et Provence: la<br \/>\nd\u00e9couverte d&#8216; itin\u00e9raires \u00e9quip\u00e9s r\u00e9cemment par des guides locaux. Certaines<br \/>\ndes voies sont classiques, d&#8216; autres locale.<\/p>","protected":false},"excerpt":{"rendered":"<p>une s\u00e9lection des voies de niveau PD \u00e0 D en Savoie, Dauphin\u00e9 et Provence: la d\u00e9couverte d&#8216; itin\u00e9raires \u00e9quip\u00e9s r\u00e9cemment par des guides locaux. Certaines des voies sont classiques, d&#8216; autres locale.<\/p>","protected":false},"featured_media":29653,"template":"","meta":[],"product_brand":[],"product_cat":[21539],"product_tag":[],"class_list":{"0":"post-153105","1":"product","2":"type-product","3":"status-publish","4":"has-post-thumbnail","6":"product_cat-fuehrerliteratur-sportklettern-bouldern","7":"pa_autor-margueritat","8":"pa_erscheinungsjahr-21750","9":"pa_region-frankreich","10":"pa_sprache-fr","12":"first","13":"instock","14":"taxable","15":"shipping-taxable","16":"purchasable","17":"product-type-simple"},"_links":{"self":[{"href":"https:\/\/pizbube.ch\/en\/wp-json\/wp\/v2\/product\/153105","targetHints":{"allow":["GET"]}}],"collection":[{"href":"https:\/\/pizbube.ch\/en\/wp-json\/wp\/v2\/product"}],"about":[{"href":"https:\/\/pizbube.ch\/en\/wp-json\/wp\/v2\/types\/product"}],"wp:featuredmedia":[{"embeddable":true,"href":"https:\/\/pizbube.ch\/en\/wp-json\/wp\/v2\/media\/29653"}],"wp:attachment":[{"href":"https:\/\/pizbube.ch\/en\/wp-json\/wp\/v2\/media?parent=153105"}],"wp:term":[{"taxonomy":"product_brand","embeddable":true,"href":"https:\/\/pizbube.ch\/en\/wp-json\/wp\/v2\/product_brand?post=153105"},{"taxonomy":"product_cat","embeddable":true,"href":"https:\/\/pizbube.ch\/en\/wp-json\/wp\/v2\/product_cat?post=153105"},{"taxonomy":"product_tag","embeddable":true,"href":"https:\/\/pizbube.ch\/en\/wp-json\/wp\/v2\/product_tag?post=153105"}],"curies":[{"name":"wp","href":"https:\/\/api.w.org\/{rel}","templated":true}]}}