{"id":153106,"date":"2021-01-15T12:34:52","date_gmt":"2021-01-15T12:34:52","guid":{"rendered":"https:\/\/codengine3.ch\/?product=import-placeholder-for-202276"},"modified":"2021-01-15T12:34:56","modified_gmt":"2021-01-15T12:34:56","slug":"kommen-sie-graubuenden-auf-die-spur","status":"publish","type":"product","link":"https:\/\/pizbube.ch\/en\/shop\/kommen-sie-graubuenden-auf-die-spur\/","title":{"rendered":"Kommen Sie Graub\u00fcnden auf die Spur"},"content":{"rendered":"<p>Tourenvorschl\u00e4ge mit \u00f6ffentlichen Verkehrsmitteln in Graub\u00fcnden:<br \/>\nMit Fahrplanausz\u00fcgen und Angaben zur Boardtauglichkeit.<br \/>\nHeft von Mountainwilderness<\/p>","protected":false},"excerpt":{"rendered":"<p>Tourenvorschl\u00e4ge mit \u00f6ffentlichen Verkehrsmitteln in Graub\u00fcnden: Mit Fahrplanausz\u00fcgen und Angaben zur Boardtauglichkeit. Heft von Mountainwilderness<\/p>","protected":false},"featured_media":45070,"template":"","meta":[],"product_brand":[],"product_cat":[21540],"product_tag":[],"class_list":{"0":"post-153106","1":"product","2":"type-product","3":"status-publish","4":"has-post-thumbnail","6":"product_cat-fuehrerliteratur-alpin-winter","7":"pa_autor-mw-schweiz","8":"pa_erscheinungsjahr-22144","9":"pa_region-schweiz","10":"pa_sprache-de","12":"first","13":"outofstock","14":"taxable","15":"shipping-taxable","16":"purchasable","17":"product-type-simple"},"_links":{"self":[{"href":"https:\/\/pizbube.ch\/en\/wp-json\/wp\/v2\/product\/153106","targetHints":{"allow":["GET"]}}],"collection":[{"href":"https:\/\/pizbube.ch\/en\/wp-json\/wp\/v2\/product"}],"about":[{"href":"https:\/\/pizbube.ch\/en\/wp-json\/wp\/v2\/types\/product"}],"wp:featuredmedia":[{"embeddable":true,"href":"https:\/\/pizbube.ch\/en\/wp-json\/wp\/v2\/media\/45070"}],"wp:attachment":[{"href":"https:\/\/pizbube.ch\/en\/wp-json\/wp\/v2\/media?parent=153106"}],"wp:term":[{"taxonomy":"product_brand","embeddable":true,"href":"https:\/\/pizbube.ch\/en\/wp-json\/wp\/v2\/product_brand?post=153106"},{"taxonomy":"product_cat","embeddable":true,"href":"https:\/\/pizbube.ch\/en\/wp-json\/wp\/v2\/product_cat?post=153106"},{"taxonomy":"product_tag","embeddable":true,"href":"https:\/\/pizbube.ch\/en\/wp-json\/wp\/v2\/product_tag?post=153106"}],"curies":[{"name":"wp","href":"https:\/\/api.w.org\/{rel}","templated":true}]}}