{"id":153107,"date":"2021-01-15T12:34:52","date_gmt":"2021-01-15T12:34:52","guid":{"rendered":"https:\/\/codengine3.ch\/?product=import-placeholder-for-202499"},"modified":"2021-01-15T12:36:48","modified_gmt":"2021-01-15T12:36:48","slug":"schitour-plus","status":"publish","type":"product","link":"https:\/\/pizbube.ch\/en\/shop\/schitour-plus\/","title":{"rendered":"Schitour plus"},"content":{"rendered":"<p>\u00dcber 100 ausgesuchte Schitouren mit Aufstiegshilfen und langen<br \/>\nGel\u00e4ndeabfahrten in \u00d6sterreich, der \u00f6stlichen Schweiz und S\u00fcdtirol. Der<br \/>\nSchitourenf\u00fchrer f\u00fcr etwas bequemere Schibergsteiger. Aufstiege mit Lift- oder<br \/>\nSeilbahnhilfe &#8211; lange Tourenabfahrten ins Tal. K\u00fcrzere Aufstiege &#8211; l\u00e4ngere<br \/>\nAbfahrten.  <\/p>\n<p>Die Einteilung der Routenvorschl\u00e4ge erfolgte nach Tourengebieten, soda\u00df viele<br \/>\nunterschiedliche Schitour-Plus-Touren von einem Standpunkt aus unternommen<br \/>\nwerden k\u00f6nnen.  <\/p>\n<p>Routenskizzen auf reproduzierten Kartenausschnitten, perfekte Information,<br \/>\n\u00dcbersichten nach schitechn. Schwierigkeit, Hm und Lage, Lawinengefahrskala,<br \/>\nviele Farbfotos, Tabellen, Quickfinder, St\u00fctz-punkte, usw.  <\/p>\n<p>Dazu Angaben \u00fcber Bahn- und Busverbindungen, Kurz\u00fcbersicht und wichtige<br \/>\nInformationen \u00fcber H\u00fctten und St\u00fctzpunkte sowie Fremdenverkehrsverb\u00e4nde.  <\/p>\n<p>Gebiete: Wiener Hausberge, Fischbacher Alpen, Hochschwabgruppe, W\u00f6lzer Tauern,<br \/>\nTotes Gebirge, Dachsteingebirge, Nochberge, Rei\u00dfeckgruppe, Schobergruppe,<br \/>\nAnkogelgruppe, Glocknergruppe, Goldberggruppe, Kitzb\u00fcheler Alpen, Zillertaler<br \/>\nAlpen, Tuxer Alpen, Rofangebirge, Karwendel, Stubaier Alpen, Mieminger Gruppe,<br \/>\n\u00d6tztaler Alpen, Samnaungruppe, Verwallgruppe, R\u00e4tikon, Sarntaler Alpen,<br \/>\nDolomiten, Ortler Alpen, Silvretta, Sesvennagruppe, Bernina Alpen,<br \/>\nPlattagruppe, Livigno Alpen, Albula Alpen, Plessur Alpen, Adula Alpen, Glarner<br \/>\nAlpen.<\/p>","protected":false},"excerpt":{"rendered":"<p>\u00dcber 100 ausgesuchte Schitouren mit Aufstiegshilfen und langen Gel\u00e4ndeabfahrten in \u00d6sterreich, der \u00f6stlichen Schweiz und S\u00fcdtirol. Der Schitourenf\u00fchrer f\u00fcr etwas bequemere Schibergsteiger. Aufstiege mit Lift- oder Seilbahnhilfe &#8211; lange Tourenabfahrten ins Tal. K\u00fcrzere Aufstiege &#8211; l\u00e4ngere Abfahrten. Die Einteilung der Routenvorschl\u00e4ge erfolgte nach Tourengebieten, soda\u00df viele unterschiedliche Schitour-Plus-Touren von einem Standpunkt aus unternommen werden k\u00f6nnen. [&#8230;]\n","protected":false},"featured_media":29893,"template":"","meta":[],"product_brand":[],"product_cat":[21540],"product_tag":[],"class_list":{"0":"post-153107","1":"product","2":"type-product","3":"status-publish","4":"has-post-thumbnail","6":"product_cat-fuehrerliteratur-alpin-winter","7":"pa_autor-weiss-schall","8":"pa_erscheinungsjahr-22242","9":"pa_region-schweiz","10":"pa_sprache-de","12":"first","13":"instock","14":"taxable","15":"shipping-taxable","16":"purchasable","17":"product-type-simple"},"_links":{"self":[{"href":"https:\/\/pizbube.ch\/en\/wp-json\/wp\/v2\/product\/153107","targetHints":{"allow":["GET"]}}],"collection":[{"href":"https:\/\/pizbube.ch\/en\/wp-json\/wp\/v2\/product"}],"about":[{"href":"https:\/\/pizbube.ch\/en\/wp-json\/wp\/v2\/types\/product"}],"wp:featuredmedia":[{"embeddable":true,"href":"https:\/\/pizbube.ch\/en\/wp-json\/wp\/v2\/media\/29893"}],"wp:attachment":[{"href":"https:\/\/pizbube.ch\/en\/wp-json\/wp\/v2\/media?parent=153107"}],"wp:term":[{"taxonomy":"product_brand","embeddable":true,"href":"https:\/\/pizbube.ch\/en\/wp-json\/wp\/v2\/product_brand?post=153107"},{"taxonomy":"product_cat","embeddable":true,"href":"https:\/\/pizbube.ch\/en\/wp-json\/wp\/v2\/product_cat?post=153107"},{"taxonomy":"product_tag","embeddable":true,"href":"https:\/\/pizbube.ch\/en\/wp-json\/wp\/v2\/product_tag?post=153107"}],"curies":[{"name":"wp","href":"https:\/\/api.w.org\/{rel}","templated":true}]}}