{"id":153109,"date":"2021-01-15T12:34:53","date_gmt":"2021-01-15T12:34:53","guid":{"rendered":"https:\/\/codengine3.ch\/?product=import-placeholder-for-206095"},"modified":"2021-01-15T14:46:21","modified_gmt":"2021-01-15T14:46:21","slug":"ecrins","status":"publish","type":"product","link":"https:\/\/pizbube.ch\/en\/shop\/ecrins\/","title":{"rendered":"Ecrins"},"content":{"rendered":"<p>Au travers d\u2019exceptionnelles photographies en grand format, cette nouvelle<br \/>\ncollection pr\u00e9sente les plus beaux territoires de France. Ces ouvrages de<br \/>\ngrande qualit\u00e9 proposent \u00e9galement au lecteur une d\u00e9couverte de la r\u00e9gion par<br \/>\ndes textes tr\u00e8s complets (histoire, g\u00e9ologie, g\u00e9ographie, \u00e9conomie, activit\u00e9s<br \/>\nsportives et culturelles, massifs, glaciers, sommets, etc&#8230;) et un chapitre<br \/>\nfinal d\u2019informations pratiques : acc\u00e8s, adresses utiles, itin\u00e9raires et sites<br \/>\ntouristiques, etc&#8230;  <\/p>\n<p>Les textes de l\u2019ouvrage sont r\u00e9dig\u00e9s en fran\u00e7ais et en anglais.  <\/p>","protected":false},"excerpt":{"rendered":"<p>Au travers d\u2019exceptionnelles photographies en grand format, cette nouvelle collection pr\u00e9sente les plus beaux territoires de France. Ces ouvrages de grande qualit\u00e9 proposent \u00e9galement au lecteur une d\u00e9couverte de la r\u00e9gion par des textes tr\u00e8s complets (histoire, g\u00e9ologie, g\u00e9ographie, \u00e9conomie, activit\u00e9s sportives et culturelles, massifs, glaciers, sommets, etc&#8230;) et un chapitre final d\u2019informations pratiques : [&#8230;]\n","protected":false},"featured_media":35008,"template":"","meta":[],"product_brand":[],"product_cat":[21542],"product_tag":[],"class_list":{"0":"post-153109","1":"product","2":"type-product","3":"status-publish","4":"has-post-thumbnail","6":"product_cat-sachbuecher-dokumentationen","7":"pa_autor-laget-muller-poulet","8":"pa_erscheinungsjahr-21693","9":"pa_region-frankreich","10":"pa_sprache-e","11":"pa_sprache-f","13":"first","14":"instock","15":"taxable","16":"shipping-taxable","17":"purchasable","18":"product-type-simple"},"_links":{"self":[{"href":"https:\/\/pizbube.ch\/en\/wp-json\/wp\/v2\/product\/153109","targetHints":{"allow":["GET"]}}],"collection":[{"href":"https:\/\/pizbube.ch\/en\/wp-json\/wp\/v2\/product"}],"about":[{"href":"https:\/\/pizbube.ch\/en\/wp-json\/wp\/v2\/types\/product"}],"wp:featuredmedia":[{"embeddable":true,"href":"https:\/\/pizbube.ch\/en\/wp-json\/wp\/v2\/media\/35008"}],"wp:attachment":[{"href":"https:\/\/pizbube.ch\/en\/wp-json\/wp\/v2\/media?parent=153109"}],"wp:term":[{"taxonomy":"product_brand","embeddable":true,"href":"https:\/\/pizbube.ch\/en\/wp-json\/wp\/v2\/product_brand?post=153109"},{"taxonomy":"product_cat","embeddable":true,"href":"https:\/\/pizbube.ch\/en\/wp-json\/wp\/v2\/product_cat?post=153109"},{"taxonomy":"product_tag","embeddable":true,"href":"https:\/\/pizbube.ch\/en\/wp-json\/wp\/v2\/product_tag?post=153109"}],"curies":[{"name":"wp","href":"https:\/\/api.w.org\/{rel}","templated":true}]}}