{"id":153117,"date":"2021-01-15T12:34:59","date_gmt":"2021-01-15T12:34:59","guid":{"rendered":"https:\/\/codengine3.ch\/?product=import-placeholder-for-206023"},"modified":"2021-01-15T14:45:46","modified_gmt":"2021-01-15T14:45:46","slug":"bergsteigen-3","status":"publish","type":"product","link":"https:\/\/pizbube.ch\/en\/shop\/bergsteigen-3\/","title":{"rendered":"Bergsteigen"},"content":{"rendered":"<p>Lehrbuch und Ratgeber f\u00fcr alle Formen des Bergsteigens &#8211; Praxiswissen vom<br \/>\nProfi zu Ausr\u00fcstung, Technik und Sicherheit  <\/p>\n<p>Alle Varianten des Bergsteigens kompetent erkl\u00e4rt<br \/>\nDas Praxisbuch zum `Bergsteigen`, komplett \u00fcberarbeitet! Die zwei erfahrenen<br \/>\nBerufsbergf\u00fchrer Georg Sojer und Pepi St\u00fcckl beschreiben alle Spielarten des<br \/>\nBergsteigens: Bergwandern, Fels- und Eisklettern, Hochtouren, Klettersteige,<br \/>\nSkitouren und Trekking.<\/p>\n<p>Dazu geben sie Hinweise zur richtigen Ern\u00e4hrung, optimalen Ausr\u00fcstung,<br \/>\nKondition und Orientierung. Die Geh-, Kletter- und Sicherungstechnik<br \/>\nentspricht dem neuesten Erkenntnisstand der Forschungen des alpinen<br \/>\nSicherheitskreises.  <\/p>\n<p>3. aktual. Auflg. Farb. Fotos, Abb. 192 S.;<br \/>\nca. 200 Abbildungen, Format 16,5 x 23,5 cm, Broschur mit Fadenheftung<\/p>","protected":false},"excerpt":{"rendered":"<p>Lehrbuch und Ratgeber f\u00fcr alle Formen des Bergsteigens &#8211; Praxiswissen vom Profi zu Ausr\u00fcstung, Technik und Sicherheit Alle Varianten des Bergsteigens kompetent erkl\u00e4rt Das Praxisbuch zum `Bergsteigen`, komplett \u00fcberarbeitet! Die zwei erfahrenen Berufsbergf\u00fchrer Georg Sojer und Pepi St\u00fcckl beschreiben alle Spielarten des Bergsteigens: Bergwandern, Fels- und Eisklettern, Hochtouren, Klettersteige, Skitouren und Trekking. Dazu geben sie [&#8230;]\n","protected":false},"featured_media":40459,"template":"","meta":[],"product_brand":[],"product_cat":[21538],"product_tag":[],"class_list":{"0":"post-153117","1":"product","2":"type-product","3":"status-publish","4":"has-post-thumbnail","6":"product_cat-lehrbuecher","7":"pa_autor-sojer-stueckl","8":"pa_erscheinungsjahr-21550","9":"pa_region-alpin-sommer","10":"pa_sprache-de","12":"first","13":"instock","14":"taxable","15":"shipping-taxable","16":"purchasable","17":"product-type-simple"},"_links":{"self":[{"href":"https:\/\/pizbube.ch\/en\/wp-json\/wp\/v2\/product\/153117","targetHints":{"allow":["GET"]}}],"collection":[{"href":"https:\/\/pizbube.ch\/en\/wp-json\/wp\/v2\/product"}],"about":[{"href":"https:\/\/pizbube.ch\/en\/wp-json\/wp\/v2\/types\/product"}],"wp:featuredmedia":[{"embeddable":true,"href":"https:\/\/pizbube.ch\/en\/wp-json\/wp\/v2\/media\/40459"}],"wp:attachment":[{"href":"https:\/\/pizbube.ch\/en\/wp-json\/wp\/v2\/media?parent=153117"}],"wp:term":[{"taxonomy":"product_brand","embeddable":true,"href":"https:\/\/pizbube.ch\/en\/wp-json\/wp\/v2\/product_brand?post=153117"},{"taxonomy":"product_cat","embeddable":true,"href":"https:\/\/pizbube.ch\/en\/wp-json\/wp\/v2\/product_cat?post=153117"},{"taxonomy":"product_tag","embeddable":true,"href":"https:\/\/pizbube.ch\/en\/wp-json\/wp\/v2\/product_tag?post=153117"}],"curies":[{"name":"wp","href":"https:\/\/api.w.org\/{rel}","templated":true}]}}