{"id":153118,"date":"2021-01-15T12:34:59","date_gmt":"2021-01-15T12:34:59","guid":{"rendered":"https:\/\/codengine3.ch\/?product=import-placeholder-for-204511"},"modified":"2023-05-10T09:33:20","modified_gmt":"2023-05-10T07:33:20","slug":"hochtouren-praxiswissen-vom-profi-zu-ausruestung-technik-und-sicherheit","status":"publish","type":"product","link":"https:\/\/pizbube.ch\/en\/shop\/hochtouren-praxiswissen-vom-profi-zu-ausruestung-technik-und-sicherheit\/","title":{"rendered":"Hochtouren &#8211; Praxiswissen vom Profi zu Ausr\u00fcstung, Technik und Sicherheit"},"content":{"rendered":"<p>Touren im Hochgebirge stellen besondere Anforderungen an Ausr\u00fcstung, Kondition<br \/>\nund Technik.<\/p>\n<p>Erfahren Sie von den staatlich gepr\u00fcften Berg- und Skif\u00fchrern Tobias Bach und<br \/>\nFranz H\u00f6lzl, wie man sich sicher mit Seil und Steigeisen in Fels und Eis<br \/>\nbewegt. Mit Expertentipps von der H\u00f6henbergsteigerin Billi Bierling (Everest<br \/>\n2009, Manaslu 2010, Lothse 2011) und der viermaligen Weltmeisterin im<br \/>\nEisklettern Ines Papert.<\/p>\n<p>Inhaltsverzeichnis:<br \/>\nAlpine Spielformen zwischen Fels und Eis<br \/>\nStrategie, Risiko und Erlebnis<br \/>\nAusr\u00fcstung<br \/>\nOrientierung im Gel\u00e4nde<br \/>\nGehen, Steigen, Klettern<br \/>\nSicherungspraxis<br \/>\nNotf\u00e4lle meistern<br \/>\nWasserfall- und Mixedklettern<br \/>\nBeispieltouren<\/p>\n<p>224 Seiten, ca. 200 Abbildungen, Format 16,5 x 23,5 cm, Broschur mit<br \/>\nFadenheftung<br \/>\naktualis. Neuauflage 2022<\/p>","protected":false},"excerpt":{"rendered":"<p>Touren im Hochgebirge stellen besondere Anforderungen an Ausr\u00fcstung, Kondition und Technik. Erfahren Sie von den staatlich gepr\u00fcften Berg- und Skif\u00fchrern Tobias Bach und Franz H\u00f6lzl, wie man sich sicher mit Seil und Steigeisen in Fels und Eis bewegt. Mit Expertentipps von der H\u00f6henbergsteigerin Billi Bierling (Everest 2009, Manaslu 2010, Lothse 2011) und der viermaligen Weltmeisterin [&#8230;]\n","protected":false},"featured_media":167540,"template":"","meta":[],"product_brand":[],"product_cat":[21538],"product_tag":[],"class_list":{"0":"post-153118","1":"product","2":"type-product","3":"status-publish","4":"has-post-thumbnail","6":"product_cat-lehrbuecher","7":"pa_autor-bach-hoelzl","8":"pa_erscheinungsjahr-21586","9":"pa_region-alpin-sommer","10":"pa_sprache-de","12":"first","13":"instock","14":"taxable","15":"shipping-taxable","16":"purchasable","17":"product-type-simple"},"_links":{"self":[{"href":"https:\/\/pizbube.ch\/en\/wp-json\/wp\/v2\/product\/153118","targetHints":{"allow":["GET"]}}],"collection":[{"href":"https:\/\/pizbube.ch\/en\/wp-json\/wp\/v2\/product"}],"about":[{"href":"https:\/\/pizbube.ch\/en\/wp-json\/wp\/v2\/types\/product"}],"wp:featuredmedia":[{"embeddable":true,"href":"https:\/\/pizbube.ch\/en\/wp-json\/wp\/v2\/media\/167540"}],"wp:attachment":[{"href":"https:\/\/pizbube.ch\/en\/wp-json\/wp\/v2\/media?parent=153118"}],"wp:term":[{"taxonomy":"product_brand","embeddable":true,"href":"https:\/\/pizbube.ch\/en\/wp-json\/wp\/v2\/product_brand?post=153118"},{"taxonomy":"product_cat","embeddable":true,"href":"https:\/\/pizbube.ch\/en\/wp-json\/wp\/v2\/product_cat?post=153118"},{"taxonomy":"product_tag","embeddable":true,"href":"https:\/\/pizbube.ch\/en\/wp-json\/wp\/v2\/product_tag?post=153118"}],"curies":[{"name":"wp","href":"https:\/\/api.w.org\/{rel}","templated":true}]}}