{"id":153119,"date":"2021-01-15T12:34:59","date_gmt":"2021-01-15T12:34:59","guid":{"rendered":"https:\/\/codengine3.ch\/?product=import-placeholder-for-204726"},"modified":"2021-01-15T14:35:45","modified_gmt":"2021-01-15T14:35:45","slug":"eisklettern","status":"publish","type":"product","link":"https:\/\/pizbube.ch\/en\/shop\/eisklettern\/","title":{"rendered":"Eisklettern"},"content":{"rendered":"<p>Ausr\u00fcstung und Technik, Tourenplanung, Sicherheit<\/p>\n<p>Faszination Eis<\/p>\n<p>Als Spezialdisziplin des alpinen Kletterns und Bergsteigens ist das<br \/>\nEisklettern eine besondere Herausforderung. Die Spielwiese der Kletterer im<br \/>\nEis reicht von steilsten Eisrinnen \u00fcber gro\u00dfe alpine W\u00e4nde bis hin zu<br \/>\ngefrorenen Wasserf\u00e4llen. Was fr\u00fcher nur im hochalpinen Milieu m\u00f6glich oder<br \/>\nabsoluten Spezialisten vorbehalten war, steht heute dank einer rasanten<br \/>\nEntwicklung im Ausr\u00fcstungsbereich und einer guten Erreichbarkeit vieler<br \/>\nWasserf\u00e4lle immer mehr Akteuren offen \u2013 und erfreut sich zunehmender<br \/>\nBeliebtheit.<\/p>\n<p>Dieser AllMountain Guide erkl\u00e4rt detailliert, wie das Eisklettern zum<br \/>\nungetr\u00fcbten Erlebnis wird. Er ist nicht nur Einsteigern ein wertvoller<br \/>\nBegleiter, auch erfahrene Eiskletterer finden darin alle n\u00fctzlichen<br \/>\nInformationen zu den wichtigen Themen Ausr\u00fcstung, Material, Sicherheit,<br \/>\nRoutenplanung und Eiskunde.<\/p>\n<p>Philippe Batoux pr\u00e4sentiert umfangreiches Expertenwissen, verst\u00e4ndlich<br \/>\naufbereitet und mit atemberaubenden Fotos garniert:<\/p>\n<p>Training und Vorbereitung<br \/>\nMaterial, Sicherungs- und Klettertechniken<br \/>\nSchwierigkeitsgrade, Eiskunde, Routenplanung<\/p>\n<p>Ein unverzichtbarer Ratgeber und ein Nachschlagewerk f\u00fcr alle, die<br \/>\nunvergessliche Stunden beim Klettern im Eis erleben m\u00f6chten.<\/p>\n<p>1. Auflage 2014, 112 Seiten, 65 Farbfotos, 36 farbige Abbildungen, Format 13<br \/>\nx 20 cm, Klappenbroschur<\/p>","protected":false},"excerpt":{"rendered":"<p>Ausr\u00fcstung und Technik, Tourenplanung, Sicherheit Faszination Eis Als Spezialdisziplin des alpinen Kletterns und Bergsteigens ist das Eisklettern eine besondere Herausforderung. Die Spielwiese der Kletterer im Eis reicht von steilsten Eisrinnen \u00fcber gro\u00dfe alpine W\u00e4nde bis hin zu gefrorenen Wasserf\u00e4llen. Was fr\u00fcher nur im hochalpinen Milieu m\u00f6glich oder absoluten Spezialisten vorbehalten war, steht heute dank einer [&#8230;]\n","protected":false},"featured_media":33094,"template":"","meta":[],"product_brand":[],"product_cat":[21538],"product_tag":[],"class_list":{"0":"post-153119","1":"product","2":"type-product","3":"status-publish","4":"has-post-thumbnail","6":"product_cat-lehrbuecher","7":"pa_autor-batoux","8":"pa_erscheinungsjahr-21550","9":"pa_region-alpin-winter","10":"pa_sprache-de","12":"first","13":"instock","14":"taxable","15":"shipping-taxable","16":"purchasable","17":"product-type-simple"},"_links":{"self":[{"href":"https:\/\/pizbube.ch\/en\/wp-json\/wp\/v2\/product\/153119","targetHints":{"allow":["GET"]}}],"collection":[{"href":"https:\/\/pizbube.ch\/en\/wp-json\/wp\/v2\/product"}],"about":[{"href":"https:\/\/pizbube.ch\/en\/wp-json\/wp\/v2\/types\/product"}],"wp:featuredmedia":[{"embeddable":true,"href":"https:\/\/pizbube.ch\/en\/wp-json\/wp\/v2\/media\/33094"}],"wp:attachment":[{"href":"https:\/\/pizbube.ch\/en\/wp-json\/wp\/v2\/media?parent=153119"}],"wp:term":[{"taxonomy":"product_brand","embeddable":true,"href":"https:\/\/pizbube.ch\/en\/wp-json\/wp\/v2\/product_brand?post=153119"},{"taxonomy":"product_cat","embeddable":true,"href":"https:\/\/pizbube.ch\/en\/wp-json\/wp\/v2\/product_cat?post=153119"},{"taxonomy":"product_tag","embeddable":true,"href":"https:\/\/pizbube.ch\/en\/wp-json\/wp\/v2\/product_tag?post=153119"}],"curies":[{"name":"wp","href":"https:\/\/api.w.org\/{rel}","templated":true}]}}