{"id":153121,"date":"2021-01-15T12:35:00","date_gmt":"2021-01-15T12:35:00","guid":{"rendered":"https:\/\/codengine3.ch\/?product=import-placeholder-for-203109"},"modified":"2021-01-15T12:54:13","modified_gmt":"2021-01-15T12:54:13","slug":"lawinen-know-how","status":"publish","type":"product","link":"https:\/\/pizbube.ch\/en\/shop\/lawinen-know-how\/","title":{"rendered":"Lawinen know how"},"content":{"rendered":"<p>Das Buch beschreibt anschaulich und innovativ das moderne Risikomanagement im<br \/>\nWintersport. Die Autoren stellen mit pr\u00e4gnanten Texten, Grafiken und Fotos die<br \/>\nThematik Risikomanagement und Entscheidungsstrategien im Wintersport leicht<br \/>\nverst\u00e4ndlich und \u00fcbersichtlich dar. Aus dem Inhalt:<br \/>\nEntscheidungsstrategien, Vergleich aller am Markt vorkommenden Strategien (3&#215;3<br \/>\nFiltermethode \/ SnowCard \/ Stop or Go \/ Reduktion des Lawinenrisikos),<br \/>\nTourenplanung, Verhalten Lawinenunfall. Umfangreiche Grafiken und Farbfotos,<br \/>\n68 S.  <\/p>","protected":false},"excerpt":{"rendered":"<p>Das Buch beschreibt anschaulich und innovativ das moderne Risikomanagement im Wintersport. Die Autoren stellen mit pr\u00e4gnanten Texten, Grafiken und Fotos die Thematik Risikomanagement und Entscheidungsstrategien im Wintersport leicht verst\u00e4ndlich und \u00fcbersichtlich dar. Aus dem Inhalt: Entscheidungsstrategien, Vergleich aller am Markt vorkommenden Strategien (3&#215;3 Filtermethode \/ SnowCard \/ Stop or Go \/ Reduktion des Lawinenrisikos), Tourenplanung, [&#8230;]\n","protected":false},"featured_media":30638,"template":"","meta":[],"product_brand":[],"product_cat":[21538],"product_tag":[],"class_list":{"0":"post-153121","1":"product","2":"type-product","3":"status-publish","4":"has-post-thumbnail","6":"product_cat-lehrbuecher","7":"pa_autor-durner-roemer","8":"pa_erscheinungsjahr-22292","9":"pa_region-alpin-winter","10":"pa_sprache-de","12":"first","13":"instock","14":"taxable","15":"shipping-taxable","16":"purchasable","17":"product-type-simple"},"_links":{"self":[{"href":"https:\/\/pizbube.ch\/en\/wp-json\/wp\/v2\/product\/153121","targetHints":{"allow":["GET"]}}],"collection":[{"href":"https:\/\/pizbube.ch\/en\/wp-json\/wp\/v2\/product"}],"about":[{"href":"https:\/\/pizbube.ch\/en\/wp-json\/wp\/v2\/types\/product"}],"wp:featuredmedia":[{"embeddable":true,"href":"https:\/\/pizbube.ch\/en\/wp-json\/wp\/v2\/media\/30638"}],"wp:attachment":[{"href":"https:\/\/pizbube.ch\/en\/wp-json\/wp\/v2\/media?parent=153121"}],"wp:term":[{"taxonomy":"product_brand","embeddable":true,"href":"https:\/\/pizbube.ch\/en\/wp-json\/wp\/v2\/product_brand?post=153121"},{"taxonomy":"product_cat","embeddable":true,"href":"https:\/\/pizbube.ch\/en\/wp-json\/wp\/v2\/product_cat?post=153121"},{"taxonomy":"product_tag","embeddable":true,"href":"https:\/\/pizbube.ch\/en\/wp-json\/wp\/v2\/product_tag?post=153121"}],"curies":[{"name":"wp","href":"https:\/\/api.w.org\/{rel}","templated":true}]}}