{"id":153125,"date":"2021-01-15T12:35:00","date_gmt":"2021-01-15T12:35:00","guid":{"rendered":"https:\/\/codengine3.ch\/?product=import-placeholder-for-202295"},"modified":"2023-12-11T13:33:17","modified_gmt":"2023-12-11T12:33:17","slug":"der-lawinenwinter-1999","status":"publish","type":"product","link":"https:\/\/pizbube.ch\/en\/shop\/der-lawinenwinter-1999\/","title":{"rendered":"Der Lawinenwinter 1999"},"content":{"rendered":"<p>In drei Kapiteln werden die Wetter-, Schnee- und Lawinensituation, die durch<br \/>\nSchnee und Lawinen verursachten Unf\u00e4lle und Sch\u00e4den sowie Einsatz und<br \/>\nBew\u00e4hrung der Schutz- massnahmen eingehend untersucht. Ein weiteres Kapitel<br \/>\nmacht den Handlungsbedarf f\u00fcr Forschung, Praxis und Verwaltung deutlich.<\/p>\n<p>588 S. 293 Graphiken und Abbildungen und 70 Tabellen<\/p>\n<p>Der Winter 1999 war in vielen Beziehungen ausserordentlich. Aussergew\u00f6hnliche<br \/>\nSchneef\u00e4lle verursachten eine grossr\u00e4umige, sehr intensive Lawinenaktivit\u00e4t,<br \/>\ndie 17 Todesopfer forderte und Sch\u00e4den von \u00fcber 600 Mio. Franken verursachte.<br \/>\nDiese Ereignisanalyse ist eine umfassende Darstellung und Analyse der<br \/>\nGeschehnisse des Winters 1999. Dabei werden die katastrophalen<br \/>\nLawinenereignisse dokumentiert, die aufgetretenen Sch\u00e4den erfasst, die<br \/>\nWirksamkeit der getroffenen Massnahmen beurteilt und der n\u00f6tige<br \/>\nHandlungsbedarf aufgezeigt.<\/p>","protected":false},"excerpt":{"rendered":"<p>In drei Kapiteln werden die Wetter-, Schnee- und Lawinensituation, die durch Schnee und Lawinen verursachten Unf\u00e4lle und Sch\u00e4den sowie Einsatz und Bew\u00e4hrung der Schutz- massnahmen eingehend untersucht. Ein weiteres Kapitel macht den Handlungsbedarf f\u00fcr Forschung, Praxis und Verwaltung deutlich. 588 S. 293 Graphiken und Abbildungen und 70 Tabellen Der Winter 1999 war in vielen Beziehungen [&#8230;]\n","protected":false},"featured_media":29673,"template":"","meta":[],"product_brand":[],"product_cat":[21542],"product_tag":[],"class_list":{"0":"post-153125","1":"product","2":"type-product","3":"status-publish","4":"has-post-thumbnail","6":"product_cat-sachbuecher-dokumentationen","7":"pa_autor-slf","8":"pa_erscheinungsjahr-21750","9":"pa_region-schweiz","10":"pa_sprache-de","12":"first","13":"outofstock","14":"taxable","15":"shipping-taxable","16":"purchasable","17":"product-type-simple"},"_links":{"self":[{"href":"https:\/\/pizbube.ch\/en\/wp-json\/wp\/v2\/product\/153125","targetHints":{"allow":["GET"]}}],"collection":[{"href":"https:\/\/pizbube.ch\/en\/wp-json\/wp\/v2\/product"}],"about":[{"href":"https:\/\/pizbube.ch\/en\/wp-json\/wp\/v2\/types\/product"}],"wp:featuredmedia":[{"embeddable":true,"href":"https:\/\/pizbube.ch\/en\/wp-json\/wp\/v2\/media\/29673"}],"wp:attachment":[{"href":"https:\/\/pizbube.ch\/en\/wp-json\/wp\/v2\/media?parent=153125"}],"wp:term":[{"taxonomy":"product_brand","embeddable":true,"href":"https:\/\/pizbube.ch\/en\/wp-json\/wp\/v2\/product_brand?post=153125"},{"taxonomy":"product_cat","embeddable":true,"href":"https:\/\/pizbube.ch\/en\/wp-json\/wp\/v2\/product_cat?post=153125"},{"taxonomy":"product_tag","embeddable":true,"href":"https:\/\/pizbube.ch\/en\/wp-json\/wp\/v2\/product_tag?post=153125"}],"curies":[{"name":"wp","href":"https:\/\/api.w.org\/{rel}","templated":true}]}}