{"id":153126,"date":"2021-01-15T12:35:00","date_gmt":"2021-01-15T12:35:00","guid":{"rendered":"https:\/\/codengine3.ch\/?product=import-placeholder-for-202555"},"modified":"2021-01-15T12:37:20","modified_gmt":"2021-01-15T12:37:20","slug":"mount-everest","status":"publish","type":"product","link":"https:\/\/pizbube.ch\/en\/shop\/mount-everest\/","title":{"rendered":"Mount Everest"},"content":{"rendered":"<p>Die Bezwingung eines Giganten.<br \/>\nDer Mount Everest ist der h\u00f6chste Berg der Erde, schroff, abweisend, scheinbar<br \/>\nunbezwingbar. Und doch hat ihn der Heldenmut der Menschen unterjocht. Mit<br \/>\natemberaubenden Farbaufnahmen und historischen Dokumenten entf\u00fchrt dieser<br \/>\nBildband \u00fcber den Mythos Everest den Leser in die faszinierende Welt der<br \/>\neisigen H\u00f6hen. Roberto Mantovani ist Leiter des Staatlichen Studien- und<br \/>\nDokumentationscenters f\u00fcr Au\u00dfereurop\u00e4ischen Alpinismus in Turin, der<br \/>\n\u00f6sterreichische Bergsteiger Kurt Diemberger hat sechs Achttausender bezwungen,<br \/>\ndarunter den Mount Everest.<br \/>\nErweiterte u. aktualisierte Neuausgabe 2007  <\/p>","protected":false},"excerpt":{"rendered":"<p>Die Bezwingung eines Giganten. Der Mount Everest ist der h\u00f6chste Berg der Erde, schroff, abweisend, scheinbar unbezwingbar. Und doch hat ihn der Heldenmut der Menschen unterjocht. Mit atemberaubenden Farbaufnahmen und historischen Dokumenten entf\u00fchrt dieser Bildband \u00fcber den Mythos Everest den Leser in die faszinierende Welt der eisigen H\u00f6hen. Roberto Mantovani ist Leiter des Staatlichen Studien- [&#8230;]\n","protected":false},"featured_media":29958,"template":"","meta":[],"product_brand":[],"product_cat":[21542],"product_tag":[],"class_list":{"0":"post-153126","1":"product","2":"type-product","3":"status-publish","4":"has-post-thumbnail","6":"product_cat-sachbuecher-dokumentationen","7":"pa_autor-mantovani","8":"pa_erscheinungsjahr-21842","9":"pa_region-asien","10":"pa_sprache-de","12":"first","13":"instock","14":"taxable","15":"shipping-taxable","16":"purchasable","17":"product-type-simple"},"_links":{"self":[{"href":"https:\/\/pizbube.ch\/en\/wp-json\/wp\/v2\/product\/153126","targetHints":{"allow":["GET"]}}],"collection":[{"href":"https:\/\/pizbube.ch\/en\/wp-json\/wp\/v2\/product"}],"about":[{"href":"https:\/\/pizbube.ch\/en\/wp-json\/wp\/v2\/types\/product"}],"wp:featuredmedia":[{"embeddable":true,"href":"https:\/\/pizbube.ch\/en\/wp-json\/wp\/v2\/media\/29958"}],"wp:attachment":[{"href":"https:\/\/pizbube.ch\/en\/wp-json\/wp\/v2\/media?parent=153126"}],"wp:term":[{"taxonomy":"product_brand","embeddable":true,"href":"https:\/\/pizbube.ch\/en\/wp-json\/wp\/v2\/product_brand?post=153126"},{"taxonomy":"product_cat","embeddable":true,"href":"https:\/\/pizbube.ch\/en\/wp-json\/wp\/v2\/product_cat?post=153126"},{"taxonomy":"product_tag","embeddable":true,"href":"https:\/\/pizbube.ch\/en\/wp-json\/wp\/v2\/product_tag?post=153126"}],"curies":[{"name":"wp","href":"https:\/\/api.w.org\/{rel}","templated":true}]}}