{"id":153127,"date":"2021-01-15T12:35:00","date_gmt":"2021-01-15T12:35:00","guid":{"rendered":"https:\/\/codengine3.ch\/?product=import-placeholder-for-208114"},"modified":"2021-01-15T17:50:21","modified_gmt":"2021-01-15T17:50:21","slug":"everest-kinderbuch","status":"publish","type":"product","link":"https:\/\/pizbube.ch\/en\/shop\/everest-kinderbuch\/","title":{"rendered":"Everest (Kinderbuch)"},"content":{"rendered":"<p>\nDer Mount Everest ist nicht nur der h\u00f6chste, sondern auch der ber\u00fchmteste Berg<br \/>\nder Welt. Seit seiner Erstbesteigung im Jahr 1953 versuchen jedes Jahr<br \/>\nHunderte von Bergsteigern ihn zu bezwingen.  <\/p>\n<p>Doch der Everest ist mehr als ein Berg, der die K\u00fchnsten herausfordert. In<br \/>\nvielen Kulturen wird er als heiliger Ort verehrt, umrankt von Mythen und<br \/>\nLegenden. Die W\u00e4lder am Fu\u00df des Bergs sind zudem Lebensraum f\u00fcr seltene Tier-<br \/>\nund Pflanzenarten.  <\/p>\n<p>Sangma Francis erforscht die Geschichte des Mount Everest, der den Menschen<br \/>\nnicht nur alles abverlangt, sondern sie auch immer wieder zu neuen Erfindungen<br \/>\ninspiriert hat. Sie erkl\u00e4rt anschaulich, was es f\u00fcr eine erfolgreiche<br \/>\nExpedition alles braucht, und gibt einen Einblick in das gef\u00e4hrliche Leben der<br \/>\nSherpas. Lisk Feng hat dem Koloss in detailreichen und atmosph\u00e4rischen Bildern<br \/>\nein Denkmal gesetzt.<\/p>\n<p>Kinderbuch ab 7 J.; Fester Einband, 80 Seiten  <\/p>","protected":false},"excerpt":{"rendered":"<p>Der Mount Everest ist nicht nur der h\u00f6chste, sondern auch der ber\u00fchmteste Berg der Welt. Seit seiner Erstbesteigung im Jahr 1953 versuchen jedes Jahr Hunderte von Bergsteigern ihn zu bezwingen. Doch der Everest ist mehr als ein Berg, der die K\u00fchnsten herausfordert. In vielen Kulturen wird er als heiliger Ort verehrt, umrankt von Mythen und [&#8230;]\n","protected":false},"featured_media":39377,"template":"","meta":[],"product_brand":[],"product_cat":[21542],"product_tag":[],"class_list":{"0":"post-153127","1":"product","2":"type-product","3":"status-publish","4":"has-post-thumbnail","6":"product_cat-sachbuecher-dokumentationen","7":"pa_autor-francis-feng","8":"pa_erscheinungsjahr-21586","9":"pa_region-schweiz","10":"pa_sprache-de","12":"first","13":"instock","14":"taxable","15":"shipping-taxable","16":"purchasable","17":"product-type-simple"},"_links":{"self":[{"href":"https:\/\/pizbube.ch\/en\/wp-json\/wp\/v2\/product\/153127","targetHints":{"allow":["GET"]}}],"collection":[{"href":"https:\/\/pizbube.ch\/en\/wp-json\/wp\/v2\/product"}],"about":[{"href":"https:\/\/pizbube.ch\/en\/wp-json\/wp\/v2\/types\/product"}],"wp:featuredmedia":[{"embeddable":true,"href":"https:\/\/pizbube.ch\/en\/wp-json\/wp\/v2\/media\/39377"}],"wp:attachment":[{"href":"https:\/\/pizbube.ch\/en\/wp-json\/wp\/v2\/media?parent=153127"}],"wp:term":[{"taxonomy":"product_brand","embeddable":true,"href":"https:\/\/pizbube.ch\/en\/wp-json\/wp\/v2\/product_brand?post=153127"},{"taxonomy":"product_cat","embeddable":true,"href":"https:\/\/pizbube.ch\/en\/wp-json\/wp\/v2\/product_cat?post=153127"},{"taxonomy":"product_tag","embeddable":true,"href":"https:\/\/pizbube.ch\/en\/wp-json\/wp\/v2\/product_tag?post=153127"}],"curies":[{"name":"wp","href":"https:\/\/api.w.org\/{rel}","templated":true}]}}