{"id":153128,"date":"2021-01-15T12:35:01","date_gmt":"2021-01-15T12:35:01","guid":{"rendered":"https:\/\/codengine3.ch\/?product=import-placeholder-for-202298"},"modified":"2022-01-04T10:53:02","modified_gmt":"2022-01-04T09:53:02","slug":"on-the-rocks-taschenbuchausgabe","status":"publish","type":"product","link":"https:\/\/pizbube.ch\/en\/shop\/on-the-rocks-taschenbuchausgabe\/","title":{"rendered":"On the Rocks (Taschenbuchausgabe)"},"content":{"rendered":"<p>Leben an den Fingerspitzen<\/p>\n<p>Klettern ist seine Leidenschaft. Stefan Glowacz ist einer der besten Kletterer<br \/>\nder Welt. Und sein Ziel ist die senkrechte Wand und deren Erstbegehung. Seit<br \/>\ner 1993 als Vizeweltmeister seine Wettkampfkarriere beendete, zieht es ihn zu<br \/>\nden entlegensten und schwierigsten W\u00e4nden der Welt. Und er beginnt mit seinem<br \/>\nTeam stets dort, wo alle Stra\u00dfen enden. Weg und R\u00fcckweg werden aus eigener<br \/>\nKraft bew\u00e4ltigt, Proviant und Ausr\u00fcstung selbst geschleppt. So hat Stefan<br \/>\nGlowacz die Weite Patagoniens, die Wildnis Kanadas und Australiens, die<br \/>\nEisw\u00fcste der Antarktis und die Schluchten Mexikos f\u00fcr sich erobert. Von seinem<br \/>\nLeben, das oft an den Fingerspitzen h\u00e4ngt, von fr\u00fchen und verwegenen<br \/>\nAbenteuern, von H\u00f6henfl\u00fcgen und Abst\u00fcrzen, von Entdeckungsfahrten durch das<br \/>\nMeer aus Stein und in das eigene Ich erz\u00e4hlt On the Rocks.<br \/>\n336 Seiten mit 16 Farbtafeln und 48 Abbildungen im Text<br \/>\nTaschenbuchausgabe, 4. Auflg.<\/p>","protected":false},"excerpt":{"rendered":"<p>Leben an den Fingerspitzen Klettern ist seine Leidenschaft. Stefan Glowacz ist einer der besten Kletterer der Welt. Und sein Ziel ist die senkrechte Wand und deren Erstbegehung. Seit er 1993 als Vizeweltmeister seine Wettkampfkarriere beendete, zieht es ihn zu den entlegensten und schwierigsten W\u00e4nden der Welt. Und er beginnt mit seinem Team stets dort, wo [&#8230;]\n","protected":false},"featured_media":29676,"template":"","meta":[],"product_brand":[],"product_cat":[21629],"product_tag":[],"class_list":{"0":"post-153128","1":"product","2":"type-product","3":"status-publish","4":"has-post-thumbnail","6":"product_cat-belletristik","7":"pa_autor-glowacz-klenner","8":"pa_erscheinungsjahr-21693","9":"pa_region-deutschland","10":"pa_sprache-de","12":"first","13":"outofstock","14":"taxable","15":"shipping-taxable","16":"purchasable","17":"product-type-simple"},"_links":{"self":[{"href":"https:\/\/pizbube.ch\/en\/wp-json\/wp\/v2\/product\/153128","targetHints":{"allow":["GET"]}}],"collection":[{"href":"https:\/\/pizbube.ch\/en\/wp-json\/wp\/v2\/product"}],"about":[{"href":"https:\/\/pizbube.ch\/en\/wp-json\/wp\/v2\/types\/product"}],"wp:featuredmedia":[{"embeddable":true,"href":"https:\/\/pizbube.ch\/en\/wp-json\/wp\/v2\/media\/29676"}],"wp:attachment":[{"href":"https:\/\/pizbube.ch\/en\/wp-json\/wp\/v2\/media?parent=153128"}],"wp:term":[{"taxonomy":"product_brand","embeddable":true,"href":"https:\/\/pizbube.ch\/en\/wp-json\/wp\/v2\/product_brand?post=153128"},{"taxonomy":"product_cat","embeddable":true,"href":"https:\/\/pizbube.ch\/en\/wp-json\/wp\/v2\/product_cat?post=153128"},{"taxonomy":"product_tag","embeddable":true,"href":"https:\/\/pizbube.ch\/en\/wp-json\/wp\/v2\/product_tag?post=153128"}],"curies":[{"name":"wp","href":"https:\/\/api.w.org\/{rel}","templated":true}]}}