{"id":153130,"date":"2021-01-15T12:35:01","date_gmt":"2021-01-15T12:35:01","guid":{"rendered":"https:\/\/codengine3.ch\/?product=import-placeholder-for-208605"},"modified":"2021-10-05T09:25:27","modified_gmt":"2021-10-05T07:25:27","slug":"jaeger-des-augenblicks","status":"publish","type":"product","link":"https:\/\/pizbube.ch\/en\/shop\/jaeger-des-augenblicks\/","title":{"rendered":"J\u00e4ger des Augenblicks"},"content":{"rendered":"<p>Traumland Venezuela &#8211; hinter den Kulissen einer Abenteuerfilm-Expedition<\/p>\n<p>Keine Wand ist zu steil, kein Berg zu hoch und kein Abenteuer zu gef\u00e4hrlich.<br \/>\nDie deutschen Extremkletterer Stefan Glowacz und Holger Heuber sind f\u00fcr ihre<br \/>\nspektakul\u00e4ren Expeditionen in s\u00e4mtliche Teile der Welt bekannt. Doch was<br \/>\nsteckt eigentlich hinter solch gewaltigen Abenteuern?<\/p>\n<p>Dieses Making-of-Buch zum Film &#171;J\u00e4ger des Augenblicks&#187; (inklusive Film-DVD)<br \/>\nzeigt, wie Stefan Glowacz und Holger Heuber sich auf die Erstbegehung des<br \/>\nsagenumwobenen Tafelbergs Roraima im Dreil\u00e4ndereck von Brasilien, Venezuela<br \/>\nund Guyana vorbereiten und sich dabei zun\u00e4chst tagelang durch den Dschungel<br \/>\nk\u00e4mpfen und ohne Strom, flie\u00dfendes Wasser oder Dach \u00fcber dem Kopf auskommen<br \/>\nm\u00fcssen. Vor allem aber gibt es auch Einblicke in den Dreh zu &#171;J\u00e4ger des<br \/>\nAugenblicks&#187;: Welche Ausr\u00fcstung muss man mitnehmen, um einen spektakul\u00e4ren<br \/>\nAbenteuerfilm zu drehen? Wie viel Kameraleute sind mit in der Felswand?<\/p>\n<p>Dazu schaut das Buch auch hinter die Kulissen: . Interviews mit<br \/>\nExpeditionsteilnehmern und Kameramann . O-T\u00f6ne der Protagonisten: die<br \/>\nExpedition aus Sicht von Koche, Expeditionsarzt und Tr\u00e4ger . kurze<br \/>\nInsidergeschichten der Kletterer Das Making-of-Buch ist damit ganz nah dran an<br \/>\nStefan Glowacz und Holger Heuber und zeigt die unvorstellbaren Anstrengungen,<br \/>\ndie mit einer solch waghalsigen Expedition verbunden sind.<\/p>","protected":false},"excerpt":{"rendered":"<ul>\n<li><a href=\"https:\/\/pizbube.ch\/wp-content\/uploads\/attachments\/a_031\/EC182FC4AF35492F22F11AA6BA23C962.pdf\" target=\"_blank\" rel=\"noopener\">PDF: Leseprobe J\u00e4ger des Augenblicks<\/a><\/li>\n<\/ul>","protected":false},"featured_media":40702,"template":"","meta":[],"product_brand":[],"product_cat":[21542],"product_tag":[],"class_list":{"0":"post-153130","1":"product","2":"type-product","3":"status-publish","4":"has-post-thumbnail","6":"product_cat-sachbuecher-dokumentationen","7":"pa_autor-glowacz-heuber-fengler","8":"pa_erscheinungsjahr-21597","9":"pa_region-deutschland","10":"pa_sprache-de","12":"first","13":"outofstock","14":"taxable","15":"shipping-taxable","16":"purchasable","17":"product-type-simple"},"_links":{"self":[{"href":"https:\/\/pizbube.ch\/en\/wp-json\/wp\/v2\/product\/153130","targetHints":{"allow":["GET"]}}],"collection":[{"href":"https:\/\/pizbube.ch\/en\/wp-json\/wp\/v2\/product"}],"about":[{"href":"https:\/\/pizbube.ch\/en\/wp-json\/wp\/v2\/types\/product"}],"wp:featuredmedia":[{"embeddable":true,"href":"https:\/\/pizbube.ch\/en\/wp-json\/wp\/v2\/media\/40702"}],"wp:attachment":[{"href":"https:\/\/pizbube.ch\/en\/wp-json\/wp\/v2\/media?parent=153130"}],"wp:term":[{"taxonomy":"product_brand","embeddable":true,"href":"https:\/\/pizbube.ch\/en\/wp-json\/wp\/v2\/product_brand?post=153130"},{"taxonomy":"product_cat","embeddable":true,"href":"https:\/\/pizbube.ch\/en\/wp-json\/wp\/v2\/product_cat?post=153130"},{"taxonomy":"product_tag","embeddable":true,"href":"https:\/\/pizbube.ch\/en\/wp-json\/wp\/v2\/product_tag?post=153130"}],"curies":[{"name":"wp","href":"https:\/\/api.w.org\/{rel}","templated":true}]}}