{"id":153138,"date":"2021-01-15T12:35:07","date_gmt":"2021-01-15T12:35:07","guid":{"rendered":"https:\/\/codengine3.ch\/?product=import-placeholder-for-207404"},"modified":"2021-01-15T16:02:54","modified_gmt":"2021-01-15T16:02:54","slug":"der-weg-zur-spitze-die-geschichte-des-slowenischen-alpinismus","status":"publish","type":"product","link":"https:\/\/pizbube.ch\/en\/shop\/der-weg-zur-spitze-die-geschichte-des-slowenischen-alpinismus\/","title":{"rendered":"Der Weg zur Spitze &#8211; Die Geschichte des slowenischen Alpinismus"},"content":{"rendered":"<p>Der Weg der slowenischen Bergsteiger zur Weltspitze<\/p>\n<p>Nach dem Zweiten Weltkrieg erlebte Josip Broz Titos Jugoslawien eine Periode<br \/>\nrelativer Ruhe. Schon um 1960 begannen sehr gut trainierte und vom Staat<br \/>\nsubventionierte jugoslawische Alpinisten, aussergew\u00f6hnlichen Routen im<br \/>\nHimalaya durchzufu\u0308hren. Diese Teams bestanden vor allem aus slowenischen<br \/>\nBergsteigern, die in den heimatlichen Julischen Alpen mit ihren senkrecht<br \/>\nemporragenden Kalkgipfeln ein ideales Trainingsgel\u00e4nde hatten.<\/p>\n<p>Aber nach dem Tod Titos im Jahre 1980 war es mit der Ruhe vorbei.<br \/>\nStreitigkeiten zwischen den Volksgruppen und der wirtschaftlicher Niedergang<br \/>\nfu\u0308hrten zum Zerfall Jugoslawiens. Slowenien wurde 1991 unabh\u00e4ngig. Der neue<br \/>\nStaat unterstu\u0308tzte seine Spitzenbergsteiger weiterhin.  <\/p>\n<p>Bis 1995 waren alle Achttausender von slowenischen Teams bestiegen. Einige der<br \/>\nvon diesen extremen und im Westen meist unbekannten Alpinisten durchgefu\u0308hrten<br \/>\nBesteigungen, geh\u00f6rten zu den spektakul\u00e4rsten und vision\u00e4rsten dieser Zeit.<br \/>\n\u00abDer Weg zur Spitze\u00bb nimmt den Leser mit in die dramatische Zeit des<br \/>\nslowenischen Alpinismus, und zwar aus der Sicht Nejc Zaplotniks, der einer der<br \/>\ngr\u00f6ssten Alpinisten und Schriftsteller des Landes war. Sein Buch \u00abPot\u00bb (Der<br \/>\nWeg) war und ist ein slowenischer Klassiker: nicht nur fu\u0308r Alpinisten,<br \/>\nsondern auch fu\u0308r den Nicht-Bergsteiger. Seine Worte und sein Geist bilden<br \/>\neinen Faden, der das ganze Buch durchzieht und die Tu\u0308r zur Seele dieser<br \/>\nBergsteiger \u00f6ffnet.<\/p>\n<p>480 Seiten, ca. 131 Abb. ein-und vierfarbig; Hardcover mit Schutzumschlag<\/p>","protected":false},"excerpt":{"rendered":"<p>Der Weg der slowenischen Bergsteiger zur Weltspitze Nach dem Zweiten Weltkrieg erlebte Josip Broz Titos Jugoslawien eine Periode relativer Ruhe. Schon um 1960 begannen sehr gut trainierte und vom Staat subventionierte jugoslawische Alpinisten, aussergew\u00f6hnlichen Routen im Himalaya durchzufu\u0308hren. Diese Teams bestanden vor allem aus slowenischen Bergsteigern, die in den heimatlichen Julischen Alpen mit ihren senkrecht [&#8230;]\n","protected":false},"featured_media":37352,"template":"","meta":[],"product_brand":[],"product_cat":[21542],"product_tag":[],"class_list":{"0":"post-153138","1":"product","2":"type-product","3":"status-publish","4":"has-post-thumbnail","6":"product_cat-sachbuecher-dokumentationen","7":"pa_autor-mcdonald","8":"pa_erscheinungsjahr-21574","9":"pa_region-osteuropa","10":"pa_sprache-de","12":"first","13":"instock","14":"taxable","15":"shipping-taxable","16":"purchasable","17":"product-type-simple"},"_links":{"self":[{"href":"https:\/\/pizbube.ch\/en\/wp-json\/wp\/v2\/product\/153138","targetHints":{"allow":["GET"]}}],"collection":[{"href":"https:\/\/pizbube.ch\/en\/wp-json\/wp\/v2\/product"}],"about":[{"href":"https:\/\/pizbube.ch\/en\/wp-json\/wp\/v2\/types\/product"}],"wp:featuredmedia":[{"embeddable":true,"href":"https:\/\/pizbube.ch\/en\/wp-json\/wp\/v2\/media\/37352"}],"wp:attachment":[{"href":"https:\/\/pizbube.ch\/en\/wp-json\/wp\/v2\/media?parent=153138"}],"wp:term":[{"taxonomy":"product_brand","embeddable":true,"href":"https:\/\/pizbube.ch\/en\/wp-json\/wp\/v2\/product_brand?post=153138"},{"taxonomy":"product_cat","embeddable":true,"href":"https:\/\/pizbube.ch\/en\/wp-json\/wp\/v2\/product_cat?post=153138"},{"taxonomy":"product_tag","embeddable":true,"href":"https:\/\/pizbube.ch\/en\/wp-json\/wp\/v2\/product_tag?post=153138"}],"curies":[{"name":"wp","href":"https:\/\/api.w.org\/{rel}","templated":true}]}}