{"id":153139,"date":"2021-01-15T12:35:07","date_gmt":"2021-01-15T12:35:07","guid":{"rendered":"https:\/\/codengine3.ch\/?product=import-placeholder-for-202309"},"modified":"2021-01-15T12:35:12","modified_gmt":"2021-01-15T12:35:12","slug":"leuchtfeuer","status":"publish","type":"product","link":"https:\/\/pizbube.ch\/en\/shop\/leuchtfeuer\/","title":{"rendered":"Leuchtfeuer"},"content":{"rendered":"<p>Seit seinem 31. Lebensjahr ist der Autor blind: trotz dieser Behinderung<br \/>\nschaffte er zahlreiche Gipfelsiege wie Montblanc, Matterhorn, Aconcagua oder<br \/>\nGrossglockner. Ein Buch f\u00fcr Alpinisten und ein ungew\u00f6hnliches Buch \u00fcber<br \/>\nLebensbew\u00e4ltigung!<\/p>","protected":false},"excerpt":{"rendered":"<p>Seit seinem 31. Lebensjahr ist der Autor blind: trotz dieser Behinderung schaffte er zahlreiche Gipfelsiege wie Montblanc, Matterhorn, Aconcagua oder Grossglockner. Ein Buch f\u00fcr Alpinisten und ein ungew\u00f6hnliches Buch \u00fcber Lebensbew\u00e4ltigung!<\/p>","protected":false},"featured_media":45070,"template":"","meta":[],"product_brand":[],"product_cat":[21542],"product_tag":[],"class_list":{"0":"post-153139","1":"product","2":"type-product","3":"status-publish","4":"has-post-thumbnail","6":"product_cat-sachbuecher-dokumentationen","7":"pa_autor-fruehstueck","8":"pa_erscheinungsjahr-22112","9":"pa_region-oesterreich","10":"pa_sprache-de","12":"first","13":"instock","14":"taxable","15":"shipping-taxable","16":"purchasable","17":"product-type-simple"},"_links":{"self":[{"href":"https:\/\/pizbube.ch\/en\/wp-json\/wp\/v2\/product\/153139","targetHints":{"allow":["GET"]}}],"collection":[{"href":"https:\/\/pizbube.ch\/en\/wp-json\/wp\/v2\/product"}],"about":[{"href":"https:\/\/pizbube.ch\/en\/wp-json\/wp\/v2\/types\/product"}],"wp:featuredmedia":[{"embeddable":true,"href":"https:\/\/pizbube.ch\/en\/wp-json\/wp\/v2\/media\/45070"}],"wp:attachment":[{"href":"https:\/\/pizbube.ch\/en\/wp-json\/wp\/v2\/media?parent=153139"}],"wp:term":[{"taxonomy":"product_brand","embeddable":true,"href":"https:\/\/pizbube.ch\/en\/wp-json\/wp\/v2\/product_brand?post=153139"},{"taxonomy":"product_cat","embeddable":true,"href":"https:\/\/pizbube.ch\/en\/wp-json\/wp\/v2\/product_cat?post=153139"},{"taxonomy":"product_tag","embeddable":true,"href":"https:\/\/pizbube.ch\/en\/wp-json\/wp\/v2\/product_tag?post=153139"}],"curies":[{"name":"wp","href":"https:\/\/api.w.org\/{rel}","templated":true}]}}