{"id":153140,"date":"2021-01-15T12:35:07","date_gmt":"2021-01-15T12:35:07","guid":{"rendered":"https:\/\/codengine3.ch\/?product=import-placeholder-for-206836"},"modified":"2021-01-15T14:52:31","modified_gmt":"2021-01-15T14:52:31","slug":"balanceakt-blind-auf-die-gipfel-der-welt","status":"publish","type":"product","link":"https:\/\/pizbube.ch\/en\/shop\/balanceakt-blind-auf-die-gipfel-der-welt\/","title":{"rendered":"Balanceakt &#8211; Blind auf die Gipfel der Welt"},"content":{"rendered":"<p>Der Osttiroler Andy Holzer ist von Geburt an blind. Doch als er mit neun<br \/>\nJahren das erste Mal ein Gipfelkreuz ber\u00fchrt, ist der Traum vom Leben als<br \/>\nBergsteiger geweckt. Heute, 35 Jahre sp\u00e4ter, f\u00fchlt er sich in den steilsten<br \/>\nW\u00e4nden der Welt sicherer als auf einem Wanderpfad.<\/p>\n<p>Als erster blinder Bergsteiger hat er sechs der Seven Summits, der h\u00f6chsten<br \/>\nBerge der sieben Kontinente, bestiegen. In der Wand orientiert er sich mit<br \/>\nseinen Fingerspitzen, anhand des Klangs seiner Tritte und des Echos im Stein.<\/p>\n<p>Sein gro\u00dfes Ziel im Fr\u00fchjahr 2012: der Mount Everest. Ein inspirierendes Buch<br \/>\n\u00fcber mentale St\u00e4rke und den Mut, die eigenen Tr\u00e4ume zu leben.  <\/p>","protected":false},"excerpt":{"rendered":"<p>Der Osttiroler Andy Holzer ist von Geburt an blind. Doch als er mit neun Jahren das erste Mal ein Gipfelkreuz ber\u00fchrt, ist der Traum vom Leben als Bergsteiger geweckt. Heute, 35 Jahre sp\u00e4ter, f\u00fchlt er sich in den steilsten W\u00e4nden der Welt sicherer als auf einem Wanderpfad. Als erster blinder Bergsteiger hat er sechs der [&#8230;]\n","protected":false},"featured_media":36261,"template":"","meta":[],"product_brand":[],"product_cat":[21629],"product_tag":[],"class_list":{"0":"post-153140","1":"product","2":"type-product","3":"status-publish","4":"has-post-thumbnail","6":"product_cat-belletristik","7":"pa_autor-holzer","8":"pa_erscheinungsjahr-21621","9":"pa_region-italien","10":"pa_sprache-de","12":"first","13":"instock","14":"taxable","15":"shipping-taxable","16":"purchasable","17":"product-type-simple"},"_links":{"self":[{"href":"https:\/\/pizbube.ch\/en\/wp-json\/wp\/v2\/product\/153140","targetHints":{"allow":["GET"]}}],"collection":[{"href":"https:\/\/pizbube.ch\/en\/wp-json\/wp\/v2\/product"}],"about":[{"href":"https:\/\/pizbube.ch\/en\/wp-json\/wp\/v2\/types\/product"}],"wp:featuredmedia":[{"embeddable":true,"href":"https:\/\/pizbube.ch\/en\/wp-json\/wp\/v2\/media\/36261"}],"wp:attachment":[{"href":"https:\/\/pizbube.ch\/en\/wp-json\/wp\/v2\/media?parent=153140"}],"wp:term":[{"taxonomy":"product_brand","embeddable":true,"href":"https:\/\/pizbube.ch\/en\/wp-json\/wp\/v2\/product_brand?post=153140"},{"taxonomy":"product_cat","embeddable":true,"href":"https:\/\/pizbube.ch\/en\/wp-json\/wp\/v2\/product_cat?post=153140"},{"taxonomy":"product_tag","embeddable":true,"href":"https:\/\/pizbube.ch\/en\/wp-json\/wp\/v2\/product_tag?post=153140"}],"curies":[{"name":"wp","href":"https:\/\/api.w.org\/{rel}","templated":true}]}}