{"id":153141,"date":"2021-01-15T12:35:07","date_gmt":"2021-01-15T12:35:07","guid":{"rendered":"https:\/\/codengine3.ch\/?product=import-placeholder-for-204468"},"modified":"2021-01-15T14:33:28","modified_gmt":"2021-01-15T14:33:28","slug":"mein-everest-blind-nach-ganz-oben","status":"publish","type":"product","link":"https:\/\/pizbube.ch\/en\/shop\/mein-everest-blind-nach-ganz-oben\/","title":{"rendered":"Mein Everest &#8211; Blind nach ganz oben"},"content":{"rendered":"<p>Im Mai 2017 sorgt der von Geburt an blinde Bergsteiger Andy Holzer f\u00fcr<br \/>\nAufsehen: Er erreicht den Gipfel des Mount Everest &#8211; und erf\u00fcllt sich damit<br \/>\nseinen gr\u00f6\u00dften Traum.<\/p>\n<p>Eine Wahnsinnsleistung f\u00fcr einen Mann, der ohne Hilfe seiner Frau nicht mal<br \/>\nvor die T\u00fcr gehen kann. Dabei ist Andy Holzer kein verr\u00fcckter Draufg\u00e4nger,<br \/>\nsondern ein Mensch, der seine St\u00e4rken trotz seiner Blindheit nutzt und seine<br \/>\nTeamf\u00e4higkeit und F\u00fchrungsqualit\u00e4ten gezielt einsetzt.<\/p>\n<p>In seinem aktuellen Buch beschreibt er seine spektakul\u00e4ren Expeditionen auf<br \/>\ndas Dach der Welt. 2014 und 2015 muss er wegen einer Lawine und einer<br \/>\nErdbebenkatastrophe umkehren, beim dritten Versuch 2017 gelingt ihm der<br \/>\nGipfelsieg.  <\/p>","protected":false},"excerpt":{"rendered":"<p>Im Mai 2017 sorgt der von Geburt an blinde Bergsteiger Andy Holzer f\u00fcr Aufsehen: Er erreicht den Gipfel des Mount Everest &#8211; und erf\u00fcllt sich damit seinen gr\u00f6\u00dften Traum. Eine Wahnsinnsleistung f\u00fcr einen Mann, der ohne Hilfe seiner Frau nicht mal vor die T\u00fcr gehen kann. Dabei ist Andy Holzer kein verr\u00fcckter Draufg\u00e4nger, sondern ein [&#8230;]\n","protected":false},"featured_media":32464,"template":"","meta":[],"product_brand":[],"product_cat":[21542],"product_tag":[],"class_list":{"0":"post-153141","1":"product","2":"type-product","3":"status-publish","4":"has-post-thumbnail","6":"product_cat-sachbuecher-dokumentationen","7":"pa_autor-holzer","8":"pa_erscheinungsjahr-21546","9":"pa_region-asien","10":"pa_sprache-de","12":"first","13":"instock","14":"taxable","15":"shipping-taxable","16":"purchasable","17":"product-type-simple"},"_links":{"self":[{"href":"https:\/\/pizbube.ch\/en\/wp-json\/wp\/v2\/product\/153141","targetHints":{"allow":["GET"]}}],"collection":[{"href":"https:\/\/pizbube.ch\/en\/wp-json\/wp\/v2\/product"}],"about":[{"href":"https:\/\/pizbube.ch\/en\/wp-json\/wp\/v2\/types\/product"}],"wp:featuredmedia":[{"embeddable":true,"href":"https:\/\/pizbube.ch\/en\/wp-json\/wp\/v2\/media\/32464"}],"wp:attachment":[{"href":"https:\/\/pizbube.ch\/en\/wp-json\/wp\/v2\/media?parent=153141"}],"wp:term":[{"taxonomy":"product_brand","embeddable":true,"href":"https:\/\/pizbube.ch\/en\/wp-json\/wp\/v2\/product_brand?post=153141"},{"taxonomy":"product_cat","embeddable":true,"href":"https:\/\/pizbube.ch\/en\/wp-json\/wp\/v2\/product_cat?post=153141"},{"taxonomy":"product_tag","embeddable":true,"href":"https:\/\/pizbube.ch\/en\/wp-json\/wp\/v2\/product_tag?post=153141"}],"curies":[{"name":"wp","href":"https:\/\/api.w.org\/{rel}","templated":true}]}}