{"id":153145,"date":"2021-01-15T12:35:08","date_gmt":"2021-01-15T12:35:08","guid":{"rendered":"https:\/\/codengine3.ch\/?product=import-placeholder-for-202447"},"modified":"2021-01-15T12:36:21","modified_gmt":"2021-01-15T12:36:21","slug":"schnee-auf-dem-kilimandscharo","status":"publish","type":"product","link":"https:\/\/pizbube.ch\/en\/shop\/schnee-auf-dem-kilimandscharo\/","title":{"rendered":"Schnee auf dem Kilimandscharo"},"content":{"rendered":"<p>In diesem Band sind einige der gr\u00f6ssten Erz\u00e4hlungen Hemingways versammelt. 6<br \/>\nStories.<br \/>\nBei Hemingway ist es der Schnee oben auf dem Kilimandscharo gewesen, an dem<br \/>\neiner seiner Helden gewisserma\u00dfen gescheitert ist. Um Jagd ging es da, um<br \/>\nTrinken und um Frauen und nat\u00fcrlich um den Krieg.<br \/>\nSeit Hemingway ist viel Zeit vergangen. Heute schaut man zusammen in den<br \/>\nFernseher. Soaps regieren die Welt. Und Afrikaurlauber sterben nicht mehr am<br \/>\nWundfieber, die kriegen h\u00f6chstens Durchfall. Und nichts anderes m\u00f6chte diese<br \/>\nGeschichte erz\u00e4hlen, wie anders doch alles seit damals geworden ist und wie<br \/>\ngleich es dennoch geblieben ist. Die Szenarien sind austauschbar, die Menschen<br \/>\nnicht. Und gro\u00dfe Gef\u00fchle gibt es \u00fcberall, auch ohne gro\u00dfes Geld und<br \/>\nGro\u00dfwildjagd. Und wer stirbt ist einsam&#8230;<br \/>\n12. Auflg. 123 S.  <\/p>","protected":false},"excerpt":{"rendered":"<p>In diesem Band sind einige der gr\u00f6ssten Erz\u00e4hlungen Hemingways versammelt. 6 Stories. Bei Hemingway ist es der Schnee oben auf dem Kilimandscharo gewesen, an dem einer seiner Helden gewisserma\u00dfen gescheitert ist. Um Jagd ging es da, um Trinken und um Frauen und nat\u00fcrlich um den Krieg. Seit Hemingway ist viel Zeit vergangen. Heute schaut man [&#8230;]\n","protected":false},"featured_media":29835,"template":"","meta":[],"product_brand":[],"product_cat":[21629],"product_tag":[],"class_list":{"0":"post-153145","1":"product","2":"type-product","3":"status-publish","4":"has-post-thumbnail","6":"product_cat-belletristik","7":"pa_autor-hemingway","8":"pa_erscheinungsjahr-21693","9":"pa_region-afrika","10":"pa_sprache-de","12":"first","13":"instock","14":"taxable","15":"shipping-taxable","16":"purchasable","17":"product-type-simple"},"_links":{"self":[{"href":"https:\/\/pizbube.ch\/en\/wp-json\/wp\/v2\/product\/153145","targetHints":{"allow":["GET"]}}],"collection":[{"href":"https:\/\/pizbube.ch\/en\/wp-json\/wp\/v2\/product"}],"about":[{"href":"https:\/\/pizbube.ch\/en\/wp-json\/wp\/v2\/types\/product"}],"wp:featuredmedia":[{"embeddable":true,"href":"https:\/\/pizbube.ch\/en\/wp-json\/wp\/v2\/media\/29835"}],"wp:attachment":[{"href":"https:\/\/pizbube.ch\/en\/wp-json\/wp\/v2\/media?parent=153145"}],"wp:term":[{"taxonomy":"product_brand","embeddable":true,"href":"https:\/\/pizbube.ch\/en\/wp-json\/wp\/v2\/product_brand?post=153145"},{"taxonomy":"product_cat","embeddable":true,"href":"https:\/\/pizbube.ch\/en\/wp-json\/wp\/v2\/product_cat?post=153145"},{"taxonomy":"product_tag","embeddable":true,"href":"https:\/\/pizbube.ch\/en\/wp-json\/wp\/v2\/product_tag?post=153145"}],"curies":[{"name":"wp","href":"https:\/\/api.w.org\/{rel}","templated":true}]}}