{"id":153148,"date":"2021-01-15T12:35:14","date_gmt":"2021-01-15T12:35:14","guid":{"rendered":"https:\/\/codengine3.ch\/?product=import-placeholder-for-204433"},"modified":"2021-01-15T14:33:10","modified_gmt":"2021-01-15T14:33:10","slug":"skitourenfuehrer-oesterreich-band-1","status":"publish","type":"product","link":"https:\/\/pizbube.ch\/en\/shop\/skitourenfuehrer-oesterreich-band-1\/","title":{"rendered":"Skitourenf\u00fchrer \u00d6sterreich Band 1"},"content":{"rendered":"<p>Die sch\u00f6nsten Skitouren vom Grossglockner bis Wien mit DVD-ROM  <\/p>\n<p>\u00dcber 500 Berggipfel mit ca. 1000 Abfahrten inkl. Varianten und vielen<br \/>\nGeheimtipps zwischen Wien und Gro\u00dfglockner lassen das Herz der Skitourengeher<br \/>\nh\u00f6her schlagen.<br \/>\nDie Tourenregion erstreckt sich von den Wiener Hausbergen mit Schneeberg<br \/>\nSpezial \u00fcber M\u00fcrztaler- und Ennstaler Alpen, Niedere Tauern, Dachstein, Totes<br \/>\nGebirge, Berchtesgadener Alpen bis hin zur Glocknergruppe. Die Touren wurden<br \/>\nvon Experten erfasst, genau beschrieben und oft auf Luftaufnahmen visuell<br \/>\nperfekt dargestellt.  <\/p>\n<p>Die beigelegte DVD-ROM beinhaltet neben 8 Skitourenfilmen auch einen<br \/>\nLawinenlehrfilm. Die GPS-Tracks der Touren im Buch lassen sich einfach und<br \/>\nschnell auf das GPS-Ger\u00e4t \u00fcbertragen und in Google Earth in 3D zur<br \/>\nTourenplanung heranziehen.<br \/>\n3. erweiterte Auflage<\/p>","protected":false},"excerpt":{"rendered":"<ul>\n<li><a href=\"https:\/\/pizbube.ch\/wp-content\/uploads\/attachments\/a_031\/EA2CB4ACB337535E906EDF7BB2E21D21.pdf\" target=\"_blank\" rel=\"noopener\">PDF: Inhaltsverzeichnis Skitourenf\u00fchrer \u00d6sterreich Band 1<\/a><\/li>\n<\/ul>","protected":false},"featured_media":32302,"template":"","meta":[],"product_brand":[],"product_cat":[21540],"product_tag":[],"class_list":{"0":"post-153148","1":"product","2":"type-product","3":"status-publish","4":"has-post-thumbnail","6":"product_cat-fuehrerliteratur-alpin-winter","7":"pa_autor-jentzsch-jentzsch-rabl-riesner","8":"pa_erscheinungsjahr-21610","9":"pa_region-oesterreich","10":"pa_sprache-de","12":"first","13":"outofstock","14":"taxable","15":"shipping-taxable","16":"purchasable","17":"product-type-simple"},"_links":{"self":[{"href":"https:\/\/pizbube.ch\/en\/wp-json\/wp\/v2\/product\/153148","targetHints":{"allow":["GET"]}}],"collection":[{"href":"https:\/\/pizbube.ch\/en\/wp-json\/wp\/v2\/product"}],"about":[{"href":"https:\/\/pizbube.ch\/en\/wp-json\/wp\/v2\/types\/product"}],"wp:featuredmedia":[{"embeddable":true,"href":"https:\/\/pizbube.ch\/en\/wp-json\/wp\/v2\/media\/32302"}],"wp:attachment":[{"href":"https:\/\/pizbube.ch\/en\/wp-json\/wp\/v2\/media?parent=153148"}],"wp:term":[{"taxonomy":"product_brand","embeddable":true,"href":"https:\/\/pizbube.ch\/en\/wp-json\/wp\/v2\/product_brand?post=153148"},{"taxonomy":"product_cat","embeddable":true,"href":"https:\/\/pizbube.ch\/en\/wp-json\/wp\/v2\/product_cat?post=153148"},{"taxonomy":"product_tag","embeddable":true,"href":"https:\/\/pizbube.ch\/en\/wp-json\/wp\/v2\/product_tag?post=153148"}],"curies":[{"name":"wp","href":"https:\/\/api.w.org\/{rel}","templated":true}]}}