{"id":153149,"date":"2021-01-15T12:35:14","date_gmt":"2021-01-15T12:35:14","guid":{"rendered":"https:\/\/codengine3.ch\/?product=import-placeholder-for-204601"},"modified":"2021-01-15T14:34:47","modified_gmt":"2021-01-15T14:34:47","slug":"schitouren-steiermark","status":"publish","type":"product","link":"https:\/\/pizbube.ch\/en\/shop\/schitouren-steiermark\/","title":{"rendered":"Schitouren Steiermark"},"content":{"rendered":"<p>\nDie 70 sch\u00f6nsten Touren. Inkl. Tourenf\u00fchrer mit GPS-Daten und<br \/>\nAufstiegsprofilen f\u00fcr mehr Sicherheit<\/p>\n<p>Vom Dachstein bis zur Koralpe, von den Schladminger Tauern bis zu den<br \/>\nFischbacher Alpen \u2013 die Steiermark ist ein vielf\u00e4ltiges Schitourenparadies.<br \/>\nVon den bekannten Klassikern bis zu unbekannten Tipps und Gustost\u00fcckerln haben<br \/>\ndie beiden bekannten Bergprofis Paul und Peter Sodamin einen Schitourenf\u00fchrer<br \/>\nzusammengestellt, der f\u00fcr alle Schitourengeher, ob Anf\u00e4nger oder Profi, etwas<br \/>\nzu bieten hat.<\/p>\n<p>Exakte Routenbeschreibungen, Kartenausschnitte und GPS-Daten bieten im Vorfeld<br \/>\nwichtige Entscheidungshilfen und Auswahlkriterien f\u00fcr die Planung von<br \/>\nSchitouren, prachtvolle Fotos erg\u00e4nzen die Informationen und laden zu einem<br \/>\nsicheren und mit allen Sinnen zu genie\u00dfenden Sportereignis ein.  <\/p>","protected":false},"excerpt":{"rendered":"<p>Die 70 sch\u00f6nsten Touren. Inkl. Tourenf\u00fchrer mit GPS-Daten und Aufstiegsprofilen f\u00fcr mehr Sicherheit Vom Dachstein bis zur Koralpe, von den Schladminger Tauern bis zu den Fischbacher Alpen \u2013 die Steiermark ist ein vielf\u00e4ltiges Schitourenparadies. Von den bekannten Klassikern bis zu unbekannten Tipps und Gustost\u00fcckerln haben die beiden bekannten Bergprofis Paul und Peter Sodamin einen Schitourenf\u00fchrer [&#8230;]\n","protected":false},"featured_media":32765,"template":"","meta":[],"product_brand":[],"product_cat":[21540],"product_tag":[],"class_list":{"0":"post-153149","1":"product","2":"type-product","3":"status-publish","4":"has-post-thumbnail","6":"product_cat-fuehrerliteratur-alpin-winter","7":"pa_autor-sodamin","8":"pa_erscheinungsjahr-21568","9":"pa_region-oesterreich","10":"pa_sprache-de","12":"first","13":"instock","14":"taxable","15":"shipping-taxable","16":"purchasable","17":"product-type-simple"},"_links":{"self":[{"href":"https:\/\/pizbube.ch\/en\/wp-json\/wp\/v2\/product\/153149","targetHints":{"allow":["GET"]}}],"collection":[{"href":"https:\/\/pizbube.ch\/en\/wp-json\/wp\/v2\/product"}],"about":[{"href":"https:\/\/pizbube.ch\/en\/wp-json\/wp\/v2\/types\/product"}],"wp:featuredmedia":[{"embeddable":true,"href":"https:\/\/pizbube.ch\/en\/wp-json\/wp\/v2\/media\/32765"}],"wp:attachment":[{"href":"https:\/\/pizbube.ch\/en\/wp-json\/wp\/v2\/media?parent=153149"}],"wp:term":[{"taxonomy":"product_brand","embeddable":true,"href":"https:\/\/pizbube.ch\/en\/wp-json\/wp\/v2\/product_brand?post=153149"},{"taxonomy":"product_cat","embeddable":true,"href":"https:\/\/pizbube.ch\/en\/wp-json\/wp\/v2\/product_cat?post=153149"},{"taxonomy":"product_tag","embeddable":true,"href":"https:\/\/pizbube.ch\/en\/wp-json\/wp\/v2\/product_tag?post=153149"}],"curies":[{"name":"wp","href":"https:\/\/api.w.org\/{rel}","templated":true}]}}