{"id":153151,"date":"2021-01-15T12:35:14","date_gmt":"2021-01-15T12:35:14","guid":{"rendered":"https:\/\/codengine3.ch\/?product=import-placeholder-for-202316"},"modified":"2024-06-21T10:37:15","modified_gmt":"2024-06-21T08:37:15","slug":"heini-holzer-meine-spur-mein-leben","status":"publish","type":"product","link":"https:\/\/pizbube.ch\/en\/shop\/heini-holzer-meine-spur-mein-leben\/","title":{"rendered":"Heini Holzer &#8211; Meine Spur, mein Leben"},"content":{"rendered":"<p>Heini Holzer war der Steilwandfahrer der Siebzigerjahre. Als Gratwanderer<br \/>\nzwischen Erfolgszwang und Todessehnsucht war er einer der ersten und besten<br \/>\nseiner Zunft. Am 4. Juli 1977 starb er im Alter von 32 Jahren beim Versuch,<br \/>\ndie Nordostwand des Piz Roseg in der Berninagruppe zu befahren. Es war seine<br \/>\n104. Steilwandfahrt.<\/p>\n<p>Holzer war ein au\u00dfergew\u00f6hnlicher Mensch: Aus einfachsten Verh\u00e4ltnissen<br \/>\nstammend, klein von Statur, aber z\u00e4h und willensstark, bew\u00e4ltigte er h\u00f6chste<br \/>\nSchwierigkeitsgrade in Eis und Fels. Als Hirte und Kaminkehrer blieb er aus<br \/>\n\u00dcberzeugung Amateur, spielte aber in den Sechziger- und Siebzigerjahren im<br \/>\nWettbewerb um Erstbesteigungen und -befahrungen der verbliebenen wei\u00dfen<br \/>\nFlecken der Alpen ganz vorne mit.<\/p>\n<p>Sein K\u00f6nnen als Kletterer stellte er unter anderem als Seilgef\u00e4hrte von Sepp<br \/>\nMayerl, Peter Habeler oder G\u00fcnther und Reinhold Messner unter Beweis. Seine<br \/>\nWelt war jene des VI. Schwierigkeitsgrades (damals der h\u00f6chste) und der<br \/>\n55\u00b0-W\u00e4nde. Im Steilwandfahren entwickelte er seinen eigenen Stil und befuhr<br \/>\ndie W\u00e4nde nur, nachdem er sie im Aufstieg bezwungen hatte. Niemals bediente er<br \/>\nsich eines Helikopters.<\/p>","protected":false},"excerpt":{"rendered":"<p>Heini Holzer war der Steilwandfahrer der Siebzigerjahre. Als Gratwanderer zwischen Erfolgszwang und Todessehnsucht war er einer der ersten und besten seiner Zunft. Am 4. Juli 1977 starb er im Alter von 32 Jahren beim Versuch, die Nordostwand des Piz Roseg in der Berninagruppe zu befahren. Es war seine 104. Steilwandfahrt. Holzer war ein au\u00dfergew\u00f6hnlicher Mensch: [&#8230;]\n","protected":false},"featured_media":173484,"template":"","meta":[],"product_brand":[],"product_cat":[21542],"product_tag":[],"class_list":{"0":"post-153151","1":"product","2":"type-product","3":"status-publish","4":"has-post-thumbnail","6":"product_cat-sachbuecher-dokumentationen","7":"pa_autor-larcher","8":"pa_erscheinungsjahr-21597","9":"pa_region-italien","10":"pa_sprache-de","12":"first","13":"instock","14":"taxable","15":"shipping-taxable","16":"purchasable","17":"product-type-simple"},"_links":{"self":[{"href":"https:\/\/pizbube.ch\/en\/wp-json\/wp\/v2\/product\/153151","targetHints":{"allow":["GET"]}}],"collection":[{"href":"https:\/\/pizbube.ch\/en\/wp-json\/wp\/v2\/product"}],"about":[{"href":"https:\/\/pizbube.ch\/en\/wp-json\/wp\/v2\/types\/product"}],"wp:featuredmedia":[{"embeddable":true,"href":"https:\/\/pizbube.ch\/en\/wp-json\/wp\/v2\/media\/173484"}],"wp:attachment":[{"href":"https:\/\/pizbube.ch\/en\/wp-json\/wp\/v2\/media?parent=153151"}],"wp:term":[{"taxonomy":"product_brand","embeddable":true,"href":"https:\/\/pizbube.ch\/en\/wp-json\/wp\/v2\/product_brand?post=153151"},{"taxonomy":"product_cat","embeddable":true,"href":"https:\/\/pizbube.ch\/en\/wp-json\/wp\/v2\/product_cat?post=153151"},{"taxonomy":"product_tag","embeddable":true,"href":"https:\/\/pizbube.ch\/en\/wp-json\/wp\/v2\/product_tag?post=153151"}],"curies":[{"name":"wp","href":"https:\/\/api.w.org\/{rel}","templated":true}]}}