{"id":153152,"date":"2021-01-15T12:35:14","date_gmt":"2021-01-15T12:35:14","guid":{"rendered":"https:\/\/codengine3.ch\/?product=import-placeholder-for-203559"},"modified":"2021-01-15T14:24:28","modified_gmt":"2021-01-15T14:24:28","slug":"la-trace-de-lange","status":"publish","type":"product","link":"https:\/\/pizbube.ch\/en\/shop\/la-trace-de-lange\/","title":{"rendered":"La trace de l`ange"},"content":{"rendered":"<p>La biographie de Marco Siffredi est bien plus que l`histoire intense et trop<br \/>\ncourte d`un jeune surfeur dou\u00e9, n\u00e9 au pied du Mont-Blanc.<br \/>\nCet enfant-terrible, devenu alpiniste et himalayiste, juste pour le plaisir de<br \/>\ndescendre n`a renonc\u00e9 \u00e0 aucun de ses r\u00eaves.<br \/>\nIl a d\u00e9fi\u00e9 la gravit\u00e9, de la physique et des hommes avec la m\u00eame gr\u00e2ce, fait<br \/>\npasser sur le monde de la montagne un grand coup d`air frais. Il restera<br \/>\nl`embl\u00e8me d`une g\u00e9n\u00e9ration. La vie de Marco Siffredi est une parabole moderne<br \/>\nde la fureur de vivre, propre \u00e0 une g\u00e9n\u00e9ration : surfeurs, free-rideurs,<br \/>\nskates qui ne renonce \u00e0 aucun de ses r\u00eaves.<br \/>\n\u00c0 vingt trois ans, ce personnage magnifique, dessine deux \u00e9l\u00e9gantes courbes au<br \/>\nsommet de l`Everest. Puis, il dispara\u00eet.<\/p>","protected":false},"excerpt":{"rendered":"<p>La biographie de Marco Siffredi est bien plus que l`histoire intense et trop courte d`un jeune surfeur dou\u00e9, n\u00e9 au pied du Mont-Blanc. Cet enfant-terrible, devenu alpiniste et himalayiste, juste pour le plaisir de descendre n`a renonc\u00e9 \u00e0 aucun de ses r\u00eaves. Il a d\u00e9fi\u00e9 la gravit\u00e9, de la physique et des hommes avec la [&#8230;]\n","protected":false},"featured_media":31200,"template":"","meta":[],"product_brand":[],"product_cat":[21542],"product_tag":[],"class_list":{"0":"post-153152","1":"product","2":"type-product","3":"status-publish","4":"has-post-thumbnail","6":"product_cat-sachbuecher-dokumentationen","7":"pa_autor-chandellier","8":"pa_erscheinungsjahr-21920","9":"pa_region-frankreich","10":"pa_sprache-fr","12":"first","13":"instock","14":"taxable","15":"shipping-taxable","16":"purchasable","17":"product-type-simple"},"_links":{"self":[{"href":"https:\/\/pizbube.ch\/en\/wp-json\/wp\/v2\/product\/153152","targetHints":{"allow":["GET"]}}],"collection":[{"href":"https:\/\/pizbube.ch\/en\/wp-json\/wp\/v2\/product"}],"about":[{"href":"https:\/\/pizbube.ch\/en\/wp-json\/wp\/v2\/types\/product"}],"wp:featuredmedia":[{"embeddable":true,"href":"https:\/\/pizbube.ch\/en\/wp-json\/wp\/v2\/media\/31200"}],"wp:attachment":[{"href":"https:\/\/pizbube.ch\/en\/wp-json\/wp\/v2\/media?parent=153152"}],"wp:term":[{"taxonomy":"product_brand","embeddable":true,"href":"https:\/\/pizbube.ch\/en\/wp-json\/wp\/v2\/product_brand?post=153152"},{"taxonomy":"product_cat","embeddable":true,"href":"https:\/\/pizbube.ch\/en\/wp-json\/wp\/v2\/product_cat?post=153152"},{"taxonomy":"product_tag","embeddable":true,"href":"https:\/\/pizbube.ch\/en\/wp-json\/wp\/v2\/product_tag?post=153152"}],"curies":[{"name":"wp","href":"https:\/\/api.w.org\/{rel}","templated":true}]}}