{"id":153154,"date":"2021-01-15T12:35:14","date_gmt":"2021-01-15T12:35:14","guid":{"rendered":"https:\/\/codengine3.ch\/?product=import-placeholder-for-202317"},"modified":"2021-01-15T12:35:17","modified_gmt":"2021-01-15T12:35:17","slug":"gehzeiten","status":"publish","type":"product","link":"https:\/\/pizbube.ch\/en\/shop\/gehzeiten\/","title":{"rendered":"Gehzeiten"},"content":{"rendered":"<p>In seinem zweiten Wanderlesebuch berichtet der freischaffende Fussg\u00e4nger Ren\u00e9<br \/>\nP. Moor von neuen Abenteuern in der Schweiz. 48 Episoden erz\u00e4hlen aus allen<br \/>\nGegenden \u00fcber Denk-, Frag- und Ehrw\u00fcrdiges. Von Badefreuden auf einem<br \/>\nVoralpengipfel, einer 16-t\u00e4gigen Etappenwanderung vom Thunersee in die Ajoie,<br \/>\nbis hin zu vermeintlich mystischen Begebenheiten in einer Wallfahrtskapelle.<br \/>\nSommers wie winters, zu Fuss und auf Schneeschuhen. F\u00fcr Sofareisende wie auch<br \/>\nf\u00fcr Nachahmungswillige. Ein vielsagendes Nachwort des Wanderkolumnisten und<br \/>\ndesignierten Wanderpapstes Thomas Widmer rundet das Lesespektakel w\u00fcrdig ab.  <\/p>\n<p>Das Buch beinhaltet 48, mit Sprachwitz und Ironie verfasste Wandererlebnisse.<br \/>\nDank pr\u00e4ziser Routenangaben lassen sich mit Hilfe der Landeskarte der Schweiz<br \/>\ns\u00e4mtliche Touren, darunter 9 mit Schneeschuhen, Schritt f\u00fcr Schritt<br \/>\nnachwandern.  <\/p>","protected":false},"excerpt":{"rendered":"<p>In seinem zweiten Wanderlesebuch berichtet der freischaffende Fussg\u00e4nger Ren\u00e9 P. Moor von neuen Abenteuern in der Schweiz. 48 Episoden erz\u00e4hlen aus allen Gegenden \u00fcber Denk-, Frag- und Ehrw\u00fcrdiges. Von Badefreuden auf einem Voralpengipfel, einer 16-t\u00e4gigen Etappenwanderung vom Thunersee in die Ajoie, bis hin zu vermeintlich mystischen Begebenheiten in einer Wallfahrtskapelle. Sommers wie winters, zu Fuss [&#8230;]\n","protected":false},"featured_media":29696,"template":"","meta":[],"product_brand":[],"product_cat":[21605],"product_tag":[],"class_list":{"0":"post-153154","1":"product","2":"type-product","3":"status-publish","4":"has-post-thumbnail","6":"product_cat-wanderfuehrer-trekking","7":"pa_autor-moor","8":"pa_erscheinungsjahr-21830","9":"pa_region-schweiz","10":"pa_sprache-de","12":"first","13":"instock","14":"taxable","15":"shipping-taxable","16":"purchasable","17":"product-type-simple"},"_links":{"self":[{"href":"https:\/\/pizbube.ch\/en\/wp-json\/wp\/v2\/product\/153154","targetHints":{"allow":["GET"]}}],"collection":[{"href":"https:\/\/pizbube.ch\/en\/wp-json\/wp\/v2\/product"}],"about":[{"href":"https:\/\/pizbube.ch\/en\/wp-json\/wp\/v2\/types\/product"}],"wp:featuredmedia":[{"embeddable":true,"href":"https:\/\/pizbube.ch\/en\/wp-json\/wp\/v2\/media\/29696"}],"wp:attachment":[{"href":"https:\/\/pizbube.ch\/en\/wp-json\/wp\/v2\/media?parent=153154"}],"wp:term":[{"taxonomy":"product_brand","embeddable":true,"href":"https:\/\/pizbube.ch\/en\/wp-json\/wp\/v2\/product_brand?post=153154"},{"taxonomy":"product_cat","embeddable":true,"href":"https:\/\/pizbube.ch\/en\/wp-json\/wp\/v2\/product_cat?post=153154"},{"taxonomy":"product_tag","embeddable":true,"href":"https:\/\/pizbube.ch\/en\/wp-json\/wp\/v2\/product_tag?post=153154"}],"curies":[{"name":"wp","href":"https:\/\/api.w.org\/{rel}","templated":true}]}}