{"id":153156,"date":"2021-01-15T12:35:14","date_gmt":"2021-01-15T12:35:14","guid":{"rendered":"https:\/\/codengine3.ch\/?product=import-placeholder-for-203187"},"modified":"2025-01-09T08:50:05","modified_gmt":"2025-01-09T07:50:05","slug":"kraeuter-kroepfe-hoehenkuren","status":"publish","type":"product","link":"https:\/\/pizbube.ch\/en\/shop\/kraeuter-kroepfe-hoehenkuren\/","title":{"rendered":"Kr\u00e4uter, Kr\u00f6pfe, H\u00f6henkuren"},"content":{"rendered":"<p>Die Alpen in der Medizin \u2013 Die Medizin in den Alpen<br \/>\nSeit Albrecht von Haller ist unsere Bergwelt ein wirksames Symbol f\u00fcr Kraft,<br \/>\nNat\u00fcrlichkeit und Gesundheit. Aber schon weit fr\u00fcher hat man die Alpen<br \/>\naufgesucht, um dort gesund zu werden. Das Buch illustriert mit Originaltexten<br \/>\nund farbigen und schwarzweissen Abbildungen die Geschichte der Alpen als<br \/>\nTherapielandschaft: Mineralquellen f\u00fchrten die Kranken schon im Mittelalter<br \/>\nbis in entlegene H\u00f6hen oder in tiefe Schluchten. Im 18. Jahrhundert kamen<br \/>\nMolkenkuren in Mode, und nach 1850 war es die Bergluft, die immer mehr<br \/>\nKuranten in die Berge lockte. Bis vor rund 50 Jahren wurde auch die<br \/>\nTuberkulose-Therapie im Hochgebirge durchgef\u00fchrt. Doch die Bewohner der Alpen<br \/>\nwaren nicht so gesund, wie es der Mythos wollte. Unf\u00e4lle und Krankheiten<br \/>\nbedrohten sie, die Kropfbildung war weit verbreitet. Heilung erhoffte man sich<br \/>\ndurch traditionelle Mittel und magische Praktiken. \u00c4rztliche Hilfe war meist<br \/>\nschwer zu erlangen. Hilfe brauchten aber auch Reisende und sp\u00e4ter die Berg-<br \/>\nund Wintersportler, was zur Gr\u00fcndung von alpinen Rettungsorganisationen<br \/>\nf\u00fchrte. Die Textsammlung vereinigt Ausschnitte aus naturkundlichen,<br \/>\nmedizinischen, touristischen und literarischen Werken vom 12. bis zum 21.<br \/>\nJahrhundert.<\/p>","protected":false},"excerpt":{"rendered":"<p>Die Alpen in der Medizin \u2013 Die Medizin in den Alpen Seit Albrecht von Haller ist unsere Bergwelt ein wirksames Symbol f\u00fcr Kraft, Nat\u00fcrlichkeit und Gesundheit. Aber schon weit fr\u00fcher hat man die Alpen aufgesucht, um dort gesund zu werden. Das Buch illustriert mit Originaltexten und farbigen und schwarzweissen Abbildungen die Geschichte der Alpen als [&#8230;]\n","protected":false},"featured_media":30733,"template":"","meta":[],"product_brand":[],"product_cat":[21580],"product_tag":[],"class_list":{"0":"post-153156","1":"product","2":"type-product","3":"status-publish","4":"has-post-thumbnail","6":"product_cat-kunst-kultur","7":"pa_autor-wyder","8":"pa_erscheinungsjahr-22292","9":"pa_region-schweiz","10":"pa_sprache-de","12":"first","13":"outofstock","14":"taxable","15":"shipping-taxable","16":"purchasable","17":"product-type-simple"},"_links":{"self":[{"href":"https:\/\/pizbube.ch\/en\/wp-json\/wp\/v2\/product\/153156","targetHints":{"allow":["GET"]}}],"collection":[{"href":"https:\/\/pizbube.ch\/en\/wp-json\/wp\/v2\/product"}],"about":[{"href":"https:\/\/pizbube.ch\/en\/wp-json\/wp\/v2\/types\/product"}],"wp:featuredmedia":[{"embeddable":true,"href":"https:\/\/pizbube.ch\/en\/wp-json\/wp\/v2\/media\/30733"}],"wp:attachment":[{"href":"https:\/\/pizbube.ch\/en\/wp-json\/wp\/v2\/media?parent=153156"}],"wp:term":[{"taxonomy":"product_brand","embeddable":true,"href":"https:\/\/pizbube.ch\/en\/wp-json\/wp\/v2\/product_brand?post=153156"},{"taxonomy":"product_cat","embeddable":true,"href":"https:\/\/pizbube.ch\/en\/wp-json\/wp\/v2\/product_cat?post=153156"},{"taxonomy":"product_tag","embeddable":true,"href":"https:\/\/pizbube.ch\/en\/wp-json\/wp\/v2\/product_tag?post=153156"}],"curies":[{"name":"wp","href":"https:\/\/api.w.org\/{rel}","templated":true}]}}