{"id":153157,"date":"2021-01-15T12:35:14","date_gmt":"2021-01-15T12:35:14","guid":{"rendered":"https:\/\/codengine3.ch\/?product=import-placeholder-for-203570"},"modified":"2021-01-15T14:24:32","modified_gmt":"2021-01-15T14:24:32","slug":"jahrbuch-2003","status":"publish","type":"product","link":"https:\/\/pizbube.ch\/en\/shop\/jahrbuch-2003\/","title":{"rendered":"Jahrbuch 2003"},"content":{"rendered":"<p>Themen:<br \/>\nProjekt Silberpyramide: Organisation eines h\u00f6henmedizinischen Gro\u00dfprojektes;<br \/>\nBioklimatische Aspekte beim H\u00f6hentrekking am Beispiel des Khumbutales\/Nepal;<br \/>\nRisikomanagement beim organisierten Trekking;<br \/>\nKameradenrettungs-Kenntnisse bei Himalaja-Trekkern;<br \/>\nWandlungen von Sicherheit und Risiko beim Bergsteigen, Bergtourismus und bei<br \/>\nder Hightech-Rettung im Gebirge;<br \/>\nusw.<\/p>","protected":false},"excerpt":{"rendered":"<p>Themen: Projekt Silberpyramide: Organisation eines h\u00f6henmedizinischen Gro\u00dfprojektes; Bioklimatische Aspekte beim H\u00f6hentrekking am Beispiel des Khumbutales\/Nepal; Risikomanagement beim organisierten Trekking; Kameradenrettungs-Kenntnisse bei Himalaja-Trekkern; Wandlungen von Sicherheit und Risiko beim Bergsteigen, Bergtourismus und bei der Hightech-Rettung im Gebirge; usw.<\/p>","protected":false},"featured_media":31213,"template":"","meta":[],"product_brand":[],"product_cat":[21542],"product_tag":[],"class_list":{"0":"post-153157","1":"product","2":"type-product","3":"status-publish","4":"has-post-thumbnail","6":"product_cat-sachbuecher-dokumentationen","7":"pa_autor-oesterreichische-gesellschaft-fuer-alpin-und-hoehenmedizin","8":"pa_erscheinungsjahr-22292","9":"pa_region-medizin-recht","10":"pa_sprache-de","12":"first","13":"instock","14":"taxable","15":"shipping-taxable","16":"purchasable","17":"product-type-simple"},"_links":{"self":[{"href":"https:\/\/pizbube.ch\/en\/wp-json\/wp\/v2\/product\/153157","targetHints":{"allow":["GET"]}}],"collection":[{"href":"https:\/\/pizbube.ch\/en\/wp-json\/wp\/v2\/product"}],"about":[{"href":"https:\/\/pizbube.ch\/en\/wp-json\/wp\/v2\/types\/product"}],"wp:featuredmedia":[{"embeddable":true,"href":"https:\/\/pizbube.ch\/en\/wp-json\/wp\/v2\/media\/31213"}],"wp:attachment":[{"href":"https:\/\/pizbube.ch\/en\/wp-json\/wp\/v2\/media?parent=153157"}],"wp:term":[{"taxonomy":"product_brand","embeddable":true,"href":"https:\/\/pizbube.ch\/en\/wp-json\/wp\/v2\/product_brand?post=153157"},{"taxonomy":"product_cat","embeddable":true,"href":"https:\/\/pizbube.ch\/en\/wp-json\/wp\/v2\/product_cat?post=153157"},{"taxonomy":"product_tag","embeddable":true,"href":"https:\/\/pizbube.ch\/en\/wp-json\/wp\/v2\/product_tag?post=153157"}],"curies":[{"name":"wp","href":"https:\/\/api.w.org\/{rel}","templated":true}]}}