{"id":153159,"date":"2021-01-15T12:35:15","date_gmt":"2021-01-15T12:35:15","guid":{"rendered":"https:\/\/codengine3.ch\/?product=import-placeholder-for-204212"},"modified":"2021-01-15T14:30:57","modified_gmt":"2021-01-15T14:30:57","slug":"montagne-sports-dvd","status":"publish","type":"product","link":"https:\/\/pizbube.ch\/en\/shop\/montagne-sports-dvd\/","title":{"rendered":"Montagne Sports DVD"},"content":{"rendered":"<p>2 heures d&#8217;images, 24 clips \u00e0 travers 4 \u00e9l\u00e9ments : la Neige, le Roc, la Glace<br \/>\net l&#8217;Air.<br \/>\nDes prises de vue exceptionnelles, des s\u00e9quences radicales.<br \/>\nTous les Sports, Toutes les disciplines.<br \/>\n120 min d&#8217;Actions en Montagne.<br \/>\nNEIGE: Ski &#8211; Surf &#8211; T\u00e9l\u00e9mark &#8211; Mono, Freestyle &#8211; Freeride &#8211; Pentes Raides<br \/>\nROC: Blocs &#8211; Falaises &#8211; Big Wall, Artif &#8211; 9\u00e8me degr\u00e9<br \/>\nGLACE: Goulottes &#8211; Cascades, Mixte &#8211; Ecole de Glace<br \/>\nAIR: Base Jump &#8211; Wing Suit, Speed Riding &#8211; Parapente &#8211; Accro<br \/>\nDVD PAL all zone<\/p>","protected":false},"excerpt":{"rendered":"<p>2 heures d&#8217;images, 24 clips \u00e0 travers 4 \u00e9l\u00e9ments : la Neige, le Roc, la Glace et l&#8217;Air. Des prises de vue exceptionnelles, des s\u00e9quences radicales. Tous les Sports, Toutes les disciplines. 120 min d&#8217;Actions en Montagne. NEIGE: Ski &#8211; Surf &#8211; T\u00e9l\u00e9mark &#8211; Mono, Freestyle &#8211; Freeride &#8211; Pentes Raides ROC: Blocs &#8211; Falaises [&#8230;]\n","protected":false},"featured_media":32002,"template":"","meta":[],"product_brand":[],"product_cat":[21628],"product_tag":[],"class_list":{"0":"post-153159","1":"product","2":"type-product","3":"status-publish","4":"has-post-thumbnail","6":"product_cat-video-dvd-multimedia","7":"pa_autor-tkb","8":"pa_erscheinungsjahr-21763","9":"pa_region-frankreich","10":"pa_sprache-fr","12":"first","13":"instock","14":"taxable","15":"shipping-taxable","16":"purchasable","17":"product-type-simple"},"_links":{"self":[{"href":"https:\/\/pizbube.ch\/en\/wp-json\/wp\/v2\/product\/153159","targetHints":{"allow":["GET"]}}],"collection":[{"href":"https:\/\/pizbube.ch\/en\/wp-json\/wp\/v2\/product"}],"about":[{"href":"https:\/\/pizbube.ch\/en\/wp-json\/wp\/v2\/types\/product"}],"wp:featuredmedia":[{"embeddable":true,"href":"https:\/\/pizbube.ch\/en\/wp-json\/wp\/v2\/media\/32002"}],"wp:attachment":[{"href":"https:\/\/pizbube.ch\/en\/wp-json\/wp\/v2\/media?parent=153159"}],"wp:term":[{"taxonomy":"product_brand","embeddable":true,"href":"https:\/\/pizbube.ch\/en\/wp-json\/wp\/v2\/product_brand?post=153159"},{"taxonomy":"product_cat","embeddable":true,"href":"https:\/\/pizbube.ch\/en\/wp-json\/wp\/v2\/product_cat?post=153159"},{"taxonomy":"product_tag","embeddable":true,"href":"https:\/\/pizbube.ch\/en\/wp-json\/wp\/v2\/product_tag?post=153159"}],"curies":[{"name":"wp","href":"https:\/\/api.w.org\/{rel}","templated":true}]}}