{"id":153164,"date":"2021-01-15T12:35:15","date_gmt":"2021-01-15T12:35:15","guid":{"rendered":"https:\/\/codengine3.ch\/?product=import-placeholder-for-202323"},"modified":"2021-01-15T12:35:19","modified_gmt":"2021-01-15T12:35:19","slug":"bayerische-voralpen","status":"publish","type":"product","link":"https:\/\/pizbube.ch\/en\/shop\/bayerische-voralpen\/","title":{"rendered":"Bayerische Voralpen"},"content":{"rendered":"<p>Klettern von Benediktenrwand bis Kampenwand  <\/p>\n<p>1100 Routen in allen Schwierigkeitsgraden von 3 bis 11 von kurzen 10-Meter-<br \/>\nRouten bis zu 10-Seill\u00e4ngen-Routen, dabei ist der Schwerpunkt in den Graden 5<br \/>\nbis 7.  <\/p>\n<p>27 Klettergebiete s\u00fcdlich von M\u00fcnchen und Rosenheim sind beschrieben:<br \/>\nTopokletterf\u00fchrer f\u00fcr Folgende Gebiete:<br \/>\nKochel, Bad Heilbrunn, Benediktenwand, Jachenau, Brauneck, Probstenwand,<br \/>\nDemmelspitze, Rossstein, Buchstein, Leonhardstein, Daffensteine, Plankenstein,<br \/>\nKrettenburg, Taubenstein, Klammspitzen, Ministrandtenwandl,Rotwandkopf,<br \/>\nSebaldstein, Ruchenk\u00f6pfe, Kleintiefental, Hochmiesing, Gschwandtpfeiler,<br \/>\nKasererwand, Lacherspitz, Bixlwand, Flintsbach, Luegsteinsee, Ramserer Stoa,<br \/>\nHeuberg, Kampenwand  <\/p>","protected":false},"excerpt":{"rendered":"<p>Klettern von Benediktenrwand bis Kampenwand 1100 Routen in allen Schwierigkeitsgraden von 3 bis 11 von kurzen 10-Meter- Routen bis zu 10-Seill\u00e4ngen-Routen, dabei ist der Schwerpunkt in den Graden 5 bis 7. 27 Klettergebiete s\u00fcdlich von M\u00fcnchen und Rosenheim sind beschrieben: Topokletterf\u00fchrer f\u00fcr Folgende Gebiete: Kochel, Bad Heilbrunn, Benediktenwand, Jachenau, Brauneck, Probstenwand, Demmelspitze, Rossstein, Buchstein, Leonhardstein, [&#8230;]\n","protected":false},"featured_media":29700,"template":"","meta":[],"product_brand":[],"product_cat":[21539],"product_tag":[],"class_list":{"0":"post-153164","1":"product","2":"type-product","3":"status-publish","4":"has-post-thumbnail","6":"product_cat-fuehrerliteratur-sportklettern-bouldern","7":"pa_autor-lochner","8":"pa_erscheinungsjahr-21591","9":"pa_region-deutschland","10":"pa_sprache-de","12":"first","13":"instock","14":"taxable","15":"shipping-taxable","16":"purchasable","17":"product-type-simple"},"_links":{"self":[{"href":"https:\/\/pizbube.ch\/en\/wp-json\/wp\/v2\/product\/153164","targetHints":{"allow":["GET"]}}],"collection":[{"href":"https:\/\/pizbube.ch\/en\/wp-json\/wp\/v2\/product"}],"about":[{"href":"https:\/\/pizbube.ch\/en\/wp-json\/wp\/v2\/types\/product"}],"wp:featuredmedia":[{"embeddable":true,"href":"https:\/\/pizbube.ch\/en\/wp-json\/wp\/v2\/media\/29700"}],"wp:attachment":[{"href":"https:\/\/pizbube.ch\/en\/wp-json\/wp\/v2\/media?parent=153164"}],"wp:term":[{"taxonomy":"product_brand","embeddable":true,"href":"https:\/\/pizbube.ch\/en\/wp-json\/wp\/v2\/product_brand?post=153164"},{"taxonomy":"product_cat","embeddable":true,"href":"https:\/\/pizbube.ch\/en\/wp-json\/wp\/v2\/product_cat?post=153164"},{"taxonomy":"product_tag","embeddable":true,"href":"https:\/\/pizbube.ch\/en\/wp-json\/wp\/v2\/product_tag?post=153164"}],"curies":[{"name":"wp","href":"https:\/\/api.w.org\/{rel}","templated":true}]}}