{"id":153165,"date":"2021-01-15T12:35:15","date_gmt":"2021-01-15T12:35:15","guid":{"rendered":"https:\/\/codengine3.ch\/?product=import-placeholder-for-203359"},"modified":"2021-04-15T10:52:15","modified_gmt":"2021-04-15T08:52:15","slug":"kletterfuehrer-vogtland","status":"publish","type":"product","link":"https:\/\/pizbube.ch\/en\/shop\/kletterfuehrer-vogtland\/","title":{"rendered":"Kletterf\u00fchrer Vogtland"},"content":{"rendered":"<p>Kletterf\u00fchrer Vogtland. Klettern im Vierl\u00e4ndereck zwischen Bayern, Th\u00fcringen,<br \/>\nSachsen und B\u00f6hmen.<\/p>\n<p>Erstmals gibt es f\u00fcr das Vogtland, im Vierl\u00e4ndereck zwischen Bayern,<br \/>\nTh\u00fcringen, Sachsen und B\u00f6hmen gelegen, einen Topokartenf\u00fchrer. Wie Andreas<br \/>\nSchuster eindrucksvoll aufzeigt kann in dieser historisch bedeutsamen und<br \/>\nlandschaftlich sehr reizvollen Region auch prima geklettert werden. Weit \u00fcber<br \/>\n1000 neue Klebehaken warten darauf geklinkt zu werden!<\/p>\n<p>Endlich ist der von Vielen hei\u00df ersehnte Vogtlandf\u00fchrer in der 2. Auflage<br \/>\nerh\u00e4ltlich. Gebietskenner und F\u00fchrerautor Andreas Schuster zeigt eindrucksvoll<br \/>\nauf, dass man in dieser historisch bedeutsamen und landschaftlich sehr<br \/>\nreizvollen Region im Vierl\u00e4ndereck zwischen Bayern, Th\u00fcringen, Sachsen und<br \/>\nB\u00f6hmen ausgezeichnet klettern kann. Die neue Auflage ist komplett \u00fcberarbeitet<br \/>\nund umfasst jetzt mehr als 1000 Routen in den Schwierigkeitsgranden 3 bis 9.<\/p>\n<p>Beschriebene Gebiete: Steinicht, Elstertal, G\u00f6ltzschtal und die Auersberger<br \/>\nGebiete.<\/p>","protected":false},"excerpt":{"rendered":"<ul>\n<li><a href=\"https:\/\/pizbube.ch\/wp-content\/uploads\/attachments\/a_002\/17C300BBBFDA6C2C2CFE6E5A360A25DD.pdf\" target=\"_blank\" rel=\"noopener\">PDF: Vogtland-Leseprobe.pdf<\/a><\/li>\n<\/ul>","protected":false},"featured_media":156896,"template":"","meta":[],"product_brand":[],"product_cat":[21539],"product_tag":[],"class_list":{"0":"post-153165","1":"product","2":"type-product","3":"status-publish","4":"has-post-thumbnail","6":"product_cat-fuehrerliteratur-sportklettern-bouldern","7":"pa_autor-schuster","8":"pa_erscheinungsjahr-21546","9":"pa_region-deutschland","10":"pa_sprache-de","12":"first","13":"instock","14":"taxable","15":"shipping-taxable","16":"purchasable","17":"product-type-simple"},"_links":{"self":[{"href":"https:\/\/pizbube.ch\/en\/wp-json\/wp\/v2\/product\/153165","targetHints":{"allow":["GET"]}}],"collection":[{"href":"https:\/\/pizbube.ch\/en\/wp-json\/wp\/v2\/product"}],"about":[{"href":"https:\/\/pizbube.ch\/en\/wp-json\/wp\/v2\/types\/product"}],"wp:featuredmedia":[{"embeddable":true,"href":"https:\/\/pizbube.ch\/en\/wp-json\/wp\/v2\/media\/156896"}],"wp:attachment":[{"href":"https:\/\/pizbube.ch\/en\/wp-json\/wp\/v2\/media?parent=153165"}],"wp:term":[{"taxonomy":"product_brand","embeddable":true,"href":"https:\/\/pizbube.ch\/en\/wp-json\/wp\/v2\/product_brand?post=153165"},{"taxonomy":"product_cat","embeddable":true,"href":"https:\/\/pizbube.ch\/en\/wp-json\/wp\/v2\/product_cat?post=153165"},{"taxonomy":"product_tag","embeddable":true,"href":"https:\/\/pizbube.ch\/en\/wp-json\/wp\/v2\/product_tag?post=153165"}],"curies":[{"name":"wp","href":"https:\/\/api.w.org\/{rel}","templated":true}]}}