{"id":153166,"date":"2021-01-15T12:35:15","date_gmt":"2021-01-15T12:35:15","guid":{"rendered":"https:\/\/codengine3.ch\/?product=import-placeholder-for-208106"},"modified":"2023-09-05T10:31:09","modified_gmt":"2023-09-05T08:31:09","slug":"kletterfuehrer-bayerische-alpen-band-1","status":"publish","type":"product","link":"https:\/\/pizbube.ch\/en\/shop\/kletterfuehrer-bayerische-alpen-band-1\/","title":{"rendered":"Kletterf\u00fchrer Bayerische Alpen Band 1"},"content":{"rendered":"<p><em>Klettern im Chiemgau<\/em>, das bedeutete fr\u00fcher (also damals, als das Sportklettern noch nicht erfunden war): Training f\u00fcr die richtigen Berge und zwar an der <em>Kampenwand<\/em> und vielleicht noch an der <em>H\u00f6rndlwand<\/em>. Diese beiden &#8211; inzwischen meist sanierten &#8211; Traditionsgebiete werden in diesem F\u00fchrer vollumf\u00e4nglich beschrieben.<br \/>\nHeute verbinden die meisten Kletterer mit dem <em>Chiemgau<\/em> jedoch eher die sonnigen Felsen des <em>Achentals<\/em>, wie die <em>Zellerwand<\/em>, das <em>Pleitewandl<\/em> oder das sch\u00f6ne, einfache <em>Auerwandl<\/em>. Sp\u00e4testens seit der ersten Auflage dieses F\u00fchrers wissen aber viele, dass es auch rund um Ruhpolding und Inzell sowie oberhalb von Aschau, an den Nebenfelsen der <em>Kampenwand<\/em>, attraktive <em>Kletterg\u00e4rten<\/em> gibt.<br \/>\nWeil die Bayerischen Alpen \u00f6stlich des Chiemgaus jedoch noch lange nicht zu Ende sind, geh\u00f6ren in diesen F\u00fchrer nat\u00fcrlich auch die Sportklettergebiete rund um Berchtesgaden. Der Heimat-Klettergarten der Huberbuam, Karlstein bei Bad Reichenhall, ist das gr\u00f6\u00dfte davon \u2013 daneben finden sich noch einige kleinere und weniger bekannte Kletterm\u00f6glichkeiten zu F\u00fc\u00dfen des Watzmanns.<\/p>\n<p>Der Autor Markus Stadler hat bereits in der 2. Auflage die teils dynamische Entwicklung der Sportklettergebiete unter tatkr\u00e4ftiger Mitwirkung vieler Locals auf den neusten Stand gebracht. So wurde am Kaltwasserl und in Klobenstein sehr viel erschlossen, die Routenanzahl hat sich dort mehr als verdoppelt. Auch an vielen anderen Felsen hat sich Einiges getan. Unter anderem fand das Sommergebiet Burgauer Wand bei Oberw\u00f6ssen Einzug in den Kletterf\u00fchrer.<\/p>\n<p>Der Kletterf\u00fchrer Bayerische Alpen Band 1 &#8211; Chiemgau und Berchtesgaden inklusive Kampenwand ist Teil einer dreib\u00e4ndigen Reihe. Der Band 2 beschreibt die Klettergebiete Out of Rosenheim &amp; Kufstein und der Band 3 die Region von Bayrischzell bis Benediktbeuern.<br \/>\nMit der im Fr\u00fcsommer 2023 erscheinenden 3. Auflage wird die Entwicklung der letzten vier Jahre dokumentiert<\/p>\n<p>Inkl. vertical-life App<br \/>\n3. Auflage 2023, ca. 460 Seiten,<br \/>\n148 x 185 mm, Softcover, komplett 4 Farbig<\/p>","protected":false},"excerpt":{"rendered":"<p>Klettern im Chiemgau, das bedeutete fr\u00fcher (also damals, als das Sportklettern noch nicht erfunden war): Training f\u00fcr die richtigen Berge und zwar an der Kampenwand und vielleicht noch an der H\u00f6rndlwand. Diese beiden &#8211; inzwischen meist sanierten &#8211; Traditionsgebiete werden in diesem F\u00fchrer vollumf\u00e4nglich beschrieben. Heute verbinden die meisten Kletterer mit dem Chiemgau jedoch eher [&#8230;]\n","protected":false},"featured_media":168603,"template":"","meta":[],"product_brand":[],"product_cat":[21539],"product_tag":[],"class_list":{"0":"post-153166","1":"product","2":"type-product","3":"status-publish","4":"has-post-thumbnail","6":"product_cat-fuehrerliteratur-sportklettern-bouldern","7":"pa_autor-stadler","8":"pa_erscheinungsjahr-27129","9":"pa_region-deutschland","10":"pa_sprache-de","12":"first","13":"instock","14":"taxable","15":"shipping-taxable","16":"purchasable","17":"product-type-simple"},"_links":{"self":[{"href":"https:\/\/pizbube.ch\/en\/wp-json\/wp\/v2\/product\/153166","targetHints":{"allow":["GET"]}}],"collection":[{"href":"https:\/\/pizbube.ch\/en\/wp-json\/wp\/v2\/product"}],"about":[{"href":"https:\/\/pizbube.ch\/en\/wp-json\/wp\/v2\/types\/product"}],"wp:featuredmedia":[{"embeddable":true,"href":"https:\/\/pizbube.ch\/en\/wp-json\/wp\/v2\/media\/168603"}],"wp:attachment":[{"href":"https:\/\/pizbube.ch\/en\/wp-json\/wp\/v2\/media?parent=153166"}],"wp:term":[{"taxonomy":"product_brand","embeddable":true,"href":"https:\/\/pizbube.ch\/en\/wp-json\/wp\/v2\/product_brand?post=153166"},{"taxonomy":"product_cat","embeddable":true,"href":"https:\/\/pizbube.ch\/en\/wp-json\/wp\/v2\/product_cat?post=153166"},{"taxonomy":"product_tag","embeddable":true,"href":"https:\/\/pizbube.ch\/en\/wp-json\/wp\/v2\/product_tag?post=153166"}],"curies":[{"name":"wp","href":"https:\/\/api.w.org\/{rel}","templated":true}]}}