{"id":153171,"date":"2021-01-15T12:35:21","date_gmt":"2021-01-15T12:35:21","guid":{"rendered":"https:\/\/codengine3.ch\/?product=import-placeholder-for-207079"},"modified":"2024-02-27T12:01:49","modified_gmt":"2024-02-27T11:01:49","slug":"cuenca-sport-climbing-escalada-deportiva-sport-climbing","status":"publish","type":"product","link":"https:\/\/pizbube.ch\/en\/shop\/cuenca-sport-climbing-escalada-deportiva-sport-climbing\/","title":{"rendered":"Cuenca Sport Climbing &#8211; Escalada Deportiva \/ sport climbing"},"content":{"rendered":"<p>A new full colour A5 topo guide to the sports climbing crags of Cuenca; an<br \/>\narea approx 180km east of the Spanish capital Madrid and lying at an altitude<br \/>\nof about 1000 m.<\/p>\n<p>The guide contains descriptions of over 600 routes, mostly single pitch and<br \/>\nfully equipped with bolts and lower offs. With ideal climbing conditions in<br \/>\nthe spring and autumn and all the climbing concentrated into a relatively<br \/>\nsmall area this could offer a fantastic alternative to the more traditional<br \/>\nBritish honey-pots of the Costa Blanca and the Costa Daurada.<\/p>\n<p>English and Spanish languages.<br \/>\n3rd edition 2019<\/p>\n<p>&nbsp;<\/p>\n<p><strong>SONDERPREIS AUSGABE 2019: CHF 24.00 STATT 48.50<\/strong><\/p>\n<p>&nbsp;<\/p>\n<p>Cuenca, sin duda alguna, es hoy por hoy una de las mejores zonas de escalada<br \/>\ndeportiva de Europa. Las rutas est\u00e1n a la altura de las necesidades de<br \/>\ncualquier escalador: muros largos, verticales, semidesplomados y desplomes<br \/>\nbrutales. Fuerza, continuidad y resistencia, mezclados con grandes dosis de<br \/>\nt\u00e9cnica, han hecho de Cuenca la &#171;Ciudad de la Escalada&#187;.<\/p>\n<p>Esta edici\u00f3n incluye m\u00e1s de 300 nuevas v\u00edas, con croquis detallados sobre<br \/>\nfotograf\u00edas, iconos informativos de f\u00e1cil lectura, coordenadas GPS de los<br \/>\naparcamientos y mapas de acceso. Tambi\u00e9n encontrar\u00e1s una completa tabla-<br \/>\nresumen con el n\u00famero de v\u00edas, grados, orientaci\u00f3n de los sectores, zonas m\u00e1s<br \/>\nid\u00f3neas para los ni\u00f1os, v\u00edas recomendadas en todos los niveles, mejor \u00e9poca<br \/>\npara escalar en cada sector&#8230;<\/p>\n<p>\u2022 1.425 v\u00edas.<br \/>\n\u2022 Croquis sobre foto.<br \/>\n\u2022 Biling\u00fce espa\u00f1ol-ingl\u00e9s.<br \/>\n\u2022 Mapas de situaci\u00f3n.<br \/>\n\u2022 Coordenadas GPS.<br \/>\n\u2022 Incluye tambi\u00e9n la zona de Priego, cercana a Cuenca.<br \/>\n\u2022 Sectores con sistemas de iconos, v\u00edas recomendadas, listado de rutas&#8230;<\/p>","protected":false},"excerpt":{"rendered":"<p>A new full colour A5 topo guide to the sports climbing crags of Cuenca; an area approx 180km east of the Spanish capital Madrid and lying at an altitude of about 1000 m. The guide contains descriptions of over 600 routes, mostly single pitch and fully equipped with bolts and lower offs. With ideal climbing [&#8230;]\n","protected":false},"featured_media":36683,"template":"","meta":[],"product_brand":[],"product_cat":[21539],"product_tag":[],"class_list":{"0":"post-153171","1":"product","2":"type-product","3":"status-publish","4":"has-post-thumbnail","6":"product_cat-fuehrerliteratur-sportklettern-bouldern","7":"pa_autor-yanez-manuel-olarte","8":"pa_erscheinungsjahr-21586","9":"pa_region-spanien","10":"pa_sprache-en-es","12":"first","13":"instock","14":"sale","15":"taxable","16":"shipping-taxable","17":"purchasable","18":"product-type-simple"},"_links":{"self":[{"href":"https:\/\/pizbube.ch\/en\/wp-json\/wp\/v2\/product\/153171","targetHints":{"allow":["GET"]}}],"collection":[{"href":"https:\/\/pizbube.ch\/en\/wp-json\/wp\/v2\/product"}],"about":[{"href":"https:\/\/pizbube.ch\/en\/wp-json\/wp\/v2\/types\/product"}],"wp:featuredmedia":[{"embeddable":true,"href":"https:\/\/pizbube.ch\/en\/wp-json\/wp\/v2\/media\/36683"}],"wp:attachment":[{"href":"https:\/\/pizbube.ch\/en\/wp-json\/wp\/v2\/media?parent=153171"}],"wp:term":[{"taxonomy":"product_brand","embeddable":true,"href":"https:\/\/pizbube.ch\/en\/wp-json\/wp\/v2\/product_brand?post=153171"},{"taxonomy":"product_cat","embeddable":true,"href":"https:\/\/pizbube.ch\/en\/wp-json\/wp\/v2\/product_cat?post=153171"},{"taxonomy":"product_tag","embeddable":true,"href":"https:\/\/pizbube.ch\/en\/wp-json\/wp\/v2\/product_tag?post=153171"}],"curies":[{"name":"wp","href":"https:\/\/api.w.org\/{rel}","templated":true}]}}