{"id":153172,"date":"2021-01-15T12:35:21","date_gmt":"2021-01-15T12:35:21","guid":{"rendered":"https:\/\/codengine3.ch\/?product=import-placeholder-for-203718"},"modified":"2021-01-15T14:25:57","modified_gmt":"2021-01-15T14:25:57","slug":"klettern-alpin","status":"publish","type":"product","link":"https:\/\/pizbube.ch\/en\/shop\/klettern-alpin\/","title":{"rendered":"Klettern alpin"},"content":{"rendered":"<p>Klettern in der Kletterhalle ist das eine, die Begegnung mit dem echten Fels<br \/>\ndas andere. Der Schritt von der Halle hinaus in die Natur und speziell zu den<br \/>\nKletterrouten im Gebirge ist nicht immer einfach. Wie der Umstieg m\u00f6glichst<br \/>\nsicher gelingt, beschreibt Bruckmann Basic Klettern alpin. Dazu enth\u00e4lt dieses<br \/>\nBuch alle wichtigen Grundlagen f\u00fcr das Klettern im Gebirge: Ausr\u00fcstung,<br \/>\nKletter-, Seil- und Sicherungstechnik, Tourenplanung und Tourenvorschl\u00e4ge. 96<br \/>\nSeiten, mit 60 Abbildungen<\/p>","protected":false},"excerpt":{"rendered":"<p>Klettern in der Kletterhalle ist das eine, die Begegnung mit dem echten Fels das andere. Der Schritt von der Halle hinaus in die Natur und speziell zu den Kletterrouten im Gebirge ist nicht immer einfach. Wie der Umstieg m\u00f6glichst sicher gelingt, beschreibt Bruckmann Basic Klettern alpin. Dazu enth\u00e4lt dieses Buch alle wichtigen Grundlagen f\u00fcr das [&#8230;]\n","protected":false},"featured_media":31384,"template":"","meta":[],"product_brand":[],"product_cat":[21538],"product_tag":[],"class_list":{"0":"post-153172","1":"product","2":"type-product","3":"status-publish","4":"has-post-thumbnail","6":"product_cat-lehrbuecher","7":"pa_autor-sojer","8":"pa_erscheinungsjahr-21776","9":"pa_region-klettertechnik","10":"pa_sprache-de","12":"first","13":"outofstock","14":"taxable","15":"shipping-taxable","16":"purchasable","17":"product-type-simple"},"_links":{"self":[{"href":"https:\/\/pizbube.ch\/en\/wp-json\/wp\/v2\/product\/153172","targetHints":{"allow":["GET"]}}],"collection":[{"href":"https:\/\/pizbube.ch\/en\/wp-json\/wp\/v2\/product"}],"about":[{"href":"https:\/\/pizbube.ch\/en\/wp-json\/wp\/v2\/types\/product"}],"wp:featuredmedia":[{"embeddable":true,"href":"https:\/\/pizbube.ch\/en\/wp-json\/wp\/v2\/media\/31384"}],"wp:attachment":[{"href":"https:\/\/pizbube.ch\/en\/wp-json\/wp\/v2\/media?parent=153172"}],"wp:term":[{"taxonomy":"product_brand","embeddable":true,"href":"https:\/\/pizbube.ch\/en\/wp-json\/wp\/v2\/product_brand?post=153172"},{"taxonomy":"product_cat","embeddable":true,"href":"https:\/\/pizbube.ch\/en\/wp-json\/wp\/v2\/product_cat?post=153172"},{"taxonomy":"product_tag","embeddable":true,"href":"https:\/\/pizbube.ch\/en\/wp-json\/wp\/v2\/product_tag?post=153172"}],"curies":[{"name":"wp","href":"https:\/\/api.w.org\/{rel}","templated":true}]}}