{"id":153173,"date":"2021-01-15T12:35:21","date_gmt":"2021-01-15T12:35:21","guid":{"rendered":"https:\/\/codengine3.ch\/?product=import-placeholder-for-204071"},"modified":"2021-01-15T14:29:31","modified_gmt":"2021-01-15T14:29:31","slug":"escalade-a-fontainebleau-hors-piste-niveau-6-et","status":"publish","type":"product","link":"https:\/\/pizbube.ch\/en\/shop\/escalade-a-fontainebleau-hors-piste-niveau-6-et\/","title":{"rendered":"Escalade \u00e0 Fontainebleau Hors piste, niveau 6 et +"},"content":{"rendered":"<p>Un tour complet de tous les massifs de la for\u00eat, des plus connus aux plus<br \/>\nrecul\u00e9s, qui permet de r\u00e9pertorier les voies les plus r\u00e9centes, en particulier<br \/>\ncelles qui s&#8217;inscrivent dans la haute difficult\u00e9.<br \/>\nCe guide propose une nouvelle mani\u00e8re d&#8217;aborder l&#8217;escalade \u00e0 Fontainebleau, la<br \/>\npratique ayant consid\u00e9rablement \u00e9volu\u00e9. Les grimpeurs qui s&#8217;y rendent chaque<br \/>\nann\u00e9e par milliers ont en effet renouvel\u00e9 les d\u00e9fis, bien souvent en dehors<br \/>\ndes circuits traditionnels. Plus de soixante sites sont pr\u00e9sent\u00e9s, avec des<br \/>\nphotos, des conseils, des informations pratiques, des cartes. 288 p.<\/p>","protected":false},"excerpt":{"rendered":"<p>Un tour complet de tous les massifs de la for\u00eat, des plus connus aux plus recul\u00e9s, qui permet de r\u00e9pertorier les voies les plus r\u00e9centes, en particulier celles qui s&#8217;inscrivent dans la haute difficult\u00e9. Ce guide propose une nouvelle mani\u00e8re d&#8217;aborder l&#8217;escalade \u00e0 Fontainebleau, la pratique ayant consid\u00e9rablement \u00e9volu\u00e9. Les grimpeurs qui s&#8217;y rendent chaque [&#8230;]\n","protected":false},"featured_media":31818,"template":"","meta":[],"product_brand":[],"product_cat":[21539],"product_tag":[],"class_list":{"0":"post-153173","1":"product","2":"type-product","3":"status-publish","4":"has-post-thumbnail","6":"product_cat-fuehrerliteratur-sportklettern-bouldern","7":"pa_autor-montchausse-godoffe-2","8":"pa_erscheinungsjahr-21763","9":"pa_region-frankreich","10":"pa_sprache-fr","12":"first","13":"outofstock","14":"taxable","15":"shipping-taxable","16":"purchasable","17":"product-type-simple"},"_links":{"self":[{"href":"https:\/\/pizbube.ch\/en\/wp-json\/wp\/v2\/product\/153173","targetHints":{"allow":["GET"]}}],"collection":[{"href":"https:\/\/pizbube.ch\/en\/wp-json\/wp\/v2\/product"}],"about":[{"href":"https:\/\/pizbube.ch\/en\/wp-json\/wp\/v2\/types\/product"}],"wp:featuredmedia":[{"embeddable":true,"href":"https:\/\/pizbube.ch\/en\/wp-json\/wp\/v2\/media\/31818"}],"wp:attachment":[{"href":"https:\/\/pizbube.ch\/en\/wp-json\/wp\/v2\/media?parent=153173"}],"wp:term":[{"taxonomy":"product_brand","embeddable":true,"href":"https:\/\/pizbube.ch\/en\/wp-json\/wp\/v2\/product_brand?post=153173"},{"taxonomy":"product_cat","embeddable":true,"href":"https:\/\/pizbube.ch\/en\/wp-json\/wp\/v2\/product_cat?post=153173"},{"taxonomy":"product_tag","embeddable":true,"href":"https:\/\/pizbube.ch\/en\/wp-json\/wp\/v2\/product_tag?post=153173"}],"curies":[{"name":"wp","href":"https:\/\/api.w.org\/{rel}","templated":true}]}}