{"id":153175,"date":"2021-01-15T12:35:22","date_gmt":"2021-01-15T12:35:22","guid":{"rendered":"https:\/\/codengine3.ch\/?product=import-placeholder-for-202929"},"modified":"2022-10-27T09:03:54","modified_gmt":"2022-10-27T07:03:54","slug":"chur-hinterrhein","status":"publish","type":"product","link":"https:\/\/pizbube.ch\/en\/shop\/chur-hinterrhein\/","title":{"rendered":"Chur-Hinterrhein"},"content":{"rendered":"<p class=\"mt-3\">Mittelb\u00fcnden \u2013 zwischen Churer Rheintal und Misox<\/p>\n<p><span class=\"value\">Vom vergletscherten Alpenhauptkamm bis zu mediterranen Weinbergen \u2013 die Talschaften Graub\u00fcndens, vom Churer Rheintal bis zum Misox, sind prachtvolle Wandergebiete. Urspr\u00fcngliche, wildromantische Berglandschaften warten auf ihre Entdeckung. Der Rother Wanderf\u00fchrer \u00bbChur \u2013 Hinterrhein\u00ab stellt 50 abwechslungsreiche Touren vor.Die Auswahl reicht von gem\u00fctlichen Kulturwanderungen im Tal \u00fcber H\u00fctten- und H\u00f6henwege bis hin zu fordernden Gipfelbesteigungen. Die Autoren Rudolf, Siegrun und Christian Weiss haben aus dem reichhaltigen Tourenangebot ihrer Wahlheimat eine Auswahl f\u00fcr jeden Geschmack zusammengestellt.<\/span><\/p>\n<p><span class=\"value\">Jede Wanderung wird mit einer zuverl\u00e4ssigen Routenbeschreibung, einem Wanderk\u00e4rtchen mit eingetragenem Routenverlauf und einem aussagekr\u00e4ftigen H\u00f6henprofil vorgestellt. Hinzu kommen viele Informationen \u00fcber die Anreise mit \u00f6ffentlichen Verkehrsmitteln, Einkehrtipps und Varianten. F\u00fcr alle Touren stehen GPS-Daten zum Download bereit.Das vorgestellte Gebiet umfasst die Talschaften Churer Rheintal, Schanfigg, Lenzerheide, Albulatal, Domleschg\/Heinzenberg, Oberhalbstein, Schams, Rheinwald und Misox.<\/span><\/p>\n<p>4., aktualisierte Auflage 2022<br \/>\n144 Seiten, 50 H\u00f6henprofile, 50 Wanderk\u00e4rtchen im Ma\u00dfstab 1:50.000 und 1:100.000, zwei \u00dcbersichtskarten im Ma\u00dfstab 1:650.000 und 1:800.000<\/p>","protected":false},"excerpt":{"rendered":"<p>Mittelb\u00fcnden \u2013 zwischen Churer Rheintal und Misox Vom vergletscherten Alpenhauptkamm bis zu mediterranen Weinbergen \u2013 die Talschaften Graub\u00fcndens, vom Churer Rheintal bis zum Misox, sind prachtvolle Wandergebiete. Urspr\u00fcngliche, wildromantische Berglandschaften warten auf ihre Entdeckung. Der Rother Wanderf\u00fchrer \u00bbChur \u2013 Hinterrhein\u00ab stellt 50 abwechslungsreiche Touren vor.Die Auswahl reicht von gem\u00fctlichen Kulturwanderungen im Tal \u00fcber H\u00fctten- und [&#8230;]\n","protected":false},"featured_media":164193,"template":"","meta":[],"product_brand":[],"product_cat":[21605],"product_tag":[],"class_list":{"0":"post-153175","1":"product","2":"type-product","3":"status-publish","4":"has-post-thumbnail","6":"product_cat-wanderfuehrer-trekking","7":"pa_autor-weiss","8":"pa_erscheinungsjahr-27013","9":"pa_region-schweiz","10":"pa_sprache-de","12":"first","13":"instock","14":"taxable","15":"shipping-taxable","16":"purchasable","17":"product-type-simple"},"_links":{"self":[{"href":"https:\/\/pizbube.ch\/en\/wp-json\/wp\/v2\/product\/153175","targetHints":{"allow":["GET"]}}],"collection":[{"href":"https:\/\/pizbube.ch\/en\/wp-json\/wp\/v2\/product"}],"about":[{"href":"https:\/\/pizbube.ch\/en\/wp-json\/wp\/v2\/types\/product"}],"wp:featuredmedia":[{"embeddable":true,"href":"https:\/\/pizbube.ch\/en\/wp-json\/wp\/v2\/media\/164193"}],"wp:attachment":[{"href":"https:\/\/pizbube.ch\/en\/wp-json\/wp\/v2\/media?parent=153175"}],"wp:term":[{"taxonomy":"product_brand","embeddable":true,"href":"https:\/\/pizbube.ch\/en\/wp-json\/wp\/v2\/product_brand?post=153175"},{"taxonomy":"product_cat","embeddable":true,"href":"https:\/\/pizbube.ch\/en\/wp-json\/wp\/v2\/product_cat?post=153175"},{"taxonomy":"product_tag","embeddable":true,"href":"https:\/\/pizbube.ch\/en\/wp-json\/wp\/v2\/product_tag?post=153175"}],"curies":[{"name":"wp","href":"https:\/\/api.w.org\/{rel}","templated":true}]}}