{"id":153176,"date":"2021-01-15T12:35:22","date_gmt":"2021-01-15T12:35:22","guid":{"rendered":"https:\/\/codengine3.ch\/?product=import-placeholder-for-208247"},"modified":"2021-04-07T10:23:10","modified_gmt":"2021-04-07T08:23:10","slug":"via-sett","status":"publish","type":"product","link":"https:\/\/pizbube.ch\/en\/shop\/via-sett\/","title":{"rendered":"Via Sett"},"content":{"rendered":"<p>Von Alpenstadt zu Alpenstadt. Kultur- und Weitwanderweg von Chur \u00fcber den Septimer nach Ciavenna<\/p>\n<p>Die Via Sett f\u00fchrt in sieben Etappen von Chur auf die Lenzerheide, durchs Surses nach Bivio und u\u0308ber den Septimer ins Bergell nach Chiavenna.<br \/>\nBereits in der Ro\u0308merzeit war der Septimer einer der bedeutendsten Alpenu\u0308berga\u0308nge. Im Mittelalter bescherte der Pass dem Bischof von Chur Reichtum. K\u00f6nige, Heere, Pilger und H\u00e4ndler \u00fcberquerten die Alpen via Septimer.<\/p>\n<p>Dieser Wanderfu\u0308hrer enth\u00e4lt neben Informationen zur Geschichte und Gegenwart der Septimerroute einen umfangreichen Serviceteil. Hintergrundberichte von Fachleuten, unter anderem zur historischen Bedeutung des Septimers oder zu den drei Sprach- und Kulturra\u0308umen, bieten fundierte Einblicke.<\/p>\n<p>Zu entdecken gibt es vieles, darunter die Altst\u00e4dte von Chur und Chiavenna, die Klosterkirche Churwalden, den Parc Ela \u2013 der gr\u00f6sste Naturpark der Schweiz mit dem sonnenverw\u00f6hnten Hochtal Surses, einst Wirkungsst\u00e4tte von Giovanni Segantini. Im Bergell das historische Passdorf Casaccia, das Atelier von Giovanni Giacometti in Stampa oder die r\u00f6mische Talsperre \u00abM\u00fcraia\u00bb bei Promontogno. Spektakul\u00e4r sind die tosenden Wasserf\u00e4lle von Acquafraggia und die Gletscherm\u00fchlen im Park \u00abMarmitte dei Giganti\u00bb bei Chiavenna.<br \/>\nOb luftgetrocknetes B\u00fcndnerfleisch im Churwaldnertal, eine soppa da giotta im Surses oder ein St\u00fcck Mascarplin im Bergell, die Via Sett bietet auch kulinarische H\u00f6hepunkte.<\/p>\n<p>Umfang: 192 Seiten<br \/>\nFormat: 18,40 x 12 cm<br \/>\nEinband: Paperback<\/p>","protected":false},"excerpt":{"rendered":"<p>Von Alpenstadt zu Alpenstadt. Kultur- und Weitwanderweg von Chur \u00fcber den Septimer nach Ciavenna Die Via Sett f\u00fchrt in sieben Etappen von Chur auf die Lenzerheide, durchs Surses nach Bivio und u\u0308ber den Septimer ins Bergell nach Chiavenna. Bereits in der Ro\u0308merzeit war der Septimer einer der bedeutendsten Alpenu\u0308berga\u0308nge. Im Mittelalter bescherte der Pass dem [&#8230;]\n","protected":false},"featured_media":156757,"template":"","meta":[],"product_brand":[],"product_cat":[21605],"product_tag":[],"class_list":{"0":"post-153176","1":"product","2":"type-product","3":"status-publish","4":"has-post-thumbnail","6":"product_cat-wanderfuehrer-trekking","7":"pa_autor-schuler","8":"pa_erscheinungsjahr-21558","9":"pa_region-schweiz","10":"pa_sprache-de","12":"first","13":"instock","14":"taxable","15":"shipping-taxable","16":"purchasable","17":"product-type-simple"},"_links":{"self":[{"href":"https:\/\/pizbube.ch\/en\/wp-json\/wp\/v2\/product\/153176","targetHints":{"allow":["GET"]}}],"collection":[{"href":"https:\/\/pizbube.ch\/en\/wp-json\/wp\/v2\/product"}],"about":[{"href":"https:\/\/pizbube.ch\/en\/wp-json\/wp\/v2\/types\/product"}],"wp:featuredmedia":[{"embeddable":true,"href":"https:\/\/pizbube.ch\/en\/wp-json\/wp\/v2\/media\/156757"}],"wp:attachment":[{"href":"https:\/\/pizbube.ch\/en\/wp-json\/wp\/v2\/media?parent=153176"}],"wp:term":[{"taxonomy":"product_brand","embeddable":true,"href":"https:\/\/pizbube.ch\/en\/wp-json\/wp\/v2\/product_brand?post=153176"},{"taxonomy":"product_cat","embeddable":true,"href":"https:\/\/pizbube.ch\/en\/wp-json\/wp\/v2\/product_cat?post=153176"},{"taxonomy":"product_tag","embeddable":true,"href":"https:\/\/pizbube.ch\/en\/wp-json\/wp\/v2\/product_tag?post=153176"}],"curies":[{"name":"wp","href":"https:\/\/api.w.org\/{rel}","templated":true}]}}