{"id":153179,"date":"2021-01-15T12:35:22","date_gmt":"2021-01-15T12:35:22","guid":{"rendered":"https:\/\/codengine3.ch\/?product=import-placeholder-for-202621"},"modified":"2021-08-10T09:31:14","modified_gmt":"2021-08-10T07:31:14","slug":"pyrenaeen-1","status":"publish","type":"product","link":"https:\/\/pizbube.ch\/en\/shop\/pyrenaeen-1\/","title":{"rendered":"Pyren\u00e4en 1"},"content":{"rendered":"<p>Spanische Zentralpyren\u00e4en: Panticosa bis Benasque.<\/p>\n<p>Die spanischen Zentralpyren\u00e4en der Provinz Huesca bilden die wohl<br \/>\nvielseitigste Berg- und Tallandschaft der gesamten Pyren\u00e4en. Herzst\u00fcck der<br \/>\nWanderregion ist der Nationalpark Ordesa y Monte Perdido, der 1997 von der<br \/>\nUNESCO in die Liste des Weltkulturerbes aufgenommen wurde. Er bietet dem<br \/>\nWanderer eine enorme F\u00fclle eindringlicher Naturbilder mit gro\u00dfartigen<br \/>\nCanyont\u00e4lern und Bergkesseln, direkt neben blumen\u00fcbers\u00e4ten Hochplateaus,<br \/>\nsanften Bergz\u00fcgen und den wild verformten Kalkmassen der Dreitausender mit dem<br \/>\nMonte Perdido als herausragendem Gipfelziel. Nicht weniger faszinierend und<br \/>\nabwechslungsreich zeigen sich die benachbarten T\u00e4ler um Benasque und<br \/>\nPanticosa. Unz\u00e4hlige Bergseen, m\u00e4chtige Granitgipfel, bizarre Kalkketten und<br \/>\nromantische Hochweiden bestimmen die Szenerie. Und nat\u00fcrlich un\u00fcbersehbar: das<br \/>\nGletschermassiv der Maladeta im Naturpark Posets-Maladeta mit dem Pico de<br \/>\nAneto als h\u00f6chstem Gipfel der gesamten Pyren\u00e4en.<\/p>\n<p>Der Landschaftsvielfalt entsprechen die vielseitigen reizvollen<br \/>\nWanderm\u00f6glichkeiten: Einsame Talwege, sportliche Gipfelbesteigungen,<br \/>\naussichtsreiche Saumpfade, luftige Gesimsb\u00e4nder und imposante Canyontouren<br \/>\nladen zur Entdeckung und zum Genuss einer Bergwelt ein, die vom<br \/>\nMassentourismus und seinen Auswirkungen noch weitgehend verschont geblieben<br \/>\nist. In 51 Routen bietet dieser Rother Wanderf\u00fchrer eine Auswahl, die den<br \/>\nFacetten der einmaligen Landschaft gerecht wird und die unterschiedlichen<br \/>\nBed\u00fcrfnisse und Leistungsanspr\u00fcche der Wanderer ber\u00fccksichtigt.<\/p>\n<p>5. Auflage 2020<br \/>\n232 Seiten mit 122 Farbabbildungen<br \/>\n80 H\u00f6henprofile, 80 Wanderk\u00e4rtchen im Ma\u00dfstab 1:25.000 bis 1:75.000, zwei \u00dcbersichtskarten<br \/>\nFormat 11,5 x 16,5 cm<br \/>\nkartoniert mit Polytex-Laminierung<\/p>","protected":false},"excerpt":{"rendered":"<ul>\n<li><a href=\"https:\/\/pizbube.ch\/wp-content\/uploads\/attachments\/a_031\/EE9DF4AFDD2B6096D294AE6714AD5A99.pdf\" target=\"_blank\" rel=\"noopener\">PDF: pyren\u00e4en 1_inhalt.pdf<\/a><\/li>\n<\/ul>","protected":false},"featured_media":158319,"template":"","meta":[],"product_brand":[],"product_cat":[21605],"product_tag":[],"class_list":{"0":"post-153179","1":"product","2":"type-product","3":"status-publish","4":"has-post-thumbnail","6":"product_cat-wanderfuehrer-trekking","7":"pa_autor-buedeler","8":"pa_erscheinungsjahr-21558","9":"pa_region-spanien","10":"pa_sprache-de","12":"first","13":"instock","14":"taxable","15":"shipping-taxable","16":"purchasable","17":"product-type-simple"},"_links":{"self":[{"href":"https:\/\/pizbube.ch\/en\/wp-json\/wp\/v2\/product\/153179","targetHints":{"allow":["GET"]}}],"collection":[{"href":"https:\/\/pizbube.ch\/en\/wp-json\/wp\/v2\/product"}],"about":[{"href":"https:\/\/pizbube.ch\/en\/wp-json\/wp\/v2\/types\/product"}],"wp:featuredmedia":[{"embeddable":true,"href":"https:\/\/pizbube.ch\/en\/wp-json\/wp\/v2\/media\/158319"}],"wp:attachment":[{"href":"https:\/\/pizbube.ch\/en\/wp-json\/wp\/v2\/media?parent=153179"}],"wp:term":[{"taxonomy":"product_brand","embeddable":true,"href":"https:\/\/pizbube.ch\/en\/wp-json\/wp\/v2\/product_brand?post=153179"},{"taxonomy":"product_cat","embeddable":true,"href":"https:\/\/pizbube.ch\/en\/wp-json\/wp\/v2\/product_cat?post=153179"},{"taxonomy":"product_tag","embeddable":true,"href":"https:\/\/pizbube.ch\/en\/wp-json\/wp\/v2\/product_tag?post=153179"}],"curies":[{"name":"wp","href":"https:\/\/api.w.org\/{rel}","templated":true}]}}