{"id":153181,"date":"2021-01-15T12:35:22","date_gmt":"2021-01-15T12:35:22","guid":{"rendered":"https:\/\/codengine3.ch\/?product=import-placeholder-for-205763"},"modified":"2021-01-15T14:43:42","modified_gmt":"2021-01-15T14:43:42","slug":"spanien-pyrenaeenweg-gr-11","status":"publish","type":"product","link":"https:\/\/pizbube.ch\/en\/shop\/spanien-pyrenaeenweg-gr-11\/","title":{"rendered":"Spanien: Pyren\u00e4enweg &#8211; GR 11"},"content":{"rendered":"<p>Die Wegbeschreibung beginnt in Cap de Creus direkt an spanischen<br \/>\nMittelmeerk\u00fcste und endet nach 780 km Wegstrecke im idyllischen Fuenterrabia<br \/>\nan der spanischen Atlantikk\u00fcste. Der Fernwanderweg GR 11 f\u00fchrt durch die<br \/>\neinsamen und weniger bekannten, aber reizvollen Wandergebiete Kataloniens,<br \/>\nNavarras und des Baskenlandes sowie durch die bekannten und gut erschlossenen<br \/>\nZentralpyren\u00e4en in Arag\u00f3n und Andorra.<\/p>\n<p>Der wei\u00df-rot markierte GR 11 passiert immer wieder h\u00fcbsche Orte, malerische<br \/>\nBergd\u00f6rfer oder f\u00fchrt zu beeindruckend gelegenen Bergh\u00fctten (Refugios). Somit<br \/>\nbietet dieser Wanderweg faszinierende Gebirgslandschaften, spanische Lebensart<br \/>\nund gesellige H\u00fcttenabende.  <\/p>\n<p>4. Auflage 2012, 192 Seiten, 24 Karten, 40 farbige Abbildungen, 23 farbige<br \/>\nH\u00f6henprofile  <\/p>","protected":false},"excerpt":{"rendered":"<ul>\n<li><b>INFO: Neuauflage laut Verlag 06\/2020<b><\/li>\n<\/ul>","protected":false},"featured_media":34581,"template":"","meta":[],"product_brand":[],"product_cat":[21605],"product_tag":[],"class_list":{"0":"post-153181","1":"product","2":"type-product","3":"status-publish","4":"has-post-thumbnail","6":"product_cat-wanderfuehrer-trekking","7":"pa_autor-stahn-ziehsler","8":"pa_erscheinungsjahr-21621","9":"pa_region-spanien","10":"pa_sprache-de","12":"first","13":"outofstock","14":"taxable","15":"shipping-taxable","16":"purchasable","17":"product-type-simple"},"_links":{"self":[{"href":"https:\/\/pizbube.ch\/en\/wp-json\/wp\/v2\/product\/153181","targetHints":{"allow":["GET"]}}],"collection":[{"href":"https:\/\/pizbube.ch\/en\/wp-json\/wp\/v2\/product"}],"about":[{"href":"https:\/\/pizbube.ch\/en\/wp-json\/wp\/v2\/types\/product"}],"wp:featuredmedia":[{"embeddable":true,"href":"https:\/\/pizbube.ch\/en\/wp-json\/wp\/v2\/media\/34581"}],"wp:attachment":[{"href":"https:\/\/pizbube.ch\/en\/wp-json\/wp\/v2\/media?parent=153181"}],"wp:term":[{"taxonomy":"product_brand","embeddable":true,"href":"https:\/\/pizbube.ch\/en\/wp-json\/wp\/v2\/product_brand?post=153181"},{"taxonomy":"product_cat","embeddable":true,"href":"https:\/\/pizbube.ch\/en\/wp-json\/wp\/v2\/product_cat?post=153181"},{"taxonomy":"product_tag","embeddable":true,"href":"https:\/\/pizbube.ch\/en\/wp-json\/wp\/v2\/product_tag?post=153181"}],"curies":[{"name":"wp","href":"https:\/\/api.w.org\/{rel}","templated":true}]}}