{"id":153184,"date":"2021-01-15T12:35:23","date_gmt":"2021-01-15T12:35:23","guid":{"rendered":"https:\/\/codengine3.ch\/?product=import-placeholder-for-204566"},"modified":"2024-08-14T17:29:02","modified_gmt":"2024-08-14T15:29:02","slug":"gr-11-senda-pirenaica-24-maps-150000","status":"publish","type":"product","link":"https:\/\/pizbube.ch\/en\/shop\/gr-11-senda-pirenaica-24-maps-150000\/","title":{"rendered":"GR 11 &#8211; Senda Pirenaica 24 maps 1:50&#8217;000"},"content":{"rendered":"<p>GR 11: from the Atlantic to the Mediterranean.<br \/>\nThe set consists of 21 1:50,000 topographic maps, including the 43 stages of<br \/>\nGR 11.<\/p>\n<p>The Stage profiles give average walking times, distances and ascent\/descent,<br \/>\nlocation of refuges, campsites and hotels.<\/p>\n<p>2nd edition 2020<\/p>\n<p>Cartograf\u00eda completa del GR 11: desde el Atl\u00e1ntico hasta el Mediterr\u00e1neo.<br \/>\nEl producto se compone de 21 mapas topogr\u00e1ficos a escala 1: 50.000, que<br \/>\nincluyen las 43 etapas del GR 11, con la ficha t\u00e9cnica y de cada tramo,<br \/>\nconsiderando los dos posibles sentidos de la traves\u00eda, y con perfiles<br \/>\nparciales de cada etapa.<\/p>\n<p>2. Auflage 2020<\/p>","protected":false},"excerpt":{"rendered":"<p>GR 11: from the Atlantic to the Mediterranean. The set consists of 21 1:50,000 topographic maps, including the 43 stages of GR 11. The Stage profiles give average walking times, distances and ascent\/descent, location of refuges, campsites and hotels. 2nd edition 2020 Cartograf\u00eda completa del GR 11: desde el Atl\u00e1ntico hasta el Mediterr\u00e1neo. El producto [&#8230;]\n","protected":false},"featured_media":161275,"template":"","meta":[],"product_brand":[],"product_cat":[21543],"product_tag":[],"class_list":{"0":"post-153184","1":"product","2":"type-product","3":"status-publish","4":"has-post-thumbnail","6":"product_cat-landkarten","7":"pa_autor-alpina","8":"pa_erscheinungsjahr-21558","9":"pa_region-spanien","10":"pa_sprache-es-en-fr-2","12":"first","13":"instock","14":"taxable","15":"shipping-taxable","16":"purchasable","17":"product-type-simple"},"_links":{"self":[{"href":"https:\/\/pizbube.ch\/en\/wp-json\/wp\/v2\/product\/153184","targetHints":{"allow":["GET"]}}],"collection":[{"href":"https:\/\/pizbube.ch\/en\/wp-json\/wp\/v2\/product"}],"about":[{"href":"https:\/\/pizbube.ch\/en\/wp-json\/wp\/v2\/types\/product"}],"wp:featuredmedia":[{"embeddable":true,"href":"https:\/\/pizbube.ch\/en\/wp-json\/wp\/v2\/media\/161275"}],"wp:attachment":[{"href":"https:\/\/pizbube.ch\/en\/wp-json\/wp\/v2\/media?parent=153184"}],"wp:term":[{"taxonomy":"product_brand","embeddable":true,"href":"https:\/\/pizbube.ch\/en\/wp-json\/wp\/v2\/product_brand?post=153184"},{"taxonomy":"product_cat","embeddable":true,"href":"https:\/\/pizbube.ch\/en\/wp-json\/wp\/v2\/product_cat?post=153184"},{"taxonomy":"product_tag","embeddable":true,"href":"https:\/\/pizbube.ch\/en\/wp-json\/wp\/v2\/product_tag?post=153184"}],"curies":[{"name":"wp","href":"https:\/\/api.w.org\/{rel}","templated":true}]}}