{"id":153188,"date":"2021-01-15T12:35:29","date_gmt":"2021-01-15T12:35:29","guid":{"rendered":"https:\/\/codengine3.ch\/?product=import-placeholder-for-202346"},"modified":"2021-01-15T12:35:32","modified_gmt":"2021-01-15T12:35:32","slug":"gipfeltraeume","status":"publish","type":"product","link":"https:\/\/pizbube.ch\/en\/shop\/gipfeltraeume\/","title":{"rendered":"Gipfeltr\u00e4ume"},"content":{"rendered":"<p>Es sind die Achttausender, die sie immer wieder in den Bann gezogen haben. Die<br \/>\nbeiden Gipfelst\u00fcrmer aus Dresden erz\u00e4hlen von ihren Erlebnissen an den<br \/>\nh\u00f6chsten Bergen der Welt. Einzigartige Bilder lassen die Sucht verstehen, den<br \/>\nH\u00f6henrausch zu erleben!<\/p>","protected":false},"excerpt":{"rendered":"<p>Es sind die Achttausender, die sie immer wieder in den Bann gezogen haben. Die beiden Gipfelst\u00fcrmer aus Dresden erz\u00e4hlen von ihren Erlebnissen an den h\u00f6chsten Bergen der Welt. Einzigartige Bilder lassen die Sucht verstehen, den H\u00f6henrausch zu erleben!<\/p>","protected":false},"featured_media":29726,"template":"","meta":[],"product_brand":[],"product_cat":[21542],"product_tag":[],"class_list":{"0":"post-153188","1":"product","2":"type-product","3":"status-publish","4":"has-post-thumbnail","6":"product_cat-sachbuecher-dokumentationen","7":"pa_autor-meutzner-wiegand","8":"pa_erscheinungsjahr-22242","9":"pa_region-asien","10":"pa_sprache-de","12":"first","13":"instock","14":"taxable","15":"shipping-taxable","16":"purchasable","17":"product-type-simple"},"_links":{"self":[{"href":"https:\/\/pizbube.ch\/en\/wp-json\/wp\/v2\/product\/153188","targetHints":{"allow":["GET"]}}],"collection":[{"href":"https:\/\/pizbube.ch\/en\/wp-json\/wp\/v2\/product"}],"about":[{"href":"https:\/\/pizbube.ch\/en\/wp-json\/wp\/v2\/types\/product"}],"wp:featuredmedia":[{"embeddable":true,"href":"https:\/\/pizbube.ch\/en\/wp-json\/wp\/v2\/media\/29726"}],"wp:attachment":[{"href":"https:\/\/pizbube.ch\/en\/wp-json\/wp\/v2\/media?parent=153188"}],"wp:term":[{"taxonomy":"product_brand","embeddable":true,"href":"https:\/\/pizbube.ch\/en\/wp-json\/wp\/v2\/product_brand?post=153188"},{"taxonomy":"product_cat","embeddable":true,"href":"https:\/\/pizbube.ch\/en\/wp-json\/wp\/v2\/product_cat?post=153188"},{"taxonomy":"product_tag","embeddable":true,"href":"https:\/\/pizbube.ch\/en\/wp-json\/wp\/v2\/product_tag?post=153188"}],"curies":[{"name":"wp","href":"https:\/\/api.w.org\/{rel}","templated":true}]}}