{"id":153190,"date":"2021-01-15T12:35:30","date_gmt":"2021-01-15T12:35:30","guid":{"rendered":"https:\/\/codengine3.ch\/?product=import-placeholder-for-206005"},"modified":"2021-01-15T14:45:39","modified_gmt":"2021-01-15T14:45:39","slug":"sicher-klettern","status":"publish","type":"product","link":"https:\/\/pizbube.ch\/en\/shop\/sicher-klettern\/","title":{"rendered":"Sicher klettern"},"content":{"rendered":"<p>Das Praxisbuch f\u00fcr den Einstieg ins Felsklettern.<br \/>\nAlle wichtigen Grundlagen des Felskletterns werden anschaulich und umfassend<br \/>\nerkl\u00e4rt. So gelingt dem Anf\u00e4nger der Einstieg in diesen faszinierenden Sport,<br \/>\naber auch dem Fortgeschrittenen werden viele offene Fragen beantwortet.<br \/>\nPraktische Tipps und Anregungen helfen im Kletteralltag genauso wie die<br \/>\nwichtigen Hinweise f\u00fcr das Verhalten in schwierigen Situationen.<br \/>\nKlettern ist ein sehr vielseitiger Sport &#8211; darin liegt seine Faszination. Zum<br \/>\nKlettern braucht man Beweglichkeit, Kraft, Koordination, Ausdauer und<br \/>\nKonzentrationsf\u00e4higkeit, dazu kommen je nach Kletterregion Schwindelfreiheit<br \/>\nund die richtige Einsch\u00e4tzung von Witterungseinfl\u00fcssen. Ein guter Kletterer<br \/>\nmuss au\u00dferdem \u00fcber theoretische und praktische Kenntnisse im Umgang mit der<br \/>\nAusr\u00fcstung verf\u00fcgen und diverse Sicherungstechniken beherrschen. All dies<br \/>\nl\u00e4sst sich erlernen und trainieren.  <\/p>\n<p>&#8218;Sicher klettern&#8216; vermittelt anschaulich und umfassend alle wichtigen<br \/>\nGrundlagen des Felskletterns. Es bietet dem Anf\u00e4nger einen guten Einstieg in<br \/>\nden Sport und beantwortet dem Fortgeschrittenen viele offene Fragen.<br \/>\nKlettertechniken, richtiges Sichern und der Umgang mit dem Seil werden<br \/>\nbeschrieben und mit zahlreichen animierenden Fotos und mehrfarbigen Grafiken<br \/>\nausf\u00fchrlich erkl\u00e4rt. Immer wieder steht dabei das Thema Sicherheit im<br \/>\nMittelpunkt. Viele praktische Tipps und Anregungen helfen im Kletteralltag<br \/>\ngenauso wie die wichtigen Hinweise f\u00fcr das Verhalten in schwierigen<br \/>\nSituationen. Das optimale Praxisbuch f\u00fcr den Kletter-Fan!<br \/>\nFarb. Fotos, Abb. 192 S.  <\/p>","protected":false},"excerpt":{"rendered":"<p>Das Praxisbuch f\u00fcr den Einstieg ins Felsklettern. Alle wichtigen Grundlagen des Felskletterns werden anschaulich und umfassend erkl\u00e4rt. So gelingt dem Anf\u00e4nger der Einstieg in diesen faszinierenden Sport, aber auch dem Fortgeschrittenen werden viele offene Fragen beantwortet. Praktische Tipps und Anregungen helfen im Kletteralltag genauso wie die wichtigen Hinweise f\u00fcr das Verhalten in schwierigen Situationen. Klettern [&#8230;]\n","protected":false},"featured_media":34887,"template":"","meta":[],"product_brand":[],"product_cat":[21538],"product_tag":[],"class_list":{"0":"post-153190","1":"product","2":"type-product","3":"status-publish","4":"has-post-thumbnail","6":"product_cat-lehrbuecher","7":"pa_autor-long","8":"pa_erscheinungsjahr-21830","9":"pa_region-klettertechnik","10":"pa_sprache-de","12":"first","13":"instock","14":"taxable","15":"shipping-taxable","16":"purchasable","17":"product-type-simple"},"_links":{"self":[{"href":"https:\/\/pizbube.ch\/en\/wp-json\/wp\/v2\/product\/153190","targetHints":{"allow":["GET"]}}],"collection":[{"href":"https:\/\/pizbube.ch\/en\/wp-json\/wp\/v2\/product"}],"about":[{"href":"https:\/\/pizbube.ch\/en\/wp-json\/wp\/v2\/types\/product"}],"wp:featuredmedia":[{"embeddable":true,"href":"https:\/\/pizbube.ch\/en\/wp-json\/wp\/v2\/media\/34887"}],"wp:attachment":[{"href":"https:\/\/pizbube.ch\/en\/wp-json\/wp\/v2\/media?parent=153190"}],"wp:term":[{"taxonomy":"product_brand","embeddable":true,"href":"https:\/\/pizbube.ch\/en\/wp-json\/wp\/v2\/product_brand?post=153190"},{"taxonomy":"product_cat","embeddable":true,"href":"https:\/\/pizbube.ch\/en\/wp-json\/wp\/v2\/product_cat?post=153190"},{"taxonomy":"product_tag","embeddable":true,"href":"https:\/\/pizbube.ch\/en\/wp-json\/wp\/v2\/product_tag?post=153190"}],"curies":[{"name":"wp","href":"https:\/\/api.w.org\/{rel}","templated":true}]}}