{"id":153191,"date":"2021-01-15T12:35:30","date_gmt":"2021-01-15T12:35:30","guid":{"rendered":"https:\/\/codengine3.ch\/?product=import-placeholder-for-207085"},"modified":"2026-02-13T10:24:49","modified_gmt":"2026-02-13T09:24:49","slug":"technik-und-taktik-plaisir-und-alpinklettern","status":"publish","type":"product","link":"https:\/\/pizbube.ch\/en\/shop\/technik-und-taktik-plaisir-und-alpinklettern\/","title":{"rendered":"Technik und Taktik Plaisir- und Alpinklettern"},"content":{"rendered":"<p>Bouldern, Klettern in der Halle und im Klettergarten, Mehrseil\u00adl\u00e4ngenrouten im Plaisirbereich und solche, die selber abgesichert werden m\u00fcssen. Dieses reich illustrierte Lehrbuch zeigt, was Sie f\u00fcr alle diese Spiel\u00adarten des Kletterns wissen m\u00fcssen.<\/p>\n<p>Es richtet sich an Einsteiger so\u00adwie Fortgeschrittene, die sicher und mit Spass kletternd unterwegs sein wollen. Die Autoren wissen von ihrer T\u00e4tigkeit als Bergf\u00fchrer und Gutachter bei Kletterunf\u00e4llen, worauf es ankommt. Sie stellen klar und verst\u00e4ndlich nur das n\u00f6tige Wissen vor, ohne den Leser mit zu vielen Varianten zu belasten.<\/p>\n<p>4-farbig, 88 Seiten<\/p>","protected":false},"excerpt":{"rendered":"<p>Bouldern, Klettern in der Halle und im Klettergarten, Mehrseil\u00adl\u00e4ngenrouten im Plaisirbereich und solche, die selber abgesichert werden m\u00fcssen. Dieses reich illustrierte Lehrbuch zeigt, was Sie f\u00fcr alle diese Spiel\u00adarten des Kletterns wissen m\u00fcssen. Es richtet sich an Einsteiger so\u00adwie Fortgeschrittene, die sicher und mit Spass kletternd unterwegs sein wollen. Die Autoren wissen von ihrer T\u00e4tigkeit [&#8230;]\n","protected":false},"featured_media":183176,"template":"","meta":[],"product_brand":[],"product_cat":[21538],"product_tag":[],"class_list":{"0":"post-153191","1":"product","2":"type-product","3":"status-publish","4":"has-post-thumbnail","6":"product_cat-lehrbuecher","7":"pa_autor-silbernagel-wicky-wassermann","8":"pa_erscheinungsjahr-21621","9":"pa_region-klettertechnik","10":"pa_sprache-de","12":"first","13":"instock","14":"taxable","15":"shipping-taxable","16":"purchasable","17":"product-type-simple"},"_links":{"self":[{"href":"https:\/\/pizbube.ch\/en\/wp-json\/wp\/v2\/product\/153191","targetHints":{"allow":["GET"]}}],"collection":[{"href":"https:\/\/pizbube.ch\/en\/wp-json\/wp\/v2\/product"}],"about":[{"href":"https:\/\/pizbube.ch\/en\/wp-json\/wp\/v2\/types\/product"}],"wp:featuredmedia":[{"embeddable":true,"href":"https:\/\/pizbube.ch\/en\/wp-json\/wp\/v2\/media\/183176"}],"wp:attachment":[{"href":"https:\/\/pizbube.ch\/en\/wp-json\/wp\/v2\/media?parent=153191"}],"wp:term":[{"taxonomy":"product_brand","embeddable":true,"href":"https:\/\/pizbube.ch\/en\/wp-json\/wp\/v2\/product_brand?post=153191"},{"taxonomy":"product_cat","embeddable":true,"href":"https:\/\/pizbube.ch\/en\/wp-json\/wp\/v2\/product_cat?post=153191"},{"taxonomy":"product_tag","embeddable":true,"href":"https:\/\/pizbube.ch\/en\/wp-json\/wp\/v2\/product_tag?post=153191"}],"curies":[{"name":"wp","href":"https:\/\/api.w.org\/{rel}","templated":true}]}}